{"id":805,"date":"2023-09-28T11:23:37","date_gmt":"2023-09-28T11:23:37","guid":{"rendered":"https:\/\/schweiz-vignette.ch\/?page_id=805"},"modified":"2023-09-28T16:03:19","modified_gmt":"2023-09-28T16:03:19","slug":"widerruf","status":"publish","type":"page","link":"https:\/\/schweiz-vignette.ch\/cs\/odvolani\/","title":{"rendered":"Odvol\u00e1n\u00ed"},"content":{"rendered":"<div data-elementor-type=\"wp-page\" data-elementor-id=\"805\" class=\"elementor elementor-805\" data-elementor-post-type=\"page\">\n\t\t\t\t\t\t<section class=\"elementor-section elementor-top-section elementor-element elementor-element-af3173c elementor-section-boxed elementor-section-height-default elementor-section-height-default\" data-id=\"af3173c\" data-element_type=\"section\" data-settings=\"{&quot;background_background&quot;:&quot;classic&quot;}\">\n\t\t\t\t\t\t\t<div class=\"elementor-background-overlay\"><\/div>\n\t\t\t\t\t\t\t<div class=\"elementor-container elementor-column-gap-default\">\n\t\t\t\t\t<div class=\"elementor-column elementor-col-100 elementor-top-column elementor-element elementor-element-69d08b0\" data-id=\"69d08b0\" data-element_type=\"column\">\n\t\t\t<div class=\"elementor-widget-wrap elementor-element-populated\">\n\t\t\t\t\t\t<div class=\"elementor-element elementor-element-269b57c elementor-widget elementor-widget-heading\" data-id=\"269b57c\" data-element_type=\"widget\" data-widget_type=\"heading.default\">\n\t\t\t\t<div class=\"elementor-widget-container\">\n\t\t\t\t\t<h1 class=\"elementor-heading-title elementor-size-default\">Pr\u00e1vo na odstoupen\u00ed od smlouvy<\/h1>\t\t\t\t<\/div>\n\t\t\t\t<\/div>\n\t\t\t\t\t<\/div>\n\t\t<\/div>\n\t\t\t\t\t<\/div>\n\t\t<\/section>\n\t\t\t\t<section class=\"elementor-section elementor-top-section elementor-element elementor-element-cf8d447 elementor-section-boxed elementor-section-height-default elementor-section-height-default\" data-id=\"cf8d447\" data-element_type=\"section\">\n\t\t\t\t\t\t<div class=\"elementor-container elementor-column-gap-default\">\n\t\t\t\t\t<div class=\"elementor-column elementor-col-100 elementor-top-column elementor-element elementor-element-c93ecda\" data-id=\"c93ecda\" data-element_type=\"column\">\n\t\t\t<div class=\"elementor-widget-wrap elementor-element-populated\">\n\t\t\t\t\t\t<div class=\"elementor-element elementor-element-6b1090d elementor-widget elementor-widget-text-editor\" data-id=\"6b1090d\" data-element_type=\"widget\" data-widget_type=\"text-editor.default\">\n\t\t\t\t<div class=\"elementor-widget-container\">\n\t\t\t\t\t\t\t\t\t<p><strong>Storno podm\u00ednky<\/strong><\/p><p>Podle \u00a7 13 n\u011bmeck\u00e9ho ob\u010dansk\u00e9ho z\u00e1kon\u00edku (BGB) maj\u00ed osoby ve smyslu tohoto z\u00e1kona p\u0159i uzav\u00edr\u00e1n\u00ed obchodu na d\u00e1lku z\u00e1konn\u00e9 pr\u00e1vo na odstoupen\u00ed od smlouvy, o kter\u00e9m spole\u010dnost Himmele Verwaltungs GmbH informuje v souladu se z\u00e1konn\u00fdmi po\u017eadavky:<\/p><p><em>Storno podm\u00ednky<\/em><\/p><p>Jako u\u017eivatel slu\u017eby m\u00e1te pr\u00e1vo od t\u00e9to smlouvy odstoupit do \u010dtrn\u00e1cti dn\u016f bez ud\u00e1n\u00ed d\u016fvodu. Lh\u016fta pro odstoupen\u00ed od smlouvy \u010din\u00ed \u010dtrn\u00e1ct dn\u00ed ode dne uzav\u0159en\u00ed smlouvy.<\/p><p>Chcete-li uplatnit sv\u00e9 pr\u00e1vo na odstoupen\u00ed od smlouvy, mus\u00edte n\u00e1s informovat o sv\u00e9m rozhodnut\u00ed odstoupit od t\u00e9to smlouvy prost\u0159ednictv\u00edm jasn\u00e9ho prohl\u00e1\u0161en\u00ed (nap\u0159. dopisem nebo e-mailem zaslan\u00fdm po\u0161tou). K tomuto \u00fa\u010delu m\u016f\u017eete pou\u017e\u00edt p\u0159ilo\u017een\u00fd vzorov\u00fd formul\u00e1\u0159 pro odstoupen\u00ed od smlouvy, kter\u00fd v\u0161ak nen\u00ed povinn\u00fd.<\/p><p><em>D\u016fsledky odvol\u00e1n\u00ed:<\/em><\/p><p>Pokud dojde ke skute\u010dn\u00e9mu zru\u0161en\u00ed, vr\u00e1t\u00edme v\u00e1m v\u0161echny platby, kter\u00e9 jsme od v\u00e1s obdr\u017eeli, v\u010detn\u011b n\u00e1klad\u016f na doru\u010den\u00ed. To se nevztahuje na n\u00e1klady, kter\u00e9 v\u00e1m vznikly dodate\u010dn\u011b, proto\u017ee jste si zvolili jin\u00fd typ doru\u010den\u00ed, ne\u017e je nejlevn\u011bj\u0161\u00ed standardn\u00ed doru\u010den\u00ed nab\u00edzen\u00e9 spole\u010dnost\u00ed Himmele Verwaltungs GmbH. Vr\u00e1cen\u00ed pen\u011bz spole\u010dnost\u00ed Himmele Verwaltungs GmbH bude provedeno neprodlen\u011b, nejpozd\u011bji do 14 dn\u016f po obdr\u017een\u00ed odstoupen\u00ed od smlouvy, a to stejn\u00fdm platebn\u00edm prost\u0159edkem, kter\u00fd jste pou\u017eili k platb\u011b, pokud s v\u00e1mi nebylo v\u00fdslovn\u011b dohodnuto n\u011bco jin\u00e9ho. Za tuto \u00fahradu v\u00e1m nebudou \u00fa\u010dtov\u00e1ny \u017e\u00e1dn\u00e9 poplatky.<\/p><p><em>N\u00e1hrada hodnoty:<\/em><\/p><p>Pokud jste n\u00e1s po\u017e\u00e1dali, abychom zah\u00e1jili poskytov\u00e1n\u00ed slu\u017eeb b\u011bhem lh\u016fty pro odstoupen\u00ed od smlouvy, zaplat\u00edte n\u00e1m p\u0159im\u011b\u0159enou \u010d\u00e1stku odpov\u00eddaj\u00edc\u00ed pom\u011bru ji\u017e poskytnut\u00fdch slu\u017eeb do okam\u017eiku, kdy n\u00e1m ozn\u00e1m\u00edte uplatn\u011bn\u00ed pr\u00e1va na odstoupen\u00ed od smlouvy, k celkov\u00e9mu rozsahu slu\u017eeb stanoven\u00fdch ve smlouv\u011b. V\u00fdpo\u010det n\u00e1hrady se prov\u00e1d\u00ed bankovn\u00ed metodou (ka\u017ed\u00fd m\u011bs\u00edc se po\u010d\u00edt\u00e1 na 30 dn\u00ed, ka\u017ed\u00fd rok na 360 dn\u00ed) pom\u011brn\u011b k cen\u011b slu\u017eby a uplynul\u00e9 dob\u011b platnosti.<\/p><p><em>Pr\u00e1vo spot\u0159ebitel\u016f na odstoupen\u00ed od smlouvy<\/em><\/p><p><em>P\u0159ed\u010dasn\u00e9 uplynut\u00ed pr\u00e1va na odstoupen\u00ed od smlouvy<\/em><\/p><p>Pr\u00e1vo na odstoupen\u00ed od smlouvy zanik\u00e1 i v p\u0159\u00edpad\u011b smlouvy o poskytov\u00e1n\u00ed slu\u017eeb, pokud obchodn\u00edk poskytl slu\u017ebu v pln\u00e9m rozsahu a za\u010dal ji poskytovat a\u017e pot\u00e9, co jste s t\u00edm jako spot\u0159ebitel v\u00fdslovn\u011b souhlasili a z\u00e1rove\u0148 potvrdili, \u017ee jste si v\u011bdomi toho, \u017ee pr\u00e1vo na odstoupen\u00ed od smlouvy ztr\u00e1c\u00edte, jakmile obchodn\u00edk smlouvu v pln\u00e9m rozsahu spln\u00ed. Podle judikatury Zemsk\u00e9ho soudu v Regensburgu (spisov\u00e1 zna\u010dka: \"1 HK O 1116\/22\" rozsudek ze dne 28. 3. 2023) se slu\u017eba, jak je pops\u00e1na v\u00fd\u0161e, pova\u017euje za zcela spln\u011bnou, jakmile poskytovatel slu\u017eby provede registraci registra\u010dn\u00edho \u010d\u00edsla u\u017eivatele slu\u017eby a potvrd\u00ed ji u\u017eivateli slu\u017eby. Pr\u00e1vo na odstoupen\u00ed od smlouvy v tomto p\u0159\u00edpad\u011b p\u0159ed\u010dasn\u011b zanik\u00e1.<\/p><p><em>- Ukon\u010den\u00ed storno podm\u00ednek -<\/em><\/p><p><em>Vzorov\u00fd formul\u00e1\u0159 pro zru\u0161en\u00ed<\/em><\/p><p>Pokud si p\u0159ejete smlouvu zru\u0161it, vypl\u0148te a vra\u0165te tento formul\u00e1\u0159.<\/p><p>Na adresu: Himmele Verwaltungs GmbH, Weststr. 30A, 8280 Kreuzlingen, CH<\/p><p>J\u00e1\/my (*) t\u00edmto odvol\u00e1v\u00e1m\/odvol\u00e1v\u00e1me smlouvu uzav\u0159enou mezi mnou\/n\u00e1mi (*) na poskytnut\u00ed n\u00e1sleduj\u00edc\u00ed slu\u017eby (\u010d\u00edslo objedn\u00e1vky*).<\/p><p>Objedn\u00e1no dne (*)\/p\u0159ijato dne (*)-<\/p><p>Jm\u00e9no u\u017eivatele slu\u017eby<\/p><p>Adresa u\u017eivatele slu\u017eby<\/p><p>Podpis u\u017eivatele slu\u017eby (pouze pro komunikaci v pap\u00edrov\u00e9 podob\u011b)<\/p><p>Datum<\/p><p>(*) Nehod\u00edc\u00ed se \u0161krtn\u011bte<\/p><p>V p\u0159\u00edpad\u011b neautorizovan\u00e9ho vr\u00e1cen\u00ed platby u\u017eivatelem slu\u017eby, nap\u0159\u00edklad zah\u00e1jen\u00edm sporu s poskytovatelem platebn\u00edch slu\u017eeb, obdr\u017e\u00ed u\u017eivatel slu\u017eby upom\u00ednku, kter\u00e1 bude obsahovat n\u00e1sleduj\u00edc\u00ed poplatky od p\u0159\u00edslu\u0161n\u00fdch poskytovatel\u016f platebn\u00edch slu\u017eeb: Mollie (zahrnuje poskytovatele plateb Giropay, Sofort\u00fcberweisung, iDEAL, EPS, \u00dcberweisung, Klarna) 5 \u20ac, Stripe (kreditn\u00ed karta) 15 \u20ac, Paypal 5 \u20ac.<\/p>\t\t\t\t\t\t\t\t<\/div>\n\t\t\t\t<\/div>\n\t\t\t\t\t<\/div>\n\t\t<\/div>\n\t\t\t\t\t<\/div>\n\t\t<\/section>\n\t\t\t\t<\/div>","protected":false},"excerpt":{"rendered":"<p>Widerrufsrecht Widerrufsbelehrung Gem\u00e4\u00df \u00a713 BGB haben Personen im Sinne dieses Gesetzes bei Abschluss eines Fernabsatzgesch\u00e4ftes grunds\u00e4tzlich ein gesetzliches Widerrufsrecht, \u00fcber welches die Himmele Verwaltungs GmbH entsprechend der gesetzlichen Vorgabe folgend informiert: Widerrufsbelehrung Sie als Dienstleistungsnutzer haben das Recht, binnen vierzehn Tagen ohne Angabe von Gr\u00fcnden diesen Vertrag zu widerrufen. Die Widerrufsfrist betr\u00e4gt vierzehn Tage ab [&hellip;]<\/p>","protected":false},"author":1,"featured_media":0,"parent":0,"menu_order":0,"comment_status":"closed","ping_status":"closed","template":"elementor_header_footer","meta":{"footnotes":""},"class_list":["post-805","page","type-page","status-publish","hentry"],"yoast_head":"<!-- This site is optimized with the Yoast SEO plugin v24.9 - https:\/\/yoast.com\/wordpress\/plugins\/seo\/ -->\n<title>Widerruf - Digitale Vignette Schweiz<\/title>\n<meta name=\"robots\" content=\"noindex, nofollow\" \/>\n<meta property=\"og:locale\" content=\"cs_CZ\" \/>\n<meta property=\"og:type\" content=\"article\" \/>\n<meta property=\"og:title\" content=\"Widerruf - Digitale Vignette Schweiz\" \/>\n<meta property=\"og:description\" content=\"Widerrufsrecht Widerrufsbelehrung Gem\u00e4\u00df \u00a713 BGB haben Personen im Sinne dieses Gesetzes bei Abschluss eines Fernabsatzgesch\u00e4ftes grunds\u00e4tzlich ein gesetzliches Widerrufsrecht, \u00fcber welches die Himmele Verwaltungs GmbH entsprechend der gesetzlichen Vorgabe folgend informiert: Widerrufsbelehrung Sie als Dienstleistungsnutzer haben das Recht, binnen vierzehn Tagen ohne Angabe von Gr\u00fcnden diesen Vertrag zu widerrufen. Die Widerrufsfrist betr\u00e4gt vierzehn Tage ab [&hellip;]\" \/>\n<meta property=\"og:url\" content=\"https:\/\/schweiz-vignette.ch\/cs\/odvolani\/\" \/>\n<meta property=\"og:site_name\" content=\"Digitale Vignette Schweiz\" \/>\n<meta property=\"article:modified_time\" content=\"2023-09-28T16:03:19+00:00\" \/>\n<meta name=\"twitter:card\" content=\"summary_large_image\" \/>\n<meta name=\"twitter:label1\" content=\"Odhadovan\u00e1 doba \u010dten\u00ed\" \/>\n\t<meta name=\"twitter:data1\" content=\"3 minuty\" \/>\n<script type=\"application\/ld+json\" class=\"yoast-schema-graph\">{\"@context\":\"https:\/\/schema.org\",\"@graph\":[{\"@type\":\"WebPage\",\"@id\":\"https:\/\/schweiz-vignette.ch\/widerruf\/\",\"url\":\"https:\/\/schweiz-vignette.ch\/widerruf\/\",\"name\":\"Widerruf - Digitale Vignette Schweiz\",\"isPartOf\":{\"@id\":\"https:\/\/schweiz-vignette.ch\/#website\"},\"datePublished\":\"2023-09-28T11:23:37+00:00\",\"dateModified\":\"2023-09-28T16:03:19+00:00\",\"breadcrumb\":{\"@id\":\"https:\/\/schweiz-vignette.ch\/widerruf\/#breadcrumb\"},\"inLanguage\":\"cs\",\"potentialAction\":[{\"@type\":\"ReadAction\",\"target\":[\"https:\/\/schweiz-vignette.ch\/widerruf\/\"]}]},{\"@type\":\"BreadcrumbList\",\"@id\":\"https:\/\/schweiz-vignette.ch\/widerruf\/#breadcrumb\",\"itemListElement\":[{\"@type\":\"ListItem\",\"position\":1,\"name\":\"Home\",\"item\":\"https:\/\/schweiz-vignette.ch\/\"},{\"@type\":\"ListItem\",\"position\":2,\"name\":\"Widerruf\"}]},{\"@type\":\"WebSite\",\"@id\":\"https:\/\/schweiz-vignette.ch\/#website\",\"url\":\"https:\/\/schweiz-vignette.ch\/\",\"name\":\"Digitale Vignette Schweiz\",\"description\":\"\",\"potentialAction\":[{\"@type\":\"SearchAction\",\"target\":{\"@type\":\"EntryPoint\",\"urlTemplate\":\"https:\/\/schweiz-vignette.ch\/?s={search_term_string}\"},\"query-input\":{\"@type\":\"PropertyValueSpecification\",\"valueRequired\":true,\"valueName\":\"search_term_string\"}}],\"inLanguage\":\"cs\"}]}<\/script>\n<!-- \/ Yoast SEO plugin. -->","yoast_head_json":{"title":"Widerruf - Digitale Vignette Schweiz","robots":{"index":"noindex","follow":"nofollow"},"og_locale":"cs_CZ","og_type":"article","og_title":"Widerruf - Digitale Vignette Schweiz","og_description":"Widerrufsrecht Widerrufsbelehrung Gem\u00e4\u00df \u00a713 BGB haben Personen im Sinne dieses Gesetzes bei Abschluss eines Fernabsatzgesch\u00e4ftes grunds\u00e4tzlich ein gesetzliches Widerrufsrecht, \u00fcber welches die Himmele Verwaltungs GmbH entsprechend der gesetzlichen Vorgabe folgend informiert: Widerrufsbelehrung Sie als Dienstleistungsnutzer haben das Recht, binnen vierzehn Tagen ohne Angabe von Gr\u00fcnden diesen Vertrag zu widerrufen. Die Widerrufsfrist betr\u00e4gt vierzehn Tage ab [&hellip;]","og_url":"https:\/\/schweiz-vignette.ch\/cs\/odvolani\/","og_site_name":"Digitale Vignette Schweiz","article_modified_time":"2023-09-28T16:03:19+00:00","twitter_card":"summary_large_image","twitter_misc":{"Odhadovan\u00e1 doba \u010dten\u00ed":"3 minuty"},"schema":{"@context":"https:\/\/schema.org","@graph":[{"@type":"WebPage","@id":"https:\/\/schweiz-vignette.ch\/widerruf\/","url":"https:\/\/schweiz-vignette.ch\/widerruf\/","name":"Widerruf - Digitale Vignette Schweiz","isPartOf":{"@id":"https:\/\/schweiz-vignette.ch\/#website"},"datePublished":"2023-09-28T11:23:37+00:00","dateModified":"2023-09-28T16:03:19+00:00","breadcrumb":{"@id":"https:\/\/schweiz-vignette.ch\/widerruf\/#breadcrumb"},"inLanguage":"cs","potentialAction":[{"@type":"ReadAction","target":["https:\/\/schweiz-vignette.ch\/widerruf\/"]}]},{"@type":"BreadcrumbList","@id":"https:\/\/schweiz-vignette.ch\/widerruf\/#breadcrumb","itemListElement":[{"@type":"ListItem","position":1,"name":"Home","item":"https:\/\/schweiz-vignette.ch\/"},{"@type":"ListItem","position":2,"name":"Widerruf"}]},{"@type":"WebSite","@id":"https:\/\/schweiz-vignette.ch\/#website","url":"https:\/\/schweiz-vignette.ch\/","name":"Digitale Vignette Schweiz","description":"","potentialAction":[{"@type":"SearchAction","target":{"@type":"EntryPoint","urlTemplate":"https:\/\/schweiz-vignette.ch\/?s={search_term_string}"},"query-input":{"@type":"PropertyValueSpecification","valueRequired":true,"valueName":"search_term_string"}}],"inLanguage":"cs"}]}},"_links":{"self":[{"href":"https:\/\/schweiz-vignette.ch\/cs\/wp-json\/wp\/v2\/pages\/805","targetHints":{"allow":["GET"]}}],"collection":[{"href":"https:\/\/schweiz-vignette.ch\/cs\/wp-json\/wp\/v2\/pages"}],"about":[{"href":"https:\/\/schweiz-vignette.ch\/cs\/wp-json\/wp\/v2\/types\/page"}],"author":[{"embeddable":true,"href":"https:\/\/schweiz-vignette.ch\/cs\/wp-json\/wp\/v2\/users\/1"}],"replies":[{"embeddable":true,"href":"https:\/\/schweiz-vignette.ch\/cs\/wp-json\/wp\/v2\/comments?post=805"}],"version-history":[{"count":8,"href":"https:\/\/schweiz-vignette.ch\/cs\/wp-json\/wp\/v2\/pages\/805\/revisions"}],"predecessor-version":[{"id":863,"href":"https:\/\/schweiz-vignette.ch\/cs\/wp-json\/wp\/v2\/pages\/805\/revisions\/863"}],"wp:attachment":[{"href":"https:\/\/schweiz-vignette.ch\/cs\/wp-json\/wp\/v2\/media?parent=805"}],"curies":[{"name":"wp","href":"https:\/\/api.w.org\/{rel}","templated":true}]}}