{"id":819,"date":"2023-09-28T11:41:30","date_gmt":"2023-09-28T11:41:30","guid":{"rendered":"https:\/\/schweiz-vignette.ch\/?page_id=819"},"modified":"2023-09-28T16:03:42","modified_gmt":"2023-09-28T16:03:42","slug":"impressum","status":"publish","type":"page","link":"https:\/\/schweiz-vignette.ch\/cs\/otisk\/","title":{"rendered":"Otisk"},"content":{"rendered":"<div data-elementor-type=\"wp-page\" data-elementor-id=\"819\" class=\"elementor elementor-819\" data-elementor-post-type=\"page\">\n\t\t\t\t\t\t<section class=\"elementor-section elementor-top-section elementor-element elementor-element-eb12bcd elementor-section-boxed elementor-section-height-default elementor-section-height-default\" data-id=\"eb12bcd\" data-element_type=\"section\" data-settings=\"{&quot;background_background&quot;:&quot;classic&quot;}\">\n\t\t\t\t\t\t\t<div class=\"elementor-background-overlay\"><\/div>\n\t\t\t\t\t\t\t<div class=\"elementor-container elementor-column-gap-default\">\n\t\t\t\t\t<div class=\"elementor-column elementor-col-100 elementor-top-column elementor-element elementor-element-0d091b9\" data-id=\"0d091b9\" data-element_type=\"column\">\n\t\t\t<div class=\"elementor-widget-wrap elementor-element-populated\">\n\t\t\t\t\t\t<div class=\"elementor-element elementor-element-bffdb8b elementor-widget elementor-widget-heading\" data-id=\"bffdb8b\" data-element_type=\"widget\" data-widget_type=\"heading.default\">\n\t\t\t\t<div class=\"elementor-widget-container\">\n\t\t\t\t\t<h1 class=\"elementor-heading-title elementor-size-default\">Otisk<\/h1>\t\t\t\t<\/div>\n\t\t\t\t<\/div>\n\t\t\t\t\t<\/div>\n\t\t<\/div>\n\t\t\t\t\t<\/div>\n\t\t<\/section>\n\t\t\t\t<section class=\"elementor-section elementor-top-section elementor-element elementor-element-ce9836f elementor-section-boxed elementor-section-height-default elementor-section-height-default\" data-id=\"ce9836f\" data-element_type=\"section\">\n\t\t\t\t\t\t<div class=\"elementor-container elementor-column-gap-default\">\n\t\t\t\t\t<div class=\"elementor-column elementor-col-100 elementor-top-column elementor-element elementor-element-c3ab3a0\" data-id=\"c3ab3a0\" data-element_type=\"column\">\n\t\t\t<div class=\"elementor-widget-wrap elementor-element-populated\">\n\t\t\t\t\t\t<div class=\"elementor-element elementor-element-a213c35 elementor-widget elementor-widget-text-editor\" data-id=\"a213c35\" data-element_type=\"widget\" data-widget_type=\"text-editor.default\">\n\t\t\t\t<div class=\"elementor-widget-container\">\n\t\t\t\t\t\t\t\t\t<p><strong>Schweiz-vignette.ch je internetov\u00e1 slu\u017eba:<\/strong><\/p><p>Himmele Verwaltungs GmbH<\/p><p>Weststr. 30A<\/p><p>8280 Kreuzlingen<\/p><p>\u00a0<\/p><p><strong>Kontakt:<\/strong><\/p><p>E-mail: <a href=\"mailto:kontakt@schweiz-vignette.ch\">kontakt@schweiz-vignette.ch<\/a><\/p><p><strong>Da\u0148ov\u00e9 identifika\u010dn\u00ed \u010d\u00edslo:<\/strong><\/p><p>CHE-376.315.986<\/p><p><strong>Mimosoudn\u00ed \u0159e\u0161en\u00ed spor\u016f<\/strong><\/p><p>Informace o \u0159e\u0161en\u00ed spot\u0159ebitelsk\u00fdch spor\u016f podle \u00a7 36 z\u00e1kona o \u0159e\u0161en\u00ed spot\u0159ebitelsk\u00fdch spor\u016f (VSBG):<\/p><p>Ne\u00fa\u010dastn\u00edme se \u0159\u00edzen\u00ed o \u0159e\u0161en\u00ed spor\u016f p\u0159ed spot\u0159ebitelskou rozhod\u010d\u00ed komis\u00ed. Z\u00e1kon o alternativn\u00edm \u0159e\u0161en\u00ed spot\u0159ebitelsk\u00fdch spor\u016f v\u0161ak vy\u017eaduje, abychom v\u00e1s p\u0159esto odk\u00e1zali na spot\u0159ebitelskou rozhod\u010d\u00ed komisi, kter\u00e1 je pro v\u00e1s p\u0159\u00edslu\u0161n\u00e1:<\/p><p>V\u0161eobecn\u00e1 spot\u0159ebitelsk\u00e1 rozhod\u010d\u00ed komise Centra pro rozhod\u010d\u00ed \u0159\u00edzen\u00ed e. V.<\/p><p>Strassburger Str. 8<\/p><p>77694 Kehl<\/p><p>Internet: www.universalschlichtungsstelle.de<\/p><p>Informace o online \u0159e\u0161en\u00ed spor\u016f podle \u010dl. 14 odst. 1 na\u0159\u00edzen\u00ed o online \u0159e\u0161en\u00ed spor\u016f:<\/p><p>Evropsk\u00e1 komise poskytuje platformu pro mimosoudn\u00ed \u0159e\u0161en\u00ed spor\u016f online (platforma ODR), kter\u00e1 je p\u0159\u00edstupn\u00e1 na adrese www.ec.europa.eu\/consumers\/odr\/main\/index.cfm. Na\u0161i e-mailovou adresu najdete v tir\u00e1\u017ei. Nejsme povinni ani ochotni \u00fa\u010dastnit se \u0159\u00edzen\u00ed o \u0159e\u0161en\u00ed spor\u016f.<\/p>\t\t\t\t\t\t\t\t<\/div>\n\t\t\t\t<\/div>\n\t\t\t\t\t<\/div>\n\t\t<\/div>\n\t\t\t\t\t<\/div>\n\t\t<\/section>\n\t\t\t\t<\/div>","protected":false},"excerpt":{"rendered":"<p>Impressum Schweiz-vignette.ch ist ein Internetangebot von: Himmele Verwaltungs GmbH Weststr. 30A 8280 Kreuzlingen Kontakt: E-Mail: kontakt@schweiz-vignette.ch Steuer-ID: CHE-376.315.986 Au\u00dfergerichtliche Streitbeilegung Information zur Verbraucherstreitbeilegung nach \u00a7 36 Verbraucherstreitbeilegungsgesetz (VSBG): Wir nehmen nicht an einem Streitbeilegungsverfahren vor einer Verbraucherschlichtungsstelle teil. Das Gesetzes \u00fcber die alternative Streitbeilegung in Verbrauchersachen fordert aber, dass wir Sie trotzdem auf eine f\u00fcr [&hellip;]<\/p>","protected":false},"author":1,"featured_media":0,"parent":0,"menu_order":0,"comment_status":"closed","ping_status":"closed","template":"elementor_header_footer","meta":{"footnotes":""},"class_list":["post-819","page","type-page","status-publish","hentry"],"yoast_head":"<!-- This site is optimized with the Yoast SEO plugin v24.9 - https:\/\/yoast.com\/wordpress\/plugins\/seo\/ -->\n<title>Impressum - Digitale Vignette Schweiz<\/title>\n<meta name=\"robots\" content=\"noindex, nofollow\" \/>\n<meta property=\"og:locale\" content=\"cs_CZ\" \/>\n<meta property=\"og:type\" content=\"article\" \/>\n<meta property=\"og:title\" content=\"Impressum - Digitale Vignette Schweiz\" \/>\n<meta property=\"og:description\" content=\"Impressum Schweiz-vignette.ch ist ein Internetangebot von: Himmele Verwaltungs GmbH Weststr. 30A 8280 Kreuzlingen Kontakt: E-Mail: kontakt@schweiz-vignette.ch Steuer-ID: CHE-376.315.986 Au\u00dfergerichtliche Streitbeilegung Information zur Verbraucherstreitbeilegung nach \u00a7 36 Verbraucherstreitbeilegungsgesetz (VSBG): Wir nehmen nicht an einem Streitbeilegungsverfahren vor einer Verbraucherschlichtungsstelle teil. Das Gesetzes \u00fcber die alternative Streitbeilegung in Verbrauchersachen fordert aber, dass wir Sie trotzdem auf eine f\u00fcr [&hellip;]\" \/>\n<meta property=\"og:url\" content=\"https:\/\/schweiz-vignette.ch\/cs\/otisk\/\" \/>\n<meta property=\"og:site_name\" content=\"Digitale Vignette Schweiz\" \/>\n<meta property=\"article:modified_time\" content=\"2023-09-28T16:03:42+00:00\" \/>\n<meta name=\"twitter:card\" content=\"summary_large_image\" \/>\n<meta name=\"twitter:label1\" content=\"Odhadovan\u00e1 doba \u010dten\u00ed\" \/>\n\t<meta name=\"twitter:data1\" content=\"1 minuta\" \/>\n<script type=\"application\/ld+json\" class=\"yoast-schema-graph\">{\"@context\":\"https:\/\/schema.org\",\"@graph\":[{\"@type\":\"WebPage\",\"@id\":\"https:\/\/schweiz-vignette.ch\/impressum\/\",\"url\":\"https:\/\/schweiz-vignette.ch\/impressum\/\",\"name\":\"Impressum - Digitale Vignette Schweiz\",\"isPartOf\":{\"@id\":\"https:\/\/schweiz-vignette.ch\/#website\"},\"datePublished\":\"2023-09-28T11:41:30+00:00\",\"dateModified\":\"2023-09-28T16:03:42+00:00\",\"breadcrumb\":{\"@id\":\"https:\/\/schweiz-vignette.ch\/impressum\/#breadcrumb\"},\"inLanguage\":\"cs\",\"potentialAction\":[{\"@type\":\"ReadAction\",\"target\":[\"https:\/\/schweiz-vignette.ch\/impressum\/\"]}]},{\"@type\":\"BreadcrumbList\",\"@id\":\"https:\/\/schweiz-vignette.ch\/impressum\/#breadcrumb\",\"itemListElement\":[{\"@type\":\"ListItem\",\"position\":1,\"name\":\"Home\",\"item\":\"https:\/\/schweiz-vignette.ch\/\"},{\"@type\":\"ListItem\",\"position\":2,\"name\":\"Impressum\"}]},{\"@type\":\"WebSite\",\"@id\":\"https:\/\/schweiz-vignette.ch\/#website\",\"url\":\"https:\/\/schweiz-vignette.ch\/\",\"name\":\"Digitale Vignette Schweiz\",\"description\":\"\",\"potentialAction\":[{\"@type\":\"SearchAction\",\"target\":{\"@type\":\"EntryPoint\",\"urlTemplate\":\"https:\/\/schweiz-vignette.ch\/?s={search_term_string}\"},\"query-input\":{\"@type\":\"PropertyValueSpecification\",\"valueRequired\":true,\"valueName\":\"search_term_string\"}}],\"inLanguage\":\"cs\"}]}<\/script>\n<!-- \/ Yoast SEO plugin. -->","yoast_head_json":{"title":"Impressum - Digitale Vignette Schweiz","robots":{"index":"noindex","follow":"nofollow"},"og_locale":"cs_CZ","og_type":"article","og_title":"Impressum - Digitale Vignette Schweiz","og_description":"Impressum Schweiz-vignette.ch ist ein Internetangebot von: Himmele Verwaltungs GmbH Weststr. 30A 8280 Kreuzlingen Kontakt: E-Mail: kontakt@schweiz-vignette.ch Steuer-ID: CHE-376.315.986 Au\u00dfergerichtliche Streitbeilegung Information zur Verbraucherstreitbeilegung nach \u00a7 36 Verbraucherstreitbeilegungsgesetz (VSBG): Wir nehmen nicht an einem Streitbeilegungsverfahren vor einer Verbraucherschlichtungsstelle teil. Das Gesetzes \u00fcber die alternative Streitbeilegung in Verbrauchersachen fordert aber, dass wir Sie trotzdem auf eine f\u00fcr [&hellip;]","og_url":"https:\/\/schweiz-vignette.ch\/cs\/otisk\/","og_site_name":"Digitale Vignette Schweiz","article_modified_time":"2023-09-28T16:03:42+00:00","twitter_card":"summary_large_image","twitter_misc":{"Odhadovan\u00e1 doba \u010dten\u00ed":"1 minuta"},"schema":{"@context":"https:\/\/schema.org","@graph":[{"@type":"WebPage","@id":"https:\/\/schweiz-vignette.ch\/impressum\/","url":"https:\/\/schweiz-vignette.ch\/impressum\/","name":"Impressum - Digitale Vignette Schweiz","isPartOf":{"@id":"https:\/\/schweiz-vignette.ch\/#website"},"datePublished":"2023-09-28T11:41:30+00:00","dateModified":"2023-09-28T16:03:42+00:00","breadcrumb":{"@id":"https:\/\/schweiz-vignette.ch\/impressum\/#breadcrumb"},"inLanguage":"cs","potentialAction":[{"@type":"ReadAction","target":["https:\/\/schweiz-vignette.ch\/impressum\/"]}]},{"@type":"BreadcrumbList","@id":"https:\/\/schweiz-vignette.ch\/impressum\/#breadcrumb","itemListElement":[{"@type":"ListItem","position":1,"name":"Home","item":"https:\/\/schweiz-vignette.ch\/"},{"@type":"ListItem","position":2,"name":"Impressum"}]},{"@type":"WebSite","@id":"https:\/\/schweiz-vignette.ch\/#website","url":"https:\/\/schweiz-vignette.ch\/","name":"Digitale Vignette Schweiz","description":"","potentialAction":[{"@type":"SearchAction","target":{"@type":"EntryPoint","urlTemplate":"https:\/\/schweiz-vignette.ch\/?s={search_term_string}"},"query-input":{"@type":"PropertyValueSpecification","valueRequired":true,"valueName":"search_term_string"}}],"inLanguage":"cs"}]}},"_links":{"self":[{"href":"https:\/\/schweiz-vignette.ch\/cs\/wp-json\/wp\/v2\/pages\/819","targetHints":{"allow":["GET"]}}],"collection":[{"href":"https:\/\/schweiz-vignette.ch\/cs\/wp-json\/wp\/v2\/pages"}],"about":[{"href":"https:\/\/schweiz-vignette.ch\/cs\/wp-json\/wp\/v2\/types\/page"}],"author":[{"embeddable":true,"href":"https:\/\/schweiz-vignette.ch\/cs\/wp-json\/wp\/v2\/users\/1"}],"replies":[{"embeddable":true,"href":"https:\/\/schweiz-vignette.ch\/cs\/wp-json\/wp\/v2\/comments?post=819"}],"version-history":[{"count":8,"href":"https:\/\/schweiz-vignette.ch\/cs\/wp-json\/wp\/v2\/pages\/819\/revisions"}],"predecessor-version":[{"id":865,"href":"https:\/\/schweiz-vignette.ch\/cs\/wp-json\/wp\/v2\/pages\/819\/revisions\/865"}],"wp:attachment":[{"href":"https:\/\/schweiz-vignette.ch\/cs\/wp-json\/wp\/v2\/media?parent=819"}],"curies":[{"name":"wp","href":"https:\/\/api.w.org\/{rel}","templated":true}]}}