{"id":805,"date":"2023-09-28T11:23:37","date_gmt":"2023-09-28T11:23:37","guid":{"rendered":"https:\/\/schweiz-vignette.ch\/?page_id=805"},"modified":"2023-09-28T16:03:19","modified_gmt":"2023-09-28T16:03:19","slug":"widerruf","status":"publish","type":"page","link":"https:\/\/schweiz-vignette.ch\/en\/revocation\/","title":{"rendered":"Revocation"},"content":{"rendered":"<div data-elementor-type=\"wp-page\" data-elementor-id=\"805\" class=\"elementor elementor-805\" data-elementor-post-type=\"page\">\n\t\t\t\t\t\t<section class=\"elementor-section elementor-top-section elementor-element elementor-element-af3173c elementor-section-boxed elementor-section-height-default elementor-section-height-default\" data-id=\"af3173c\" data-element_type=\"section\" data-settings=\"{&quot;background_background&quot;:&quot;classic&quot;}\">\n\t\t\t\t\t\t\t<div class=\"elementor-background-overlay\"><\/div>\n\t\t\t\t\t\t\t<div class=\"elementor-container elementor-column-gap-default\">\n\t\t\t\t\t<div class=\"elementor-column elementor-col-100 elementor-top-column elementor-element elementor-element-69d08b0\" data-id=\"69d08b0\" data-element_type=\"column\">\n\t\t\t<div class=\"elementor-widget-wrap elementor-element-populated\">\n\t\t\t\t\t\t<div class=\"elementor-element elementor-element-269b57c elementor-widget elementor-widget-heading\" data-id=\"269b57c\" data-element_type=\"widget\" data-widget_type=\"heading.default\">\n\t\t\t\t<div class=\"elementor-widget-container\">\n\t\t\t\t\t<h1 class=\"elementor-heading-title elementor-size-default\">Right of withdrawal<\/h1>\t\t\t\t<\/div>\n\t\t\t\t<\/div>\n\t\t\t\t\t<\/div>\n\t\t<\/div>\n\t\t\t\t\t<\/div>\n\t\t<\/section>\n\t\t\t\t<section class=\"elementor-section elementor-top-section elementor-element elementor-element-cf8d447 elementor-section-boxed elementor-section-height-default elementor-section-height-default\" data-id=\"cf8d447\" data-element_type=\"section\">\n\t\t\t\t\t\t<div class=\"elementor-container elementor-column-gap-default\">\n\t\t\t\t\t<div class=\"elementor-column elementor-col-100 elementor-top-column elementor-element elementor-element-c93ecda\" data-id=\"c93ecda\" data-element_type=\"column\">\n\t\t\t<div class=\"elementor-widget-wrap elementor-element-populated\">\n\t\t\t\t\t\t<div class=\"elementor-element elementor-element-6b1090d elementor-widget elementor-widget-text-editor\" data-id=\"6b1090d\" data-element_type=\"widget\" data-widget_type=\"text-editor.default\">\n\t\t\t\t<div class=\"elementor-widget-container\">\n\t\t\t\t\t\t\t\t\t<p><strong>Cancellation policy<\/strong><\/p><p>According to \u00a713 of the German Civil Code (BGB), persons in the sense of this law have a legal right of revocation when concluding a distance selling transaction, which Himmele Verwaltungs GmbH informs about in accordance with the legal requirements:<\/p><p><em>Cancellation policy<\/em><\/p><p>You as a service user have the right to revoke this contract within fourteen days without giving any reason. The withdrawal period is fourteen days from the day of the conclusion of the contract.<\/p><p>To exercise your right of withdrawal, you must inform us, Himmele Verwaltungs GmbH, Weststr. 30A, 8280 Kreuzlingen, kontakt@schweiz-vignette.ch of your decision to withdraw from this contract by means of a clear declaration (e.g. a letter or e-mail sent by post). You can use the attached sample cancellation form for this purpose, which is, however, not mandatory.<\/p><p><em>Consequences of revocation:<\/em><\/p><p>If there is an effective cancellation, we will refund all payments that we have received from you, including the delivery costs. This does not apply to the costs that you have incurred additionally because you have chosen a different type of delivery than the cheapest standard delivery offered by Himmele Verwaltungs GmbH. The refund by Himmele Verwaltungs GmbH will be made immediately and at the latest within 14 days after receipt of the revocation and by means of the same means of payment that you used for the payment, unless explicitly agreed otherwise with you. You will not be charged any fees for this repayment.<\/p><p><em>Value replacement:<\/em><\/p><p>If you have requested that we start providing the services during the withdrawal period, you shall pay us a reasonable amount corresponding to the proportion of the services already provided up to the time you notify us of the exercise of the right of withdrawal with regard to this contract compared to the total scope of the services provided for in the contract. The calculation of the compensation for the value shall be made using the banking method (each month is calculated at 30 days, each year at 360 days) on a pro rata basis, based on the price of the service and the elapsed period of validity.<\/p><p><em>Right of withdrawal for consumers<\/em><\/p><p><em>Premature expiry of the right of withdrawal<\/em><\/p><p>In the case of a contract for the provision of services, the right of cancellation shall also expire if the entrepreneur has provided the service in full and has only begun to perform the service after you, as the consumer, have given your express consent to this and at the same time confirmed your knowledge that you will lose your right of cancellation upon full performance of the contract by the entrepreneur. According to the case law of the Regional Court of Regensburg (file number: \"1 HK O 1116\/22\" judgment of 28.03.2023), the service, as described above, shall be deemed to have been provided in full as soon as the registration of the service user's license plates by the service provider has taken place and has been confirmed to the service user. The right of withdrawal expires prematurely in this case.<\/p><p><em>- End of the cancellation policy -<\/em><\/p><p><em>Sample cancellation form<\/em><\/p><p>If you want to cancel the contract, please fill out this form and send it back.<\/p><p>To: Himmele Verwaltungs GmbH, Weststr. 30A, 8280 Kreuzlingen, CH<\/p><p>I\/we (*) hereby revoke the contract concluded by me\/us (*) for the provision of the following service (order number*)<\/p><p>Ordered on (*)\/received on (*)-<\/p><p>Name of the service user<\/p><p>Address of the service user<\/p><p>Signature of the service user (only in case of paper communication)<\/p><p>Date<\/p><p>(*) Delete as applicable<\/p><p>In case of unauthorized chargeback on the part of the Service User, for example by opening a dispute case with the Payment Provider, the Service User will receive a reminder that includes the following fees of the respective Payment Providers: Mollie (includes payment providers Giropay, Sofort\u00fcberweisung, iDEAL, EPS, \u00dcberweisung, Klarna) 5\u20ac, Stripe (credit card) 15\u20ac, Paypal 5\u20ac.<\/p>\t\t\t\t\t\t\t\t<\/div>\n\t\t\t\t<\/div>\n\t\t\t\t\t<\/div>\n\t\t<\/div>\n\t\t\t\t\t<\/div>\n\t\t<\/section>\n\t\t\t\t<\/div>","protected":false},"excerpt":{"rendered":"<p>Widerrufsrecht Widerrufsbelehrung Gem\u00e4\u00df \u00a713 BGB haben Personen im Sinne dieses Gesetzes bei Abschluss eines Fernabsatzgesch\u00e4ftes grunds\u00e4tzlich ein gesetzliches Widerrufsrecht, \u00fcber welches die Himmele Verwaltungs GmbH entsprechend der gesetzlichen Vorgabe folgend informiert: Widerrufsbelehrung Sie als Dienstleistungsnutzer haben das Recht, binnen vierzehn Tagen ohne Angabe von Gr\u00fcnden diesen Vertrag zu widerrufen. Die Widerrufsfrist betr\u00e4gt vierzehn Tage ab [&hellip;]<\/p>","protected":false},"author":1,"featured_media":0,"parent":0,"menu_order":0,"comment_status":"closed","ping_status":"closed","template":"elementor_header_footer","meta":{"footnotes":""},"class_list":["post-805","page","type-page","status-publish","hentry"],"yoast_head":"<!-- This site is optimized with the Yoast SEO plugin v24.9 - https:\/\/yoast.com\/wordpress\/plugins\/seo\/ -->\n<title>Widerruf - Digitale Vignette Schweiz<\/title>\n<meta name=\"robots\" content=\"noindex, nofollow\" \/>\n<meta property=\"og:locale\" content=\"en_US\" \/>\n<meta property=\"og:type\" content=\"article\" \/>\n<meta property=\"og:title\" content=\"Widerruf - Digitale Vignette Schweiz\" \/>\n<meta property=\"og:description\" content=\"Widerrufsrecht Widerrufsbelehrung Gem\u00e4\u00df \u00a713 BGB haben Personen im Sinne dieses Gesetzes bei Abschluss eines Fernabsatzgesch\u00e4ftes grunds\u00e4tzlich ein gesetzliches Widerrufsrecht, \u00fcber welches die Himmele Verwaltungs GmbH entsprechend der gesetzlichen Vorgabe folgend informiert: Widerrufsbelehrung Sie als Dienstleistungsnutzer haben das Recht, binnen vierzehn Tagen ohne Angabe von Gr\u00fcnden diesen Vertrag zu widerrufen. Die Widerrufsfrist betr\u00e4gt vierzehn Tage ab [&hellip;]\" \/>\n<meta property=\"og:url\" content=\"https:\/\/schweiz-vignette.ch\/en\/revocation\/\" \/>\n<meta property=\"og:site_name\" content=\"Digitale Vignette Schweiz\" \/>\n<meta property=\"article:modified_time\" content=\"2023-09-28T16:03:19+00:00\" \/>\n<meta name=\"twitter:card\" content=\"summary_large_image\" \/>\n<meta name=\"twitter:label1\" content=\"Est. reading time\" \/>\n\t<meta name=\"twitter:data1\" content=\"3 minutes\" \/>\n<script type=\"application\/ld+json\" class=\"yoast-schema-graph\">{\"@context\":\"https:\/\/schema.org\",\"@graph\":[{\"@type\":\"WebPage\",\"@id\":\"https:\/\/schweiz-vignette.ch\/widerruf\/\",\"url\":\"https:\/\/schweiz-vignette.ch\/widerruf\/\",\"name\":\"Widerruf - Digitale Vignette Schweiz\",\"isPartOf\":{\"@id\":\"https:\/\/schweiz-vignette.ch\/#website\"},\"datePublished\":\"2023-09-28T11:23:37+00:00\",\"dateModified\":\"2023-09-28T16:03:19+00:00\",\"breadcrumb\":{\"@id\":\"https:\/\/schweiz-vignette.ch\/widerruf\/#breadcrumb\"},\"inLanguage\":\"en-US\",\"potentialAction\":[{\"@type\":\"ReadAction\",\"target\":[\"https:\/\/schweiz-vignette.ch\/widerruf\/\"]}]},{\"@type\":\"BreadcrumbList\",\"@id\":\"https:\/\/schweiz-vignette.ch\/widerruf\/#breadcrumb\",\"itemListElement\":[{\"@type\":\"ListItem\",\"position\":1,\"name\":\"Home\",\"item\":\"https:\/\/schweiz-vignette.ch\/\"},{\"@type\":\"ListItem\",\"position\":2,\"name\":\"Widerruf\"}]},{\"@type\":\"WebSite\",\"@id\":\"https:\/\/schweiz-vignette.ch\/#website\",\"url\":\"https:\/\/schweiz-vignette.ch\/\",\"name\":\"Digitale Vignette Schweiz\",\"description\":\"\",\"potentialAction\":[{\"@type\":\"SearchAction\",\"target\":{\"@type\":\"EntryPoint\",\"urlTemplate\":\"https:\/\/schweiz-vignette.ch\/?s={search_term_string}\"},\"query-input\":{\"@type\":\"PropertyValueSpecification\",\"valueRequired\":true,\"valueName\":\"search_term_string\"}}],\"inLanguage\":\"en-US\"}]}<\/script>\n<!-- \/ Yoast SEO plugin. -->","yoast_head_json":{"title":"Widerruf - Digitale Vignette Schweiz","robots":{"index":"noindex","follow":"nofollow"},"og_locale":"en_US","og_type":"article","og_title":"Widerruf - Digitale Vignette Schweiz","og_description":"Widerrufsrecht Widerrufsbelehrung Gem\u00e4\u00df \u00a713 BGB haben Personen im Sinne dieses Gesetzes bei Abschluss eines Fernabsatzgesch\u00e4ftes grunds\u00e4tzlich ein gesetzliches Widerrufsrecht, \u00fcber welches die Himmele Verwaltungs GmbH entsprechend der gesetzlichen Vorgabe folgend informiert: Widerrufsbelehrung Sie als Dienstleistungsnutzer haben das Recht, binnen vierzehn Tagen ohne Angabe von Gr\u00fcnden diesen Vertrag zu widerrufen. Die Widerrufsfrist betr\u00e4gt vierzehn Tage ab [&hellip;]","og_url":"https:\/\/schweiz-vignette.ch\/en\/revocation\/","og_site_name":"Digitale Vignette Schweiz","article_modified_time":"2023-09-28T16:03:19+00:00","twitter_card":"summary_large_image","twitter_misc":{"Est. reading time":"3 minutes"},"schema":{"@context":"https:\/\/schema.org","@graph":[{"@type":"WebPage","@id":"https:\/\/schweiz-vignette.ch\/widerruf\/","url":"https:\/\/schweiz-vignette.ch\/widerruf\/","name":"Widerruf - Digitale Vignette Schweiz","isPartOf":{"@id":"https:\/\/schweiz-vignette.ch\/#website"},"datePublished":"2023-09-28T11:23:37+00:00","dateModified":"2023-09-28T16:03:19+00:00","breadcrumb":{"@id":"https:\/\/schweiz-vignette.ch\/widerruf\/#breadcrumb"},"inLanguage":"en-US","potentialAction":[{"@type":"ReadAction","target":["https:\/\/schweiz-vignette.ch\/widerruf\/"]}]},{"@type":"BreadcrumbList","@id":"https:\/\/schweiz-vignette.ch\/widerruf\/#breadcrumb","itemListElement":[{"@type":"ListItem","position":1,"name":"Home","item":"https:\/\/schweiz-vignette.ch\/"},{"@type":"ListItem","position":2,"name":"Widerruf"}]},{"@type":"WebSite","@id":"https:\/\/schweiz-vignette.ch\/#website","url":"https:\/\/schweiz-vignette.ch\/","name":"Digitale Vignette Schweiz","description":"","potentialAction":[{"@type":"SearchAction","target":{"@type":"EntryPoint","urlTemplate":"https:\/\/schweiz-vignette.ch\/?s={search_term_string}"},"query-input":{"@type":"PropertyValueSpecification","valueRequired":true,"valueName":"search_term_string"}}],"inLanguage":"en-US"}]}},"_links":{"self":[{"href":"https:\/\/schweiz-vignette.ch\/en\/wp-json\/wp\/v2\/pages\/805","targetHints":{"allow":["GET"]}}],"collection":[{"href":"https:\/\/schweiz-vignette.ch\/en\/wp-json\/wp\/v2\/pages"}],"about":[{"href":"https:\/\/schweiz-vignette.ch\/en\/wp-json\/wp\/v2\/types\/page"}],"author":[{"embeddable":true,"href":"https:\/\/schweiz-vignette.ch\/en\/wp-json\/wp\/v2\/users\/1"}],"replies":[{"embeddable":true,"href":"https:\/\/schweiz-vignette.ch\/en\/wp-json\/wp\/v2\/comments?post=805"}],"version-history":[{"count":8,"href":"https:\/\/schweiz-vignette.ch\/en\/wp-json\/wp\/v2\/pages\/805\/revisions"}],"predecessor-version":[{"id":863,"href":"https:\/\/schweiz-vignette.ch\/en\/wp-json\/wp\/v2\/pages\/805\/revisions\/863"}],"wp:attachment":[{"href":"https:\/\/schweiz-vignette.ch\/en\/wp-json\/wp\/v2\/media?parent=805"}],"curies":[{"name":"wp","href":"https:\/\/api.w.org\/{rel}","templated":true}]}}