{"id":825,"date":"2023-09-28T11:43:46","date_gmt":"2023-09-28T11:43:46","guid":{"rendered":"https:\/\/schweiz-vignette.ch\/?page_id=825"},"modified":"2023-09-28T16:03:07","modified_gmt":"2023-09-28T16:03:07","slug":"verbraucherinformation","status":"publish","type":"page","link":"https:\/\/schweiz-vignette.ch\/en\/consumer-information\/","title":{"rendered":"Consumer information"},"content":{"rendered":"<div data-elementor-type=\"wp-page\" data-elementor-id=\"825\" class=\"elementor elementor-825\" data-elementor-post-type=\"page\">\n\t\t\t\t\t\t<section class=\"elementor-section elementor-top-section elementor-element elementor-element-8008a3a elementor-section-boxed elementor-section-height-default elementor-section-height-default\" data-id=\"8008a3a\" data-element_type=\"section\" data-settings=\"{&quot;background_background&quot;:&quot;classic&quot;}\">\n\t\t\t\t\t\t\t<div class=\"elementor-background-overlay\"><\/div>\n\t\t\t\t\t\t\t<div class=\"elementor-container elementor-column-gap-default\">\n\t\t\t\t\t<div class=\"elementor-column elementor-col-100 elementor-top-column elementor-element elementor-element-836060b\" data-id=\"836060b\" data-element_type=\"column\">\n\t\t\t<div class=\"elementor-widget-wrap elementor-element-populated\">\n\t\t\t\t\t\t<div class=\"elementor-element elementor-element-7c3afaf elementor-widget elementor-widget-heading\" data-id=\"7c3afaf\" data-element_type=\"widget\" data-widget_type=\"heading.default\">\n\t\t\t\t<div class=\"elementor-widget-container\">\n\t\t\t\t\t<h1 class=\"elementor-heading-title elementor-size-default\">Consumer information<\/h1>\t\t\t\t<\/div>\n\t\t\t\t<\/div>\n\t\t\t\t\t<\/div>\n\t\t<\/div>\n\t\t\t\t\t<\/div>\n\t\t<\/section>\n\t\t\t\t<section class=\"elementor-section elementor-top-section elementor-element elementor-element-b1040a3 elementor-section-boxed elementor-section-height-default elementor-section-height-default\" data-id=\"b1040a3\" data-element_type=\"section\">\n\t\t\t\t\t\t<div class=\"elementor-container elementor-column-gap-default\">\n\t\t\t\t\t<div class=\"elementor-column elementor-col-100 elementor-top-column elementor-element elementor-element-eb4d5f1\" data-id=\"eb4d5f1\" data-element_type=\"column\">\n\t\t\t<div class=\"elementor-widget-wrap elementor-element-populated\">\n\t\t\t\t\t\t<div class=\"elementor-element elementor-element-146e1c9 elementor-widget elementor-widget-text-editor\" data-id=\"146e1c9\" data-element_type=\"widget\" data-widget_type=\"text-editor.default\">\n\t\t\t\t<div class=\"elementor-widget-container\">\n\t\t\t\t\t\t\t\t\t<p>The registration of the license plates is done through the official toll stores of the respective countries at the request of the customer immediately and without any waiting period, which the customer would have to observe when purchasing the toll products in the official online toll stores in some countries.<\/p><p>Our offer also includes a customer-friendly ordering process and we will be happy to help you with any questions via our customer support. For the aforementioned services, we charge the processing fee listed here, which is added to the prices of the toll products, which in turn are determined by the toll operators of the respective countries. At this point we explicitly draw the customer's attention to the following circumstance: In the case of toll products with a start of validity only after 18 days, the added value of immediate usability does not apply, since in this case the digital toll product can also be ordered directly from the BAZG toll store and will become valid in time. If we can convince you with our offer, we will of course be pleased if you still decide to register through us.<\/p><p>For Switzerland, the prices for digital vignettes and digital route tolls are determined by the BAZG. Registration of license plates is possible for digital vignettes for 1 year with a fixed validity period and digital route tolls for 1 trip, 2 trips or annual passes with a validity of 365 days from registration.<\/p><p><strong>Prices<\/strong><\/p><p>Uniform prices apply to all vehicles and trailers subject to vignettes - \u20ac49.90 for annual vignettes with registration service fees \u20ac8.41.<\/p>\t\t\t\t\t\t\t\t<\/div>\n\t\t\t\t<\/div>\n\t\t\t\t\t<\/div>\n\t\t<\/div>\n\t\t\t\t\t<\/div>\n\t\t<\/section>\n\t\t\t\t<\/div>","protected":false},"excerpt":{"rendered":"<p>Verbraucherinformation Die Registrierung der Kennzeichen erfolgt \u00fcber die offiziellen Mautshops der jeweiligen L\u00e4nder auf Wunsch des Kunden sofort und ohne Wartefrist, die der Kunde beim Erwerb der Mautprodukte in den offiziellen Online-Mautshops in einigen L\u00e4ndern einhalten m\u00fcsste. Unsere Angebot beinhaltet dar\u00fcber hinaus einen kundenfreundlichen Bestellprozess und wir helfen Ihnen \u00fcber unseren Kundensupport gerne bei Fragen. [&hellip;]<\/p>","protected":false},"author":1,"featured_media":0,"parent":0,"menu_order":0,"comment_status":"closed","ping_status":"closed","template":"elementor_header_footer","meta":{"footnotes":""},"class_list":["post-825","page","type-page","status-publish","hentry"],"yoast_head":"<!-- This site is optimized with the Yoast SEO plugin v24.9 - https:\/\/yoast.com\/wordpress\/plugins\/seo\/ -->\n<title>Verbraucherinformation - Digitale Vignette Schweiz<\/title>\n<meta name=\"robots\" content=\"noindex, nofollow\" \/>\n<meta property=\"og:locale\" content=\"en_US\" \/>\n<meta property=\"og:type\" content=\"article\" \/>\n<meta property=\"og:title\" content=\"Verbraucherinformation - Digitale Vignette Schweiz\" \/>\n<meta property=\"og:description\" content=\"Verbraucherinformation Die Registrierung der Kennzeichen erfolgt \u00fcber die offiziellen Mautshops der jeweiligen L\u00e4nder auf Wunsch des Kunden sofort und ohne Wartefrist, die der Kunde beim Erwerb der Mautprodukte in den offiziellen Online-Mautshops in einigen L\u00e4ndern einhalten m\u00fcsste. Unsere Angebot beinhaltet dar\u00fcber hinaus einen kundenfreundlichen Bestellprozess und wir helfen Ihnen \u00fcber unseren Kundensupport gerne bei Fragen. [&hellip;]\" \/>\n<meta property=\"og:url\" content=\"https:\/\/schweiz-vignette.ch\/en\/consumer-information\/\" \/>\n<meta property=\"og:site_name\" content=\"Digitale Vignette Schweiz\" \/>\n<meta property=\"article:modified_time\" content=\"2023-09-28T16:03:07+00:00\" \/>\n<meta name=\"twitter:card\" content=\"summary_large_image\" \/>\n<meta name=\"twitter:label1\" content=\"Est. reading time\" \/>\n\t<meta name=\"twitter:data1\" content=\"2 minutes\" \/>\n<script type=\"application\/ld+json\" class=\"yoast-schema-graph\">{\"@context\":\"https:\/\/schema.org\",\"@graph\":[{\"@type\":\"WebPage\",\"@id\":\"https:\/\/schweiz-vignette.ch\/verbraucherinformation\/\",\"url\":\"https:\/\/schweiz-vignette.ch\/verbraucherinformation\/\",\"name\":\"Verbraucherinformation - Digitale Vignette Schweiz\",\"isPartOf\":{\"@id\":\"https:\/\/schweiz-vignette.ch\/#website\"},\"datePublished\":\"2023-09-28T11:43:46+00:00\",\"dateModified\":\"2023-09-28T16:03:07+00:00\",\"breadcrumb\":{\"@id\":\"https:\/\/schweiz-vignette.ch\/verbraucherinformation\/#breadcrumb\"},\"inLanguage\":\"en-US\",\"potentialAction\":[{\"@type\":\"ReadAction\",\"target\":[\"https:\/\/schweiz-vignette.ch\/verbraucherinformation\/\"]}]},{\"@type\":\"BreadcrumbList\",\"@id\":\"https:\/\/schweiz-vignette.ch\/verbraucherinformation\/#breadcrumb\",\"itemListElement\":[{\"@type\":\"ListItem\",\"position\":1,\"name\":\"Home\",\"item\":\"https:\/\/schweiz-vignette.ch\/\"},{\"@type\":\"ListItem\",\"position\":2,\"name\":\"Verbraucherinformation\"}]},{\"@type\":\"WebSite\",\"@id\":\"https:\/\/schweiz-vignette.ch\/#website\",\"url\":\"https:\/\/schweiz-vignette.ch\/\",\"name\":\"Digitale Vignette Schweiz\",\"description\":\"\",\"potentialAction\":[{\"@type\":\"SearchAction\",\"target\":{\"@type\":\"EntryPoint\",\"urlTemplate\":\"https:\/\/schweiz-vignette.ch\/?s={search_term_string}\"},\"query-input\":{\"@type\":\"PropertyValueSpecification\",\"valueRequired\":true,\"valueName\":\"search_term_string\"}}],\"inLanguage\":\"en-US\"}]}<\/script>\n<!-- \/ Yoast SEO plugin. -->","yoast_head_json":{"title":"Verbraucherinformation - Digitale Vignette Schweiz","robots":{"index":"noindex","follow":"nofollow"},"og_locale":"en_US","og_type":"article","og_title":"Verbraucherinformation - Digitale Vignette Schweiz","og_description":"Verbraucherinformation Die Registrierung der Kennzeichen erfolgt \u00fcber die offiziellen Mautshops der jeweiligen L\u00e4nder auf Wunsch des Kunden sofort und ohne Wartefrist, die der Kunde beim Erwerb der Mautprodukte in den offiziellen Online-Mautshops in einigen L\u00e4ndern einhalten m\u00fcsste. Unsere Angebot beinhaltet dar\u00fcber hinaus einen kundenfreundlichen Bestellprozess und wir helfen Ihnen \u00fcber unseren Kundensupport gerne bei Fragen. [&hellip;]","og_url":"https:\/\/schweiz-vignette.ch\/en\/consumer-information\/","og_site_name":"Digitale Vignette Schweiz","article_modified_time":"2023-09-28T16:03:07+00:00","twitter_card":"summary_large_image","twitter_misc":{"Est. reading time":"2 minutes"},"schema":{"@context":"https:\/\/schema.org","@graph":[{"@type":"WebPage","@id":"https:\/\/schweiz-vignette.ch\/verbraucherinformation\/","url":"https:\/\/schweiz-vignette.ch\/verbraucherinformation\/","name":"Verbraucherinformation - Digitale Vignette Schweiz","isPartOf":{"@id":"https:\/\/schweiz-vignette.ch\/#website"},"datePublished":"2023-09-28T11:43:46+00:00","dateModified":"2023-09-28T16:03:07+00:00","breadcrumb":{"@id":"https:\/\/schweiz-vignette.ch\/verbraucherinformation\/#breadcrumb"},"inLanguage":"en-US","potentialAction":[{"@type":"ReadAction","target":["https:\/\/schweiz-vignette.ch\/verbraucherinformation\/"]}]},{"@type":"BreadcrumbList","@id":"https:\/\/schweiz-vignette.ch\/verbraucherinformation\/#breadcrumb","itemListElement":[{"@type":"ListItem","position":1,"name":"Home","item":"https:\/\/schweiz-vignette.ch\/"},{"@type":"ListItem","position":2,"name":"Verbraucherinformation"}]},{"@type":"WebSite","@id":"https:\/\/schweiz-vignette.ch\/#website","url":"https:\/\/schweiz-vignette.ch\/","name":"Digitale Vignette Schweiz","description":"","potentialAction":[{"@type":"SearchAction","target":{"@type":"EntryPoint","urlTemplate":"https:\/\/schweiz-vignette.ch\/?s={search_term_string}"},"query-input":{"@type":"PropertyValueSpecification","valueRequired":true,"valueName":"search_term_string"}}],"inLanguage":"en-US"}]}},"_links":{"self":[{"href":"https:\/\/schweiz-vignette.ch\/en\/wp-json\/wp\/v2\/pages\/825","targetHints":{"allow":["GET"]}}],"collection":[{"href":"https:\/\/schweiz-vignette.ch\/en\/wp-json\/wp\/v2\/pages"}],"about":[{"href":"https:\/\/schweiz-vignette.ch\/en\/wp-json\/wp\/v2\/types\/page"}],"author":[{"embeddable":true,"href":"https:\/\/schweiz-vignette.ch\/en\/wp-json\/wp\/v2\/users\/1"}],"replies":[{"embeddable":true,"href":"https:\/\/schweiz-vignette.ch\/en\/wp-json\/wp\/v2\/comments?post=825"}],"version-history":[{"count":5,"href":"https:\/\/schweiz-vignette.ch\/en\/wp-json\/wp\/v2\/pages\/825\/revisions"}],"predecessor-version":[{"id":862,"href":"https:\/\/schweiz-vignette.ch\/en\/wp-json\/wp\/v2\/pages\/825\/revisions\/862"}],"wp:attachment":[{"href":"https:\/\/schweiz-vignette.ch\/en\/wp-json\/wp\/v2\/media?parent=825"}],"curies":[{"name":"wp","href":"https:\/\/api.w.org\/{rel}","templated":true}]}}