{"id":819,"date":"2023-09-28T11:41:30","date_gmt":"2023-09-28T11:41:30","guid":{"rendered":"https:\/\/schweiz-vignette.ch\/?page_id=819"},"modified":"2023-09-28T16:03:42","modified_gmt":"2023-09-28T16:03:42","slug":"impressum","status":"publish","type":"page","link":"https:\/\/schweiz-vignette.ch\/fr\/mentions-legales\/","title":{"rendered":"Mentions l\u00e9gales"},"content":{"rendered":"<div data-elementor-type=\"wp-page\" data-elementor-id=\"819\" class=\"elementor elementor-819\" data-elementor-post-type=\"page\">\n\t\t\t\t\t\t<section class=\"elementor-section elementor-top-section elementor-element elementor-element-eb12bcd elementor-section-boxed elementor-section-height-default elementor-section-height-default\" data-id=\"eb12bcd\" data-element_type=\"section\" data-settings=\"{&quot;background_background&quot;:&quot;classic&quot;}\">\n\t\t\t\t\t\t\t<div class=\"elementor-background-overlay\"><\/div>\n\t\t\t\t\t\t\t<div class=\"elementor-container elementor-column-gap-default\">\n\t\t\t\t\t<div class=\"elementor-column elementor-col-100 elementor-top-column elementor-element elementor-element-0d091b9\" data-id=\"0d091b9\" data-element_type=\"column\">\n\t\t\t<div class=\"elementor-widget-wrap elementor-element-populated\">\n\t\t\t\t\t\t<div class=\"elementor-element elementor-element-bffdb8b elementor-widget elementor-widget-heading\" data-id=\"bffdb8b\" data-element_type=\"widget\" data-widget_type=\"heading.default\">\n\t\t\t\t<div class=\"elementor-widget-container\">\n\t\t\t\t\t<h1 class=\"elementor-heading-title elementor-size-default\">Mentions l\u00e9gales<\/h1>\t\t\t\t<\/div>\n\t\t\t\t<\/div>\n\t\t\t\t\t<\/div>\n\t\t<\/div>\n\t\t\t\t\t<\/div>\n\t\t<\/section>\n\t\t\t\t<section class=\"elementor-section elementor-top-section elementor-element elementor-element-ce9836f elementor-section-boxed elementor-section-height-default elementor-section-height-default\" data-id=\"ce9836f\" data-element_type=\"section\">\n\t\t\t\t\t\t<div class=\"elementor-container elementor-column-gap-default\">\n\t\t\t\t\t<div class=\"elementor-column elementor-col-100 elementor-top-column elementor-element elementor-element-c3ab3a0\" data-id=\"c3ab3a0\" data-element_type=\"column\">\n\t\t\t<div class=\"elementor-widget-wrap elementor-element-populated\">\n\t\t\t\t\t\t<div class=\"elementor-element elementor-element-a213c35 elementor-widget elementor-widget-text-editor\" data-id=\"a213c35\" data-element_type=\"widget\" data-widget_type=\"text-editor.default\">\n\t\t\t\t<div class=\"elementor-widget-container\">\n\t\t\t\t\t\t\t\t\t<p><strong>Suisse-vignette.ch est une offre Internet de :<\/strong><\/p><p>Himmele Verwaltungs GmbH<\/p><p>Rue de l'Ouest 30A<\/p><p>8280 Kreuzlingen<\/p><p>\u00a0<\/p><p><strong>Contact :<\/strong><\/p><p>Courrier \u00e9lectronique : <a href=\"mailto:kontakt@schweiz-vignette.ch\">kontakt@schweiz-vignette.ch<\/a><\/p><p><strong>Num\u00e9ro d'identification fiscale :<\/strong><\/p><p>CHE-376.315.986<\/p><p><strong>R\u00e8glement extrajudiciaire des litiges<\/strong><\/p><p>Information sur le r\u00e8glement des litiges de consommation conform\u00e9ment au \u00a7 36 de la loi allemande sur le r\u00e8glement des litiges de consommation (VSBG) :<\/p><p>Nous ne participons pas \u00e0 une proc\u00e9dure de r\u00e8glement des litiges devant un organisme de conciliation des consommateurs. La loi sur le r\u00e8glement alternatif des litiges de consommation exige toutefois que nous vous indiquions un organisme de conciliation des consommateurs comp\u00e9tent pour vous :<\/p><p>Office g\u00e9n\u00e9ral de conciliation des consommateurs du Zentrums f\u00fcr Schlichtung e. V. (centre de conciliation)<\/p><p>Rue de Strasbourg 8<\/p><p>77694 Kehl<\/p><p>Internet : www.universalschlichtungsstelle.de<\/p><p>Informations sur le r\u00e8glement en ligne des litiges conform\u00e9ment \u00e0 l'article 14, paragraphe 1, du r\u00e8glement ODR :<\/p><p>La Commission europ\u00e9enne met \u00e0 disposition une plateforme de r\u00e8glement extrajudiciaire des litiges en ligne (plateforme OS), accessible \u00e0 l'adresse suivante : www.ec.europa.eu\/consumers\/odr\/main\/index.cfm. Vous trouverez notre adresse e-mail dans nos mentions l\u00e9gales. Nous ne sommes ni oblig\u00e9s ni dispos\u00e9s \u00e0 participer \u00e0 la proc\u00e9dure de r\u00e8glement des litiges.<\/p>\t\t\t\t\t\t\t\t<\/div>\n\t\t\t\t<\/div>\n\t\t\t\t\t<\/div>\n\t\t<\/div>\n\t\t\t\t\t<\/div>\n\t\t<\/section>\n\t\t\t\t<\/div>","protected":false},"excerpt":{"rendered":"<p>Impressum Schweiz-vignette.ch ist ein Internetangebot von: Himmele Verwaltungs GmbH Weststr. 30A 8280 Kreuzlingen Kontakt: E-Mail: kontakt@schweiz-vignette.ch Steuer-ID: CHE-376.315.986 Au\u00dfergerichtliche Streitbeilegung Information zur Verbraucherstreitbeilegung nach \u00a7 36 Verbraucherstreitbeilegungsgesetz (VSBG): Wir nehmen nicht an einem Streitbeilegungsverfahren vor einer Verbraucherschlichtungsstelle teil. Das Gesetzes \u00fcber die alternative Streitbeilegung in Verbrauchersachen fordert aber, dass wir Sie trotzdem auf eine f\u00fcr [&hellip;]<\/p>","protected":false},"author":1,"featured_media":0,"parent":0,"menu_order":0,"comment_status":"closed","ping_status":"closed","template":"elementor_header_footer","meta":{"footnotes":""},"class_list":["post-819","page","type-page","status-publish","hentry"],"yoast_head":"<!-- This site is optimized with the Yoast SEO plugin v24.9 - https:\/\/yoast.com\/wordpress\/plugins\/seo\/ -->\n<title>Impressum - Digitale Vignette Schweiz<\/title>\n<meta name=\"robots\" content=\"noindex, nofollow\" \/>\n<meta property=\"og:locale\" content=\"fr_FR\" \/>\n<meta property=\"og:type\" content=\"article\" \/>\n<meta property=\"og:title\" content=\"Impressum - Digitale Vignette Schweiz\" \/>\n<meta property=\"og:description\" content=\"Impressum Schweiz-vignette.ch ist ein Internetangebot von: Himmele Verwaltungs GmbH Weststr. 30A 8280 Kreuzlingen Kontakt: E-Mail: kontakt@schweiz-vignette.ch Steuer-ID: CHE-376.315.986 Au\u00dfergerichtliche Streitbeilegung Information zur Verbraucherstreitbeilegung nach \u00a7 36 Verbraucherstreitbeilegungsgesetz (VSBG): Wir nehmen nicht an einem Streitbeilegungsverfahren vor einer Verbraucherschlichtungsstelle teil. Das Gesetzes \u00fcber die alternative Streitbeilegung in Verbrauchersachen fordert aber, dass wir Sie trotzdem auf eine f\u00fcr [&hellip;]\" \/>\n<meta property=\"og:url\" content=\"https:\/\/schweiz-vignette.ch\/fr\/mentions-legales\/\" \/>\n<meta property=\"og:site_name\" content=\"Digitale Vignette Schweiz\" \/>\n<meta property=\"article:modified_time\" content=\"2023-09-28T16:03:42+00:00\" \/>\n<meta name=\"twitter:card\" content=\"summary_large_image\" \/>\n<meta name=\"twitter:label1\" content=\"Dur\u00e9e de lecture estim\u00e9e\" \/>\n\t<meta name=\"twitter:data1\" content=\"1 minute\" \/>\n<script type=\"application\/ld+json\" class=\"yoast-schema-graph\">{\"@context\":\"https:\/\/schema.org\",\"@graph\":[{\"@type\":\"WebPage\",\"@id\":\"https:\/\/schweiz-vignette.ch\/impressum\/\",\"url\":\"https:\/\/schweiz-vignette.ch\/impressum\/\",\"name\":\"Impressum - Digitale Vignette Schweiz\",\"isPartOf\":{\"@id\":\"https:\/\/schweiz-vignette.ch\/#website\"},\"datePublished\":\"2023-09-28T11:41:30+00:00\",\"dateModified\":\"2023-09-28T16:03:42+00:00\",\"breadcrumb\":{\"@id\":\"https:\/\/schweiz-vignette.ch\/impressum\/#breadcrumb\"},\"inLanguage\":\"fr-FR\",\"potentialAction\":[{\"@type\":\"ReadAction\",\"target\":[\"https:\/\/schweiz-vignette.ch\/impressum\/\"]}]},{\"@type\":\"BreadcrumbList\",\"@id\":\"https:\/\/schweiz-vignette.ch\/impressum\/#breadcrumb\",\"itemListElement\":[{\"@type\":\"ListItem\",\"position\":1,\"name\":\"Home\",\"item\":\"https:\/\/schweiz-vignette.ch\/\"},{\"@type\":\"ListItem\",\"position\":2,\"name\":\"Impressum\"}]},{\"@type\":\"WebSite\",\"@id\":\"https:\/\/schweiz-vignette.ch\/#website\",\"url\":\"https:\/\/schweiz-vignette.ch\/\",\"name\":\"Digitale Vignette Schweiz\",\"description\":\"\",\"potentialAction\":[{\"@type\":\"SearchAction\",\"target\":{\"@type\":\"EntryPoint\",\"urlTemplate\":\"https:\/\/schweiz-vignette.ch\/?s={search_term_string}\"},\"query-input\":{\"@type\":\"PropertyValueSpecification\",\"valueRequired\":true,\"valueName\":\"search_term_string\"}}],\"inLanguage\":\"fr-FR\"}]}<\/script>\n<!-- \/ Yoast SEO plugin. -->","yoast_head_json":{"title":"Impressum - Digitale Vignette Schweiz","robots":{"index":"noindex","follow":"nofollow"},"og_locale":"fr_FR","og_type":"article","og_title":"Impressum - Digitale Vignette Schweiz","og_description":"Impressum Schweiz-vignette.ch ist ein Internetangebot von: Himmele Verwaltungs GmbH Weststr. 30A 8280 Kreuzlingen Kontakt: E-Mail: kontakt@schweiz-vignette.ch Steuer-ID: CHE-376.315.986 Au\u00dfergerichtliche Streitbeilegung Information zur Verbraucherstreitbeilegung nach \u00a7 36 Verbraucherstreitbeilegungsgesetz (VSBG): Wir nehmen nicht an einem Streitbeilegungsverfahren vor einer Verbraucherschlichtungsstelle teil. Das Gesetzes \u00fcber die alternative Streitbeilegung in Verbrauchersachen fordert aber, dass wir Sie trotzdem auf eine f\u00fcr [&hellip;]","og_url":"https:\/\/schweiz-vignette.ch\/fr\/mentions-legales\/","og_site_name":"Digitale Vignette Schweiz","article_modified_time":"2023-09-28T16:03:42+00:00","twitter_card":"summary_large_image","twitter_misc":{"Dur\u00e9e de lecture estim\u00e9e":"1 minute"},"schema":{"@context":"https:\/\/schema.org","@graph":[{"@type":"WebPage","@id":"https:\/\/schweiz-vignette.ch\/impressum\/","url":"https:\/\/schweiz-vignette.ch\/impressum\/","name":"Impressum - Digitale Vignette Schweiz","isPartOf":{"@id":"https:\/\/schweiz-vignette.ch\/#website"},"datePublished":"2023-09-28T11:41:30+00:00","dateModified":"2023-09-28T16:03:42+00:00","breadcrumb":{"@id":"https:\/\/schweiz-vignette.ch\/impressum\/#breadcrumb"},"inLanguage":"fr-FR","potentialAction":[{"@type":"ReadAction","target":["https:\/\/schweiz-vignette.ch\/impressum\/"]}]},{"@type":"BreadcrumbList","@id":"https:\/\/schweiz-vignette.ch\/impressum\/#breadcrumb","itemListElement":[{"@type":"ListItem","position":1,"name":"Home","item":"https:\/\/schweiz-vignette.ch\/"},{"@type":"ListItem","position":2,"name":"Impressum"}]},{"@type":"WebSite","@id":"https:\/\/schweiz-vignette.ch\/#website","url":"https:\/\/schweiz-vignette.ch\/","name":"Digitale Vignette Schweiz","description":"","potentialAction":[{"@type":"SearchAction","target":{"@type":"EntryPoint","urlTemplate":"https:\/\/schweiz-vignette.ch\/?s={search_term_string}"},"query-input":{"@type":"PropertyValueSpecification","valueRequired":true,"valueName":"search_term_string"}}],"inLanguage":"fr-FR"}]}},"_links":{"self":[{"href":"https:\/\/schweiz-vignette.ch\/fr\/wp-json\/wp\/v2\/pages\/819","targetHints":{"allow":["GET"]}}],"collection":[{"href":"https:\/\/schweiz-vignette.ch\/fr\/wp-json\/wp\/v2\/pages"}],"about":[{"href":"https:\/\/schweiz-vignette.ch\/fr\/wp-json\/wp\/v2\/types\/page"}],"author":[{"embeddable":true,"href":"https:\/\/schweiz-vignette.ch\/fr\/wp-json\/wp\/v2\/users\/1"}],"replies":[{"embeddable":true,"href":"https:\/\/schweiz-vignette.ch\/fr\/wp-json\/wp\/v2\/comments?post=819"}],"version-history":[{"count":8,"href":"https:\/\/schweiz-vignette.ch\/fr\/wp-json\/wp\/v2\/pages\/819\/revisions"}],"predecessor-version":[{"id":865,"href":"https:\/\/schweiz-vignette.ch\/fr\/wp-json\/wp\/v2\/pages\/819\/revisions\/865"}],"wp:attachment":[{"href":"https:\/\/schweiz-vignette.ch\/fr\/wp-json\/wp\/v2\/media?parent=819"}],"curies":[{"name":"wp","href":"https:\/\/api.w.org\/{rel}","templated":true}]}}