{"id":591,"date":"2023-09-25T23:16:16","date_gmt":"2023-09-25T23:16:16","guid":{"rendered":"https:\/\/schweiz-vignette.ch\/?page_id=591"},"modified":"2023-09-28T23:46:03","modified_gmt":"2023-09-28T23:46:03","slug":"faq","status":"publish","type":"page","link":"https:\/\/schweiz-vignette.ch\/hu\/faq\/","title":{"rendered":"GYIK"},"content":{"rendered":"<div data-elementor-type=\"wp-page\" data-elementor-id=\"591\" class=\"elementor elementor-591\" data-elementor-post-type=\"page\">\n\t\t\t\t\t\t<section class=\"elementor-section elementor-top-section elementor-element elementor-element-244d91c elementor-section-boxed elementor-section-height-default elementor-section-height-default\" data-id=\"244d91c\" data-element_type=\"section\" data-settings=\"{&quot;background_background&quot;:&quot;classic&quot;}\">\n\t\t\t\t\t\t\t<div class=\"elementor-background-overlay\"><\/div>\n\t\t\t\t\t\t\t<div class=\"elementor-container elementor-column-gap-default\">\n\t\t\t\t\t<div class=\"elementor-column elementor-col-100 elementor-top-column elementor-element elementor-element-31b1269\" data-id=\"31b1269\" data-element_type=\"column\">\n\t\t\t<div class=\"elementor-widget-wrap elementor-element-populated\">\n\t\t\t\t\t\t<div class=\"elementor-element elementor-element-6232ece elementor-widget elementor-widget-heading\" data-id=\"6232ece\" data-element_type=\"widget\" data-widget_type=\"heading.default\">\n\t\t\t\t<div class=\"elementor-widget-container\">\n\t\t\t\t\t<h1 class=\"elementor-heading-title elementor-size-default\">Gyakran ism\u00e9telt k\u00e9rd\u00e9sek<\/h1>\t\t\t\t<\/div>\n\t\t\t\t<\/div>\n\t\t\t\t\t<\/div>\n\t\t<\/div>\n\t\t\t\t\t<\/div>\n\t\t<\/section>\n\t\t\t\t<section class=\"elementor-section elementor-top-section elementor-element elementor-element-63fe6cd elementor-section-boxed elementor-section-height-default elementor-section-height-default\" data-id=\"63fe6cd\" data-element_type=\"section\">\n\t\t\t\t\t\t<div class=\"elementor-container elementor-column-gap-default\">\n\t\t\t\t\t<div class=\"elementor-column elementor-col-100 elementor-top-column elementor-element elementor-element-5f2f45c\" data-id=\"5f2f45c\" data-element_type=\"column\">\n\t\t\t<div class=\"elementor-widget-wrap elementor-element-populated\">\n\t\t\t\t\t\t<div class=\"elementor-element elementor-element-6493332 elementor-widget elementor-widget-heading\" data-id=\"6493332\" data-element_type=\"widget\" data-widget_type=\"heading.default\">\n\t\t\t\t<div class=\"elementor-widget-container\">\n\t\t\t\t\t<h2 class=\"elementor-heading-title elementor-size-default\">Hogyan t\u00f6rt\u00e9nik a matric\u00e1m regisztr\u00e1l\u00e1sa?<\/h2>\t\t\t\t<\/div>\n\t\t\t\t<\/div>\n\t\t\t\t\t<\/div>\n\t\t<\/div>\n\t\t\t\t\t<\/div>\n\t\t<\/section>\n\t\t\t\t<section class=\"elementor-section elementor-top-section elementor-element elementor-element-29783a1 elementor-section-boxed elementor-section-height-default elementor-section-height-default\" data-id=\"29783a1\" data-element_type=\"section\">\n\t\t\t\t\t\t<div class=\"elementor-container elementor-column-gap-default\">\n\t\t\t\t\t<div class=\"elementor-column elementor-col-33 elementor-top-column elementor-element elementor-element-a0030f9\" data-id=\"a0030f9\" data-element_type=\"column\">\n\t\t\t<div class=\"elementor-widget-wrap elementor-element-populated\">\n\t\t\t\t\t\t<div class=\"elementor-element elementor-element-f4ec1cd elementor-widget elementor-widget-icon-box\" data-id=\"f4ec1cd\" data-element_type=\"widget\" data-widget_type=\"icon-box.default\">\n\t\t\t\t<div class=\"elementor-widget-container\">\n\t\t\t\t\t\t\t<div class=\"elementor-icon-box-wrapper\">\n\n\t\t\t\n\t\t\t\t\t\t<div class=\"elementor-icon-box-content\">\n\n\t\t\t\t\t\t\t\t\t<h3 class=\"elementor-icon-box-title\">\n\t\t\t\t\t\t<span  >\n\t\t\t\t\t\t\t1. id\u0151tartam \u00e9s rendsz\u00e1m\t\t\t\t\t\t<\/span>\n\t\t\t\t\t<\/h3>\n\t\t\t\t\n\t\t\t\t\t\t\t\t\t<p class=\"elementor-icon-box-description\">\n\t\t\t\t\t\tKiv\u00e1laszthatja, hogy milyen t\u00edpus\u00fa j\u00e1rm\u0171vel szeretne Sv\u00e1jcban k\u00f6zlekedni. Ezut\u00e1n v\u00e1lassza ki azt az id\u0151pontot, amelyt\u0151l kezdve a matrica \u00e9rv\u00e9nyesnek kell lennie. V\u00e9g\u00fcl adja meg a g\u00e9pkocsi rendsz\u00e1m\u00e1t \u00e9s a nyilv\u00e1ntart\u00e1sba v\u00e9tel orsz\u00e1g\u00e1t.\t\t\t\t\t<\/p>\n\t\t\t\t\n\t\t\t<\/div>\n\t\t\t\n\t\t<\/div>\n\t\t\t\t\t\t<\/div>\n\t\t\t\t<\/div>\n\t\t\t\t\t<\/div>\n\t\t<\/div>\n\t\t\t\t<div class=\"elementor-column elementor-col-33 elementor-top-column elementor-element elementor-element-aac8109\" data-id=\"aac8109\" data-element_type=\"column\">\n\t\t\t<div class=\"elementor-widget-wrap elementor-element-populated\">\n\t\t\t\t\t\t<div class=\"elementor-element elementor-element-9e9697a elementor-widget elementor-widget-icon-box\" data-id=\"9e9697a\" data-element_type=\"widget\" data-widget_type=\"icon-box.default\">\n\t\t\t\t<div class=\"elementor-widget-container\">\n\t\t\t\t\t\t\t<div class=\"elementor-icon-box-wrapper\">\n\n\t\t\t\n\t\t\t\t\t\t<div class=\"elementor-icon-box-content\">\n\n\t\t\t\t\t\t\t\t\t<h3 class=\"elementor-icon-box-title\">\n\t\t\t\t\t\t<span  >\n\t\t\t\t\t\t\t2. fizet\u00e9s\t\t\t\t\t\t<\/span>\n\t\t\t\t\t<\/h3>\n\t\t\t\t\n\t\t\t\t\t\t\t\t\t<p class=\"elementor-icon-box-description\">\n\t\t\t\t\t\tV\u00e1lassza ki a k\u00edv\u00e1nt fizet\u00e9si m\u00f3dot. A fizet\u00e9s ut\u00e1n nem kell semmi m\u00e1st tennie.\t\t\t\t\t<\/p>\n\t\t\t\t\n\t\t\t<\/div>\n\t\t\t\n\t\t<\/div>\n\t\t\t\t\t\t<\/div>\n\t\t\t\t<\/div>\n\t\t\t\t\t<\/div>\n\t\t<\/div>\n\t\t\t\t<div class=\"elementor-column elementor-col-33 elementor-top-column elementor-element elementor-element-7156698\" data-id=\"7156698\" data-element_type=\"column\">\n\t\t\t<div class=\"elementor-widget-wrap elementor-element-populated\">\n\t\t\t\t\t\t<div class=\"elementor-element elementor-element-af761ae elementor-widget elementor-widget-icon-box\" data-id=\"af761ae\" data-element_type=\"widget\" data-widget_type=\"icon-box.default\">\n\t\t\t\t<div class=\"elementor-widget-container\">\n\t\t\t\t\t\t\t<div class=\"elementor-icon-box-wrapper\">\n\n\t\t\t\n\t\t\t\t\t\t<div class=\"elementor-icon-box-content\">\n\n\t\t\t\t\t\t\t\t\t<h3 class=\"elementor-icon-box-title\">\n\t\t\t\t\t\t<span  >\n\t\t\t\t\t\t\t3 Regisztr\u00e1ci\u00f3 \u00e9s \u00e9rv\u00e9nyess\u00e9g\t\t\t\t\t\t<\/span>\n\t\t\t\t\t<\/h3>\n\t\t\t\t\n\t\t\t\t\t\t\t\t\t<p class=\"elementor-icon-box-description\">\n\t\t\t\t\t\tA matric\u00e1t bejegyezt\u00e9k a rendsz\u00e1mt\u00e1bl\u00e1j\u00e1ra. N\u00e9h\u00e1ny perc m\u00falva kap egy e-mailt a visszaigazol\u00e1sr\u00f3l, \u00e9s v\u00e1rakoz\u00e1si id\u0151 \u00e9s fizikai matrica n\u00e9lk\u00fcl elindulhat.\t\t\t\t\t<\/p>\n\t\t\t\t\n\t\t\t<\/div>\n\t\t\t\n\t\t<\/div>\n\t\t\t\t\t\t<\/div>\n\t\t\t\t<\/div>\n\t\t\t\t\t<\/div>\n\t\t<\/div>\n\t\t\t\t\t<\/div>\n\t\t<\/section>\n\t\t\t\t<section class=\"elementor-section elementor-top-section elementor-element elementor-element-1b123b0 elementor-section-boxed elementor-section-height-default elementor-section-height-default\" data-id=\"1b123b0\" data-element_type=\"section\" data-settings=\"{&quot;background_background&quot;:&quot;classic&quot;}\">\n\t\t\t\t\t\t<div class=\"elementor-container elementor-column-gap-default\">\n\t\t\t\t\t<div class=\"elementor-column elementor-col-100 elementor-top-column elementor-element elementor-element-c353dac\" data-id=\"c353dac\" data-element_type=\"column\">\n\t\t\t<div class=\"elementor-widget-wrap elementor-element-populated\">\n\t\t\t\t\t\t<div class=\"elementor-element elementor-element-b0640b3 elementor-widget elementor-widget-heading\" data-id=\"b0640b3\" data-element_type=\"widget\" data-widget_type=\"heading.default\">\n\t\t\t\t<div class=\"elementor-widget-container\">\n\t\t\t\t\t<h2 class=\"elementor-heading-title elementor-size-default\">J\u00f3 tudni<\/h2>\t\t\t\t<\/div>\n\t\t\t\t<\/div>\n\t\t\t\t<div class=\"elementor-element elementor-element-cced58a elementor-widget elementor-widget-text-editor\" data-id=\"cced58a\" data-element_type=\"widget\" data-widget_type=\"text-editor.default\">\n\t\t\t\t<div class=\"elementor-widget-container\">\n\t\t\t\t\t\t\t\t\t<p>A matric\u00e1t azonnal regisztr\u00e1ljuk a hivatalos nyilv\u00e1ntart\u00e1sba, nem kell v\u00e1rnia, \u00e9s n\u00e9h\u00e1ny perc m\u00falva m\u00e1r vezethet is.<\/p>\t\t\t\t\t\t\t\t<\/div>\n\t\t\t\t<\/div>\n\t\t\t\t\t<\/div>\n\t\t<\/div>\n\t\t\t\t\t<\/div>\n\t\t<\/section>\n\t\t\t\t<section class=\"elementor-section elementor-top-section elementor-element elementor-element-895a063 elementor-section-boxed elementor-section-height-default elementor-section-height-default\" data-id=\"895a063\" data-element_type=\"section\">\n\t\t\t\t\t\t<div class=\"elementor-container elementor-column-gap-default\">\n\t\t\t\t\t<div class=\"elementor-column elementor-col-100 elementor-top-column elementor-element elementor-element-2425e79\" data-id=\"2425e79\" data-element_type=\"column\">\n\t\t\t<div class=\"elementor-widget-wrap elementor-element-populated\">\n\t\t\t\t\t\t<div class=\"elementor-element elementor-element-a60c4b3 elementor-widget elementor-widget-toggle\" data-id=\"a60c4b3\" data-element_type=\"widget\" data-widget_type=\"toggle.default\">\n\t\t\t\t<div class=\"elementor-widget-container\">\n\t\t\t\t\t\t\t<div class=\"elementor-toggle\">\n\t\t\t\t\t\t\t<div class=\"elementor-toggle-item\">\n\t\t\t\t\t<div id=\"elementor-tab-title-1741\" class=\"elementor-tab-title\" data-tab=\"1\" role=\"button\" aria-controls=\"elementor-tab-content-1741\" aria-expanded=\"false\">\n\t\t\t\t\t\t\t\t\t\t\t\t<span class=\"elementor-toggle-icon elementor-toggle-icon-left\" aria-hidden=\"true\">\n\t\t\t\t\t\t\t\t\t\t\t\t\t\t\t<span class=\"elementor-toggle-icon-closed\"><i class=\"fas fa-caret-right\"><\/i><\/span>\n\t\t\t\t\t\t\t\t<span class=\"elementor-toggle-icon-opened\"><i class=\"elementor-toggle-icon-opened fas fa-caret-up\"><\/i><\/span>\n\t\t\t\t\t\t\t\t\t\t\t\t\t<\/span>\n\t\t\t\t\t\t\t\t\t\t\t\t<a class=\"elementor-toggle-title\" tabindex=\"0\">Postai \u00faton vagy fizikailag kapom meg a matric\u00e1t?<\/a>\n\t\t\t\t\t<\/div>\n\n\t\t\t\t\t<div id=\"elementor-tab-content-1741\" class=\"elementor-tab-content elementor-clearfix\" data-tab=\"1\" role=\"region\" aria-labelledby=\"elementor-tab-title-1741\"><p>Nem, a matric\u00e1t az \u00d6n \u00e1ltal megadott rendsz\u00e1mt\u00e1bl\u00e1ra regisztr\u00e1ljuk, \u00e9s \u00d6n azonnal vezethet, miut\u00e1n e-mailben elk\u00fcldt\u00fck \u00d6nnek a regisztr\u00e1ci\u00f3s visszaigazol\u00e1st.<\/p><\/div>\n\t\t\t\t<\/div>\n\t\t\t\t\t\t\t<div class=\"elementor-toggle-item\">\n\t\t\t\t\t<div id=\"elementor-tab-title-1742\" class=\"elementor-tab-title\" data-tab=\"2\" role=\"button\" aria-controls=\"elementor-tab-content-1742\" aria-expanded=\"false\">\n\t\t\t\t\t\t\t\t\t\t\t\t<span class=\"elementor-toggle-icon elementor-toggle-icon-left\" aria-hidden=\"true\">\n\t\t\t\t\t\t\t\t\t\t\t\t\t\t\t<span class=\"elementor-toggle-icon-closed\"><i class=\"fas fa-caret-right\"><\/i><\/span>\n\t\t\t\t\t\t\t\t<span class=\"elementor-toggle-icon-opened\"><i class=\"elementor-toggle-icon-opened fas fa-caret-up\"><\/i><\/span>\n\t\t\t\t\t\t\t\t\t\t\t\t\t<\/span>\n\t\t\t\t\t\t\t\t\t\t\t\t<a class=\"elementor-toggle-title\" tabindex=\"0\">Mennyi id\u0151be telik, am\u00edg a matrica felker\u00fcl a rendsz\u00e1mt\u00e1bl\u00e1mra?<\/a>\n\t\t\t\t\t<\/div>\n\n\t\t\t\t\t<div id=\"elementor-tab-content-1742\" class=\"elementor-tab-content elementor-clearfix\" data-tab=\"2\" role=\"region\" aria-labelledby=\"elementor-tab-title-1742\"><p>A regisztr\u00e1ci\u00f3s folyamat a megrendel\u00e9s ut\u00e1n azonnal automatikusan elindul, \u00e9s \u00e1tlagosan 2-10 percet vesz ig\u00e9nybe.<\/p><\/div>\n\t\t\t\t<\/div>\n\t\t\t\t\t\t\t<div class=\"elementor-toggle-item\">\n\t\t\t\t\t<div id=\"elementor-tab-title-1743\" class=\"elementor-tab-title\" data-tab=\"3\" role=\"button\" aria-controls=\"elementor-tab-content-1743\" aria-expanded=\"false\">\n\t\t\t\t\t\t\t\t\t\t\t\t<span class=\"elementor-toggle-icon elementor-toggle-icon-left\" aria-hidden=\"true\">\n\t\t\t\t\t\t\t\t\t\t\t\t\t\t\t<span class=\"elementor-toggle-icon-closed\"><i class=\"fas fa-caret-right\"><\/i><\/span>\n\t\t\t\t\t\t\t\t<span class=\"elementor-toggle-icon-opened\"><i class=\"elementor-toggle-icon-opened fas fa-caret-up\"><\/i><\/span>\n\t\t\t\t\t\t\t\t\t\t\t\t\t<\/span>\n\t\t\t\t\t\t\t\t\t\t\t\t<a class=\"elementor-toggle-title\" tabindex=\"0\">Mikor kezdhetek el vezetni a v\u00e1s\u00e1rl\u00e1s ut\u00e1n?<\/a>\n\t\t\t\t\t<\/div>\n\n\t\t\t\t\t<div id=\"elementor-tab-content-1743\" class=\"elementor-tab-content elementor-clearfix\" data-tab=\"3\" role=\"region\" aria-labelledby=\"elementor-tab-title-1743\"><p>Amint megkapta t\u0151l\u00fcnk a regisztr\u00e1ci\u00f3t visszaigazol\u00f3 e-mailt (\u00e1tlagosan 2-10 perc), a matrica birtok\u00e1ban m\u00e1r k\u00f6zlekedhet is a sv\u00e1jci utakon.<\/p><\/div>\n\t\t\t\t<\/div>\n\t\t\t\t\t\t\t<div class=\"elementor-toggle-item\">\n\t\t\t\t\t<div id=\"elementor-tab-title-1744\" class=\"elementor-tab-title\" data-tab=\"4\" role=\"button\" aria-controls=\"elementor-tab-content-1744\" aria-expanded=\"false\">\n\t\t\t\t\t\t\t\t\t\t\t\t<span class=\"elementor-toggle-icon elementor-toggle-icon-left\" aria-hidden=\"true\">\n\t\t\t\t\t\t\t\t\t\t\t\t\t\t\t<span class=\"elementor-toggle-icon-closed\"><i class=\"fas fa-caret-right\"><\/i><\/span>\n\t\t\t\t\t\t\t\t<span class=\"elementor-toggle-icon-opened\"><i class=\"elementor-toggle-icon-opened fas fa-caret-up\"><\/i><\/span>\n\t\t\t\t\t\t\t\t\t\t\t\t\t<\/span>\n\t\t\t\t\t\t\t\t\t\t\t\t<a class=\"elementor-toggle-title\" tabindex=\"0\">Sz\u00fcks\u00e9gem van matric\u00e1ra Sv\u00e1jcban?<\/a>\n\t\t\t\t\t<\/div>\n\n\t\t\t\t\t<div id=\"elementor-tab-content-1744\" class=\"elementor-tab-content elementor-clearfix\" data-tab=\"4\" role=\"region\" aria-labelledby=\"elementor-tab-title-1744\"><p>IGEN! Az aut\u00f3p\u00e1ly\u00e1kon (Sv\u00e1jcban feh\u00e9r-z\u00f6ld jelz\u00e9ssel) a 3,5 tonna \u00f6sszt\u00f6meg\u0171 g\u00e9pj\u00e1rm\u0171vek sz\u00e1m\u00e1ra k\u00f6telez\u0151 a matrica haszn\u00e1lata. Hasonl\u00f3k\u00e9ppen, a 3,5 tonn\u00e1n\u00e1l kisebb \u00f6sszt\u00f6meg\u0171 p\u00f3tkocsik \u00e9s lak\u00f3kocsik eset\u00e9ben is k\u00fcl\u00f6n matric\u00e1t kell haszn\u00e1lni. A motorker\u00e9kp\u00e1rok \u00e1ltal h\u00fazott p\u00f3tkocsik mentes\u00fclnek a matricak\u00f6telezetts\u00e9g al\u00f3l. Ez a rendelet a legfeljebb 3,5 tonna \u00f6sszt\u00f6meg\u0171 lak\u00f3aut\u00f3kra \u00e9s motorker\u00e9kp\u00e1rokra is vonatkozik.<\/p><\/div>\n\t\t\t\t<\/div>\n\t\t\t\t\t\t\t<div class=\"elementor-toggle-item\">\n\t\t\t\t\t<div id=\"elementor-tab-title-1745\" class=\"elementor-tab-title\" data-tab=\"5\" role=\"button\" aria-controls=\"elementor-tab-content-1745\" aria-expanded=\"false\">\n\t\t\t\t\t\t\t\t\t\t\t\t<span class=\"elementor-toggle-icon elementor-toggle-icon-left\" aria-hidden=\"true\">\n\t\t\t\t\t\t\t\t\t\t\t\t\t\t\t<span class=\"elementor-toggle-icon-closed\"><i class=\"fas fa-caret-right\"><\/i><\/span>\n\t\t\t\t\t\t\t\t<span class=\"elementor-toggle-icon-opened\"><i class=\"elementor-toggle-icon-opened fas fa-caret-up\"><\/i><\/span>\n\t\t\t\t\t\t\t\t\t\t\t\t\t<\/span>\n\t\t\t\t\t\t\t\t\t\t\t\t<a class=\"elementor-toggle-title\" tabindex=\"0\">Mi a k\u00fcl\u00f6nbs\u00e9g az e-matrica \u00e9s a ragaszt\u00f3s matrica k\u00f6z\u00f6tt?<\/a>\n\t\t\t\t\t<\/div>\n\n\t\t\t\t\t<div id=\"elementor-tab-content-1745\" class=\"elementor-tab-content elementor-clearfix\" data-tab=\"5\" role=\"region\" aria-labelledby=\"elementor-tab-title-1745\"><p>Elvileg mindk\u00e9t matric\u00e1nak ugyanaz a funkci\u00f3ja. Az e-matrica azonban n\u00e9h\u00e1ny perc alatt elk\u00e9sz\u00fcl, m\u00edg a fizikai matric\u00e1t post\u00e1n kell elk\u00fcldeni. Az e-matrica el\u0151nye tov\u00e1bb\u00e1, hogy nem kell ragaszt\u00f3matric\u00e1t ragasztani a sz\u00e9lv\u00e9d\u0151re, \u00e9s a regisztr\u00e1ci\u00f3 digit\u00e1lisan t\u00f6rt\u00e9nik - azaz a regisztr\u00e1ci\u00f3 a rendsz\u00e1mt\u00e1bl\u00e1n t\u00f6rt\u00e9nik.<\/p><\/div>\n\t\t\t\t<\/div>\n\t\t\t\t\t\t\t<div class=\"elementor-toggle-item\">\n\t\t\t\t\t<div id=\"elementor-tab-title-1746\" class=\"elementor-tab-title\" data-tab=\"6\" role=\"button\" aria-controls=\"elementor-tab-content-1746\" aria-expanded=\"false\">\n\t\t\t\t\t\t\t\t\t\t\t\t<span class=\"elementor-toggle-icon elementor-toggle-icon-left\" aria-hidden=\"true\">\n\t\t\t\t\t\t\t\t\t\t\t\t\t\t\t<span class=\"elementor-toggle-icon-closed\"><i class=\"fas fa-caret-right\"><\/i><\/span>\n\t\t\t\t\t\t\t\t<span class=\"elementor-toggle-icon-opened\"><i class=\"elementor-toggle-icon-opened fas fa-caret-up\"><\/i><\/span>\n\t\t\t\t\t\t\t\t\t\t\t\t\t<\/span>\n\t\t\t\t\t\t\t\t\t\t\t\t<a class=\"elementor-toggle-title\" tabindex=\"0\">Sz\u00fcks\u00e9gem van matric\u00e1ra a lak\u00f3kocsimhoz \/ p\u00f3tkocsimhoz?<\/a>\n\t\t\t\t\t<\/div>\n\n\t\t\t\t\t<div id=\"elementor-tab-content-1746\" class=\"elementor-tab-content elementor-clearfix\" data-tab=\"6\" role=\"region\" aria-labelledby=\"elementor-tab-title-1746\"><p>Ebben az \u00f6sszef\u00fcgg\u00e9sben a p\u00f3tkocsi megengedett \u00f6sszt\u00f6mege (GVW) d\u00f6nt\u0151 szerepet j\u00e1tszik. A legfeljebb 3,5 tonna megengedett \u00f6sszt\u00f6meg\u0171 p\u00f3tkocsik eset\u00e9ben kieg\u00e9sz\u00edt\u0151 matrica v\u00e1s\u00e1rl\u00e1sa sz\u00fcks\u00e9ges. Ez vonatkozik azokra a lak\u00f3kocsikra is, amelyek megengedett legnagyobb \u00f6sszt\u00f6mege szint\u00e9n nem haladja meg a 3,5 tonn\u00e1t. A 3,5 tonn\u00e1t meghalad\u00f3 \u00f6sszt\u00f6meg\u0171 p\u00f3tkocsik \u00e9s lak\u00f3kocsik eset\u00e9ben a d\u00edjat k\u00fcl\u00f6n neh\u00e9zg\u00e9pj\u00e1rm\u0171-illet\u00e9kkel kell megfizetni. A matricak\u00f6telezetts\u00e9g nem vonatkozik a motorker\u00e9kp\u00e1rral vontatott p\u00f3tkocsikra.<\/p><\/div>\n\t\t\t\t<\/div>\n\t\t\t\t\t\t\t<div class=\"elementor-toggle-item\">\n\t\t\t\t\t<div id=\"elementor-tab-title-1747\" class=\"elementor-tab-title\" data-tab=\"7\" role=\"button\" aria-controls=\"elementor-tab-content-1747\" aria-expanded=\"false\">\n\t\t\t\t\t\t\t\t\t\t\t\t<span class=\"elementor-toggle-icon elementor-toggle-icon-left\" aria-hidden=\"true\">\n\t\t\t\t\t\t\t\t\t\t\t\t\t\t\t<span class=\"elementor-toggle-icon-closed\"><i class=\"fas fa-caret-right\"><\/i><\/span>\n\t\t\t\t\t\t\t\t<span class=\"elementor-toggle-icon-opened\"><i class=\"elementor-toggle-icon-opened fas fa-caret-up\"><\/i><\/span>\n\t\t\t\t\t\t\t\t\t\t\t\t\t<\/span>\n\t\t\t\t\t\t\t\t\t\t\t\t<a class=\"elementor-toggle-title\" tabindex=\"0\">Magammal kell vinnem a regisztr\u00e1ci\u00f3s visszaigazol\u00e1st?<\/a>\n\t\t\t\t\t<\/div>\n\n\t\t\t\t\t<div id=\"elementor-tab-content-1747\" class=\"elementor-tab-content elementor-clearfix\" data-tab=\"7\" role=\"region\" aria-labelledby=\"elementor-tab-title-1747\"><p>Nem. Azonban aj\u00e1nlott, hogy a regisztr\u00e1ci\u00f3s visszaigazol\u00e1st, amelyet a v\u00e1s\u00e1rl\u00e1s ut\u00e1n e-mailben kapott t\u0151l\u00fcnk, meg\u0151rizze arra az esetre, ha ellen\u0151rz\u00e9sre ker\u00fclne, \u00e9s technikai probl\u00e9m\u00e1k eset\u00e9n bizony\u00edtania kell a v\u00e1s\u00e1rl\u00e1st stb.....<\/p><\/div>\n\t\t\t\t<\/div>\n\t\t\t\t\t\t\t<div class=\"elementor-toggle-item\">\n\t\t\t\t\t<div id=\"elementor-tab-title-1748\" class=\"elementor-tab-title\" data-tab=\"8\" role=\"button\" aria-controls=\"elementor-tab-content-1748\" aria-expanded=\"false\">\n\t\t\t\t\t\t\t\t\t\t\t\t<span class=\"elementor-toggle-icon elementor-toggle-icon-left\" aria-hidden=\"true\">\n\t\t\t\t\t\t\t\t\t\t\t\t\t\t\t<span class=\"elementor-toggle-icon-closed\"><i class=\"fas fa-caret-right\"><\/i><\/span>\n\t\t\t\t\t\t\t\t<span class=\"elementor-toggle-icon-opened\"><i class=\"elementor-toggle-icon-opened fas fa-caret-up\"><\/i><\/span>\n\t\t\t\t\t\t\t\t\t\t\t\t\t<\/span>\n\t\t\t\t\t\t\t\t\t\t\t\t<a class=\"elementor-toggle-title\" tabindex=\"0\">Lehets\u00e9ges a rendsz\u00e1mt\u00e1bla cser\u00e9je?<\/a>\n\t\t\t\t\t<\/div>\n\n\t\t\t\t\t<div id=\"elementor-tab-content-1748\" class=\"elementor-tab-content elementor-clearfix\" data-tab=\"8\" role=\"region\" aria-labelledby=\"elementor-tab-title-1748\"><p>Igen, a rendsz\u00e1mt\u00e1bla egyszer cser\u00e9lhet\u0151. Fontos megjegyezni, hogy a j\u00e1rm\u0171 tulajdonos\u00e1nak azonosnak kell lennie.<\/p><\/div>\n\t\t\t\t<\/div>\n\t\t\t\t\t\t\t\t<\/div>\n\t\t\t\t\t\t<\/div>\n\t\t\t\t<\/div>\n\t\t\t\t\t<\/div>\n\t\t<\/div>\n\t\t\t\t\t<\/div>\n\t\t<\/section>\n\t\t\t\t<\/div>","protected":false},"excerpt":{"rendered":"<p>H\u00e4ufig gestellte Fragen Wie wird meine Vignette Registriert? 1. Dauer &#038; Kennzeichen Sie w\u00e4hlen Ihren Fahrzeugtyp aus mit dem sie durch die Schweiz fahren wollen. Dann w\u00e4hlen Sie ab wann die Vignette g\u00fcltig sein soll. Als letztes geben sie Ihr Auto-Kennzeichen an und das Zulassungsland 2. Bezahlung W\u00e4hlen sie die Zahlungsmethode Ihrer Wahl. Nach der [&hellip;]<\/p>","protected":false},"author":1,"featured_media":0,"parent":0,"menu_order":0,"comment_status":"closed","ping_status":"closed","template":"elementor_header_footer","meta":{"footnotes":""},"class_list":["post-591","page","type-page","status-publish","hentry"],"yoast_head":"<!-- This site is optimized with the Yoast SEO plugin v24.9 - https:\/\/yoast.com\/wordpress\/plugins\/seo\/ -->\n<title>FAQ - Digitale Vignette Schweiz<\/title>\n<meta name=\"robots\" content=\"index, follow, max-snippet:-1, max-image-preview:large, max-video-preview:-1\" \/>\n<link rel=\"canonical\" href=\"https:\/\/schweiz-vignette.ch\/hu\/faq\/\" \/>\n<meta property=\"og:locale\" content=\"hu_HU\" \/>\n<meta property=\"og:type\" content=\"article\" \/>\n<meta property=\"og:title\" content=\"FAQ - Digitale Vignette Schweiz\" \/>\n<meta property=\"og:description\" content=\"H\u00e4ufig gestellte Fragen Wie wird meine Vignette Registriert? 1. Dauer &#038; Kennzeichen Sie w\u00e4hlen Ihren Fahrzeugtyp aus mit dem sie durch die Schweiz fahren wollen. Dann w\u00e4hlen Sie ab wann die Vignette g\u00fcltig sein soll. Als letztes geben sie Ihr Auto-Kennzeichen an und das Zulassungsland 2. Bezahlung W\u00e4hlen sie die Zahlungsmethode Ihrer Wahl. Nach der [&hellip;]\" \/>\n<meta property=\"og:url\" content=\"https:\/\/schweiz-vignette.ch\/hu\/faq\/\" \/>\n<meta property=\"og:site_name\" content=\"Digitale Vignette Schweiz\" \/>\n<meta property=\"article:modified_time\" content=\"2023-09-28T23:46:03+00:00\" \/>\n<meta name=\"twitter:card\" content=\"summary_large_image\" \/>\n<meta name=\"twitter:label1\" content=\"Becs\u00fclt olvas\u00e1si id\u0151\" \/>\n\t<meta name=\"twitter:data1\" content=\"3 perc\" \/>\n<script type=\"application\/ld+json\" class=\"yoast-schema-graph\">{\"@context\":\"https:\/\/schema.org\",\"@graph\":[{\"@type\":\"WebPage\",\"@id\":\"https:\/\/schweiz-vignette.ch\/faq\/\",\"url\":\"https:\/\/schweiz-vignette.ch\/faq\/\",\"name\":\"FAQ - Digitale Vignette Schweiz\",\"isPartOf\":{\"@id\":\"https:\/\/schweiz-vignette.ch\/#website\"},\"datePublished\":\"2023-09-25T23:16:16+00:00\",\"dateModified\":\"2023-09-28T23:46:03+00:00\",\"breadcrumb\":{\"@id\":\"https:\/\/schweiz-vignette.ch\/faq\/#breadcrumb\"},\"inLanguage\":\"hu\",\"potentialAction\":[{\"@type\":\"ReadAction\",\"target\":[\"https:\/\/schweiz-vignette.ch\/faq\/\"]}]},{\"@type\":\"BreadcrumbList\",\"@id\":\"https:\/\/schweiz-vignette.ch\/faq\/#breadcrumb\",\"itemListElement\":[{\"@type\":\"ListItem\",\"position\":1,\"name\":\"Home\",\"item\":\"https:\/\/schweiz-vignette.ch\/\"},{\"@type\":\"ListItem\",\"position\":2,\"name\":\"FAQ\"}]},{\"@type\":\"WebSite\",\"@id\":\"https:\/\/schweiz-vignette.ch\/#website\",\"url\":\"https:\/\/schweiz-vignette.ch\/\",\"name\":\"Digitale Vignette Schweiz\",\"description\":\"\",\"potentialAction\":[{\"@type\":\"SearchAction\",\"target\":{\"@type\":\"EntryPoint\",\"urlTemplate\":\"https:\/\/schweiz-vignette.ch\/?s={search_term_string}\"},\"query-input\":{\"@type\":\"PropertyValueSpecification\",\"valueRequired\":true,\"valueName\":\"search_term_string\"}}],\"inLanguage\":\"hu\"}]}<\/script>\n<!-- \/ Yoast SEO plugin. -->","yoast_head_json":{"title":"FAQ - Digitale Vignette Schweiz","robots":{"index":"index","follow":"follow","max-snippet":"max-snippet:-1","max-image-preview":"max-image-preview:large","max-video-preview":"max-video-preview:-1"},"canonical":"https:\/\/schweiz-vignette.ch\/hu\/faq\/","og_locale":"hu_HU","og_type":"article","og_title":"FAQ - Digitale Vignette Schweiz","og_description":"H\u00e4ufig gestellte Fragen Wie wird meine Vignette Registriert? 1. Dauer &#038; Kennzeichen Sie w\u00e4hlen Ihren Fahrzeugtyp aus mit dem sie durch die Schweiz fahren wollen. Dann w\u00e4hlen Sie ab wann die Vignette g\u00fcltig sein soll. Als letztes geben sie Ihr Auto-Kennzeichen an und das Zulassungsland 2. Bezahlung W\u00e4hlen sie die Zahlungsmethode Ihrer Wahl. Nach der [&hellip;]","og_url":"https:\/\/schweiz-vignette.ch\/hu\/faq\/","og_site_name":"Digitale Vignette Schweiz","article_modified_time":"2023-09-28T23:46:03+00:00","twitter_card":"summary_large_image","twitter_misc":{"Becs\u00fclt olvas\u00e1si id\u0151":"3 perc"},"schema":{"@context":"https:\/\/schema.org","@graph":[{"@type":"WebPage","@id":"https:\/\/schweiz-vignette.ch\/faq\/","url":"https:\/\/schweiz-vignette.ch\/faq\/","name":"FAQ - Digitale Vignette Schweiz","isPartOf":{"@id":"https:\/\/schweiz-vignette.ch\/#website"},"datePublished":"2023-09-25T23:16:16+00:00","dateModified":"2023-09-28T23:46:03+00:00","breadcrumb":{"@id":"https:\/\/schweiz-vignette.ch\/faq\/#breadcrumb"},"inLanguage":"hu","potentialAction":[{"@type":"ReadAction","target":["https:\/\/schweiz-vignette.ch\/faq\/"]}]},{"@type":"BreadcrumbList","@id":"https:\/\/schweiz-vignette.ch\/faq\/#breadcrumb","itemListElement":[{"@type":"ListItem","position":1,"name":"Home","item":"https:\/\/schweiz-vignette.ch\/"},{"@type":"ListItem","position":2,"name":"FAQ"}]},{"@type":"WebSite","@id":"https:\/\/schweiz-vignette.ch\/#website","url":"https:\/\/schweiz-vignette.ch\/","name":"Digitale Vignette Schweiz","description":"","potentialAction":[{"@type":"SearchAction","target":{"@type":"EntryPoint","urlTemplate":"https:\/\/schweiz-vignette.ch\/?s={search_term_string}"},"query-input":{"@type":"PropertyValueSpecification","valueRequired":true,"valueName":"search_term_string"}}],"inLanguage":"hu"}]}},"_links":{"self":[{"href":"https:\/\/schweiz-vignette.ch\/hu\/wp-json\/wp\/v2\/pages\/591","targetHints":{"allow":["GET"]}}],"collection":[{"href":"https:\/\/schweiz-vignette.ch\/hu\/wp-json\/wp\/v2\/pages"}],"about":[{"href":"https:\/\/schweiz-vignette.ch\/hu\/wp-json\/wp\/v2\/types\/page"}],"author":[{"embeddable":true,"href":"https:\/\/schweiz-vignette.ch\/hu\/wp-json\/wp\/v2\/users\/1"}],"replies":[{"embeddable":true,"href":"https:\/\/schweiz-vignette.ch\/hu\/wp-json\/wp\/v2\/comments?post=591"}],"version-history":[{"count":10,"href":"https:\/\/schweiz-vignette.ch\/hu\/wp-json\/wp\/v2\/pages\/591\/revisions"}],"predecessor-version":[{"id":888,"href":"https:\/\/schweiz-vignette.ch\/hu\/wp-json\/wp\/v2\/pages\/591\/revisions\/888"}],"wp:attachment":[{"href":"https:\/\/schweiz-vignette.ch\/hu\/wp-json\/wp\/v2\/media?parent=591"}],"curies":[{"name":"wp","href":"https:\/\/api.w.org\/{rel}","templated":true}]}}