{"id":594,"date":"2023-09-25T23:16:36","date_gmt":"2023-09-25T23:16:36","guid":{"rendered":"https:\/\/schweiz-vignette.ch\/?page_id=594"},"modified":"2023-09-28T23:46:38","modified_gmt":"2023-09-28T23:46:38","slug":"support","status":"publish","type":"page","link":"https:\/\/schweiz-vignette.ch\/hu\/tamogatas\/","title":{"rendered":"T\u00e1mogat\u00e1s"},"content":{"rendered":"<div data-elementor-type=\"wp-page\" data-elementor-id=\"594\" class=\"elementor elementor-594\" data-elementor-post-type=\"page\">\n\t\t\t\t\t\t<section class=\"elementor-section elementor-top-section elementor-element elementor-element-4b4e38a elementor-section-boxed elementor-section-height-default elementor-section-height-default\" data-id=\"4b4e38a\" data-element_type=\"section\" data-settings=\"{&quot;background_background&quot;:&quot;classic&quot;}\">\n\t\t\t\t\t\t\t<div class=\"elementor-background-overlay\"><\/div>\n\t\t\t\t\t\t\t<div class=\"elementor-container elementor-column-gap-default\">\n\t\t\t\t\t<div class=\"elementor-column elementor-col-100 elementor-top-column elementor-element elementor-element-e33ed96\" data-id=\"e33ed96\" data-element_type=\"column\">\n\t\t\t<div class=\"elementor-widget-wrap elementor-element-populated\">\n\t\t\t\t\t\t<div class=\"elementor-element elementor-element-f4f70cb elementor-widget elementor-widget-heading\" data-id=\"f4f70cb\" data-element_type=\"widget\" data-widget_type=\"heading.default\">\n\t\t\t\t<div class=\"elementor-widget-container\">\n\t\t\t\t\t<h1 class=\"elementor-heading-title elementor-size-default\">T\u00e1mogat\u00e1s<\/h1>\t\t\t\t<\/div>\n\t\t\t\t<\/div>\n\t\t\t\t\t<\/div>\n\t\t<\/div>\n\t\t\t\t\t<\/div>\n\t\t<\/section>\n\t\t\t\t<section class=\"elementor-section elementor-top-section elementor-element elementor-element-10f6a90 elementor-section-boxed elementor-section-height-default elementor-section-height-default\" data-id=\"10f6a90\" data-element_type=\"section\" data-settings=\"{&quot;background_background&quot;:&quot;classic&quot;}\">\n\t\t\t\t\t\t<div class=\"elementor-container elementor-column-gap-default\">\n\t\t\t\t\t<div class=\"elementor-column elementor-col-100 elementor-top-column elementor-element elementor-element-6f4cb02\" data-id=\"6f4cb02\" data-element_type=\"column\">\n\t\t\t<div class=\"elementor-widget-wrap elementor-element-populated\">\n\t\t\t\t\t\t<div class=\"elementor-element elementor-element-87cc67f elementor-widget elementor-widget-heading\" data-id=\"87cc67f\" data-element_type=\"widget\" data-widget_type=\"heading.default\">\n\t\t\t\t<div class=\"elementor-widget-container\">\n\t\t\t\t\t<h2 class=\"elementor-heading-title elementor-size-default\">Kapcsolatfelv\u00e9tel<\/h2>\t\t\t\t<\/div>\n\t\t\t\t<\/div>\n\t\t\t\t<div class=\"elementor-element elementor-element-a201829 elementor-widget elementor-widget-text-editor\" data-id=\"a201829\" data-element_type=\"widget\" data-widget_type=\"text-editor.default\">\n\t\t\t\t<div class=\"elementor-widget-container\">\n\t\t\t\t\t\t\t\t\t<p>Vegye fel vel\u00fcnk a kapcsolatot, a csapat munkanapokon \u00e1ll az \u00d6n rendelkez\u00e9s\u00e9re.<\/p>\t\t\t\t\t\t\t\t<\/div>\n\t\t\t\t<\/div>\n\t\t\t\t<div class=\"elementor-element elementor-element-12f01ab elementor-button-align-stretch elementor-widget elementor-widget-form\" data-id=\"12f01ab\" data-element_type=\"widget\" data-settings=\"{&quot;button_width&quot;:&quot;20&quot;,&quot;step_next_label&quot;:&quot;N\\u00e4chster&quot;,&quot;step_previous_label&quot;:&quot;Voriger&quot;,&quot;step_type&quot;:&quot;number_text&quot;,&quot;step_icon_shape&quot;:&quot;circle&quot;}\" data-widget_type=\"form.default\">\n\t\t\t\t<div class=\"elementor-widget-container\">\n\t\t\t\t\t\t\t<form class=\"elementor-form\" method=\"post\" name=\"Neues Formular\" action=\"\">\n\t\t\t<input type=\"hidden\" name=\"post_id\" value=\"594\"\/>\n\t\t\t<input type=\"hidden\" name=\"form_id\" value=\"12f01ab\"\/>\n\t\t\t<input type=\"hidden\" name=\"referer_title\" value=\"Digitale Vignette Schweiz\" \/>\n\n\t\t\t\n\t\t\t<div class=\"elementor-form-fields-wrapper elementor-labels-above\">\n\t\t\t\t\t\t\t\t<div class=\"elementor-field-type-text elementor-field-group elementor-column elementor-field-group-name elementor-col-50 elementor-field-required\">\n\t\t\t\t\t\t\t\t\t\t\t\t\t<input size=\"1\" type=\"text\" name=\"form_fields[name]\" id=\"form-field-name\" class=\"elementor-field elementor-size-sm  elementor-field-textual\" placeholder=\"Kereszt- \u00e9s vezet\u00e9kn\u00e9v\" required=\"required\">\n\t\t\t\t\t\t\t\t\t\t\t<\/div>\n\t\t\t\t\t\t\t\t<div class=\"elementor-field-type-email elementor-field-group elementor-column elementor-field-group-email elementor-col-50 elementor-field-required\">\n\t\t\t\t\t\t\t\t\t\t\t\t\t<input size=\"1\" type=\"email\" name=\"form_fields[email]\" id=\"form-field-email\" class=\"elementor-field elementor-size-sm  elementor-field-textual\" placeholder=\"E-mail\" required=\"required\">\n\t\t\t\t\t\t\t\t\t\t\t<\/div>\n\t\t\t\t\t\t\t\t<div class=\"elementor-field-type-text elementor-field-group elementor-column elementor-field-group-field_931aa0b elementor-col-100\">\n\t\t\t\t\t\t\t\t\t\t\t\t\t<input size=\"1\" type=\"text\" name=\"form_fields[field_931aa0b]\" id=\"form-field-field_931aa0b\" class=\"elementor-field elementor-size-sm  elementor-field-textual\" placeholder=\"Rendel\u00e9si sz\u00e1m (nem k\u00f6telez\u0151)\">\n\t\t\t\t\t\t\t\t\t\t\t<\/div>\n\t\t\t\t\t\t\t\t<div class=\"elementor-field-type-textarea elementor-field-group elementor-column elementor-field-group-message elementor-col-100 elementor-field-required\">\n\t\t\t\t\t<textarea class=\"elementor-field-textual elementor-field  elementor-size-sm\" name=\"form_fields[message]\" id=\"form-field-message\" rows=\"3\" placeholder=\"\u00dczenet\" required=\"required\"><\/textarea>\t\t\t\t<\/div>\n\t\t\t\t\t\t\t\t<div class=\"elementor-field-group elementor-column elementor-field-type-submit elementor-col-20 e-form__buttons\">\n\t\t\t\t\t<button class=\"elementor-button elementor-size-xs\" type=\"submit\">\n\t\t\t\t\t\t<span class=\"elementor-button-content-wrapper\">\n\t\t\t\t\t\t\t\t\t\t\t\t\t\t\t\t\t\t\t\t\t\t<span class=\"elementor-button-text\">K\u00fcldje el a<\/span>\n\t\t\t\t\t\t\t\t\t\t\t\t\t<\/span>\n\t\t\t\t\t<\/button>\n\t\t\t\t<\/div>\n\t\t\t<\/div>\n\t\t<input type=\"hidden\" name=\"trp-form-language\" value=\"hu\"\/><\/form>\n\t\t\t\t\t\t<\/div>\n\t\t\t\t<\/div>\n\t\t\t\t\t<\/div>\n\t\t<\/div>\n\t\t\t\t\t<\/div>\n\t\t<\/section>\n\t\t\t\t<section class=\"elementor-section elementor-top-section elementor-element elementor-element-beea910 elementor-section-boxed elementor-section-height-default elementor-section-height-default\" data-id=\"beea910\" data-element_type=\"section\">\n\t\t\t\t\t\t<div class=\"elementor-container elementor-column-gap-default\">\n\t\t\t\t\t<div class=\"elementor-column elementor-col-100 elementor-top-column elementor-element elementor-element-2ce2681\" data-id=\"2ce2681\" data-element_type=\"column\">\n\t\t\t<div class=\"elementor-widget-wrap elementor-element-populated\">\n\t\t\t\t\t\t<div class=\"elementor-element elementor-element-97f3fc0 elementor-widget elementor-widget-toggle\" data-id=\"97f3fc0\" data-element_type=\"widget\" data-widget_type=\"toggle.default\">\n\t\t\t\t<div class=\"elementor-widget-container\">\n\t\t\t\t\t\t\t<div class=\"elementor-toggle\">\n\t\t\t\t\t\t\t<div class=\"elementor-toggle-item\">\n\t\t\t\t\t<div id=\"elementor-tab-title-1591\" class=\"elementor-tab-title\" data-tab=\"1\" role=\"button\" aria-controls=\"elementor-tab-content-1591\" aria-expanded=\"false\">\n\t\t\t\t\t\t\t\t\t\t\t\t<span class=\"elementor-toggle-icon elementor-toggle-icon-left\" aria-hidden=\"true\">\n\t\t\t\t\t\t\t\t\t\t\t\t\t\t\t<span class=\"elementor-toggle-icon-closed\"><i class=\"fas fa-caret-right\"><\/i><\/span>\n\t\t\t\t\t\t\t\t<span class=\"elementor-toggle-icon-opened\"><i class=\"elementor-toggle-icon-opened fas fa-caret-up\"><\/i><\/span>\n\t\t\t\t\t\t\t\t\t\t\t\t\t<\/span>\n\t\t\t\t\t\t\t\t\t\t\t\t<a class=\"elementor-toggle-title\" tabindex=\"0\">Postai \u00faton vagy fizikailag kapom meg a matric\u00e1t?<\/a>\n\t\t\t\t\t<\/div>\n\n\t\t\t\t\t<div id=\"elementor-tab-content-1591\" class=\"elementor-tab-content elementor-clearfix\" data-tab=\"1\" role=\"region\" aria-labelledby=\"elementor-tab-title-1591\"><p>Nem, a matric\u00e1t az \u00d6n \u00e1ltal megadott rendsz\u00e1mt\u00e1bl\u00e1ra regisztr\u00e1ljuk, \u00e9s \u00d6n azonnal vezethet, miut\u00e1n e-mailben elk\u00fcldt\u00fck \u00d6nnek a regisztr\u00e1ci\u00f3s visszaigazol\u00e1st.<\/p><\/div>\n\t\t\t\t<\/div>\n\t\t\t\t\t\t\t<div class=\"elementor-toggle-item\">\n\t\t\t\t\t<div id=\"elementor-tab-title-1592\" class=\"elementor-tab-title\" data-tab=\"2\" role=\"button\" aria-controls=\"elementor-tab-content-1592\" aria-expanded=\"false\">\n\t\t\t\t\t\t\t\t\t\t\t\t<span class=\"elementor-toggle-icon elementor-toggle-icon-left\" aria-hidden=\"true\">\n\t\t\t\t\t\t\t\t\t\t\t\t\t\t\t<span class=\"elementor-toggle-icon-closed\"><i class=\"fas fa-caret-right\"><\/i><\/span>\n\t\t\t\t\t\t\t\t<span class=\"elementor-toggle-icon-opened\"><i class=\"elementor-toggle-icon-opened fas fa-caret-up\"><\/i><\/span>\n\t\t\t\t\t\t\t\t\t\t\t\t\t<\/span>\n\t\t\t\t\t\t\t\t\t\t\t\t<a class=\"elementor-toggle-title\" tabindex=\"0\">Mennyi id\u0151be telik, am\u00edg a matrica felker\u00fcl a rendsz\u00e1mt\u00e1bl\u00e1mra?<\/a>\n\t\t\t\t\t<\/div>\n\n\t\t\t\t\t<div id=\"elementor-tab-content-1592\" class=\"elementor-tab-content elementor-clearfix\" data-tab=\"2\" role=\"region\" aria-labelledby=\"elementor-tab-title-1592\"><p>A regisztr\u00e1ci\u00f3s folyamat a megrendel\u00e9s ut\u00e1n azonnal automatikusan elindul, \u00e9s \u00e1tlagosan 2-10 percet vesz ig\u00e9nybe.<\/p><\/div>\n\t\t\t\t<\/div>\n\t\t\t\t\t\t\t<div class=\"elementor-toggle-item\">\n\t\t\t\t\t<div id=\"elementor-tab-title-1593\" class=\"elementor-tab-title\" data-tab=\"3\" role=\"button\" aria-controls=\"elementor-tab-content-1593\" aria-expanded=\"false\">\n\t\t\t\t\t\t\t\t\t\t\t\t<span class=\"elementor-toggle-icon elementor-toggle-icon-left\" aria-hidden=\"true\">\n\t\t\t\t\t\t\t\t\t\t\t\t\t\t\t<span class=\"elementor-toggle-icon-closed\"><i class=\"fas fa-caret-right\"><\/i><\/span>\n\t\t\t\t\t\t\t\t<span class=\"elementor-toggle-icon-opened\"><i class=\"elementor-toggle-icon-opened fas fa-caret-up\"><\/i><\/span>\n\t\t\t\t\t\t\t\t\t\t\t\t\t<\/span>\n\t\t\t\t\t\t\t\t\t\t\t\t<a class=\"elementor-toggle-title\" tabindex=\"0\">Mikor kezdhetek el vezetni a v\u00e1s\u00e1rl\u00e1s ut\u00e1n?<\/a>\n\t\t\t\t\t<\/div>\n\n\t\t\t\t\t<div id=\"elementor-tab-content-1593\" class=\"elementor-tab-content elementor-clearfix\" data-tab=\"3\" role=\"region\" aria-labelledby=\"elementor-tab-title-1593\"><p>Amint megkapta t\u0151l\u00fcnk a regisztr\u00e1ci\u00f3t visszaigazol\u00f3 e-mailt (\u00e1tlagosan 2-10 perc), a matrica birtok\u00e1ban m\u00e1r k\u00f6zlekedhet is a sv\u00e1jci utakon.<\/p><\/div>\n\t\t\t\t<\/div>\n\t\t\t\t\t\t\t<div class=\"elementor-toggle-item\">\n\t\t\t\t\t<div id=\"elementor-tab-title-1594\" class=\"elementor-tab-title\" data-tab=\"4\" role=\"button\" aria-controls=\"elementor-tab-content-1594\" aria-expanded=\"false\">\n\t\t\t\t\t\t\t\t\t\t\t\t<span class=\"elementor-toggle-icon elementor-toggle-icon-left\" aria-hidden=\"true\">\n\t\t\t\t\t\t\t\t\t\t\t\t\t\t\t<span class=\"elementor-toggle-icon-closed\"><i class=\"fas fa-caret-right\"><\/i><\/span>\n\t\t\t\t\t\t\t\t<span class=\"elementor-toggle-icon-opened\"><i class=\"elementor-toggle-icon-opened fas fa-caret-up\"><\/i><\/span>\n\t\t\t\t\t\t\t\t\t\t\t\t\t<\/span>\n\t\t\t\t\t\t\t\t\t\t\t\t<a class=\"elementor-toggle-title\" tabindex=\"0\">Sz\u00fcks\u00e9gem van matric\u00e1ra Sv\u00e1jcban?<\/a>\n\t\t\t\t\t<\/div>\n\n\t\t\t\t\t<div id=\"elementor-tab-content-1594\" class=\"elementor-tab-content elementor-clearfix\" data-tab=\"4\" role=\"region\" aria-labelledby=\"elementor-tab-title-1594\"><p>IGEN! Az aut\u00f3p\u00e1ly\u00e1kon (Sv\u00e1jcban feh\u00e9r-z\u00f6ld jelz\u00e9ssel) a 3,5 tonna \u00f6sszt\u00f6meg\u0171 g\u00e9pj\u00e1rm\u0171vek sz\u00e1m\u00e1ra k\u00f6telez\u0151 a matrica haszn\u00e1lata. Hasonl\u00f3k\u00e9ppen, a 3,5 tonn\u00e1n\u00e1l kisebb \u00f6sszt\u00f6meg\u0171 p\u00f3tkocsik \u00e9s lak\u00f3kocsik eset\u00e9ben is k\u00fcl\u00f6n matric\u00e1t kell haszn\u00e1lni. A motorker\u00e9kp\u00e1rok \u00e1ltal h\u00fazott p\u00f3tkocsik mentes\u00fclnek a matricak\u00f6telezetts\u00e9g al\u00f3l. Ez a rendelet a legfeljebb 3,5 tonna \u00f6sszt\u00f6meg\u0171 lak\u00f3aut\u00f3kra \u00e9s motorker\u00e9kp\u00e1rokra is vonatkozik.<\/p><\/div>\n\t\t\t\t<\/div>\n\t\t\t\t\t\t\t<div class=\"elementor-toggle-item\">\n\t\t\t\t\t<div id=\"elementor-tab-title-1595\" class=\"elementor-tab-title\" data-tab=\"5\" role=\"button\" aria-controls=\"elementor-tab-content-1595\" aria-expanded=\"false\">\n\t\t\t\t\t\t\t\t\t\t\t\t<span class=\"elementor-toggle-icon elementor-toggle-icon-left\" aria-hidden=\"true\">\n\t\t\t\t\t\t\t\t\t\t\t\t\t\t\t<span class=\"elementor-toggle-icon-closed\"><i class=\"fas fa-caret-right\"><\/i><\/span>\n\t\t\t\t\t\t\t\t<span class=\"elementor-toggle-icon-opened\"><i class=\"elementor-toggle-icon-opened fas fa-caret-up\"><\/i><\/span>\n\t\t\t\t\t\t\t\t\t\t\t\t\t<\/span>\n\t\t\t\t\t\t\t\t\t\t\t\t<a class=\"elementor-toggle-title\" tabindex=\"0\">Mi a k\u00fcl\u00f6nbs\u00e9g az e-matrica \u00e9s a ragaszt\u00f3s matrica k\u00f6z\u00f6tt?<\/a>\n\t\t\t\t\t<\/div>\n\n\t\t\t\t\t<div id=\"elementor-tab-content-1595\" class=\"elementor-tab-content elementor-clearfix\" data-tab=\"5\" role=\"region\" aria-labelledby=\"elementor-tab-title-1595\"><p>Elvileg mindk\u00e9t matric\u00e1nak ugyanaz a funkci\u00f3ja. Az e-matrica azonban n\u00e9h\u00e1ny perc alatt elk\u00e9sz\u00fcl, m\u00edg a fizikai matric\u00e1t post\u00e1n kell elk\u00fcldeni. Az e-matrica el\u0151nye tov\u00e1bb\u00e1, hogy nem kell ragaszt\u00f3matric\u00e1t ragasztani a sz\u00e9lv\u00e9d\u0151re, \u00e9s a regisztr\u00e1ci\u00f3 digit\u00e1lisan t\u00f6rt\u00e9nik - azaz a regisztr\u00e1ci\u00f3 a rendsz\u00e1mt\u00e1bl\u00e1n t\u00f6rt\u00e9nik.<\/p><\/div>\n\t\t\t\t<\/div>\n\t\t\t\t\t\t\t<div class=\"elementor-toggle-item\">\n\t\t\t\t\t<div id=\"elementor-tab-title-1596\" class=\"elementor-tab-title\" data-tab=\"6\" role=\"button\" aria-controls=\"elementor-tab-content-1596\" aria-expanded=\"false\">\n\t\t\t\t\t\t\t\t\t\t\t\t<span class=\"elementor-toggle-icon elementor-toggle-icon-left\" aria-hidden=\"true\">\n\t\t\t\t\t\t\t\t\t\t\t\t\t\t\t<span class=\"elementor-toggle-icon-closed\"><i class=\"fas fa-caret-right\"><\/i><\/span>\n\t\t\t\t\t\t\t\t<span class=\"elementor-toggle-icon-opened\"><i class=\"elementor-toggle-icon-opened fas fa-caret-up\"><\/i><\/span>\n\t\t\t\t\t\t\t\t\t\t\t\t\t<\/span>\n\t\t\t\t\t\t\t\t\t\t\t\t<a class=\"elementor-toggle-title\" tabindex=\"0\">Sz\u00fcks\u00e9gem van matric\u00e1ra a lak\u00f3kocsimhoz \/ p\u00f3tkocsimhoz?<\/a>\n\t\t\t\t\t<\/div>\n\n\t\t\t\t\t<div id=\"elementor-tab-content-1596\" class=\"elementor-tab-content elementor-clearfix\" data-tab=\"6\" role=\"region\" aria-labelledby=\"elementor-tab-title-1596\"><p>Ebben az \u00f6sszef\u00fcgg\u00e9sben a p\u00f3tkocsi megengedett \u00f6sszt\u00f6mege (GVW) d\u00f6nt\u0151 szerepet j\u00e1tszik. A legfeljebb 3,5 tonna megengedett \u00f6sszt\u00f6meg\u0171 p\u00f3tkocsik eset\u00e9ben kieg\u00e9sz\u00edt\u0151 matrica v\u00e1s\u00e1rl\u00e1sa sz\u00fcks\u00e9ges. Ez vonatkozik azokra a lak\u00f3kocsikra is, amelyek megengedett legnagyobb \u00f6sszt\u00f6mege szint\u00e9n nem haladja meg a 3,5 tonn\u00e1t. A 3,5 tonn\u00e1t meghalad\u00f3 \u00f6sszt\u00f6meg\u0171 p\u00f3tkocsik \u00e9s lak\u00f3kocsik eset\u00e9ben a d\u00edjat k\u00fcl\u00f6n neh\u00e9zg\u00e9pj\u00e1rm\u0171-illet\u00e9kkel kell megfizetni. A matricak\u00f6telezetts\u00e9g nem vonatkozik a motorker\u00e9kp\u00e1rral vontatott p\u00f3tkocsikra.<\/p><\/div>\n\t\t\t\t<\/div>\n\t\t\t\t\t\t\t<div class=\"elementor-toggle-item\">\n\t\t\t\t\t<div id=\"elementor-tab-title-1597\" class=\"elementor-tab-title\" data-tab=\"7\" role=\"button\" aria-controls=\"elementor-tab-content-1597\" aria-expanded=\"false\">\n\t\t\t\t\t\t\t\t\t\t\t\t<span class=\"elementor-toggle-icon elementor-toggle-icon-left\" aria-hidden=\"true\">\n\t\t\t\t\t\t\t\t\t\t\t\t\t\t\t<span class=\"elementor-toggle-icon-closed\"><i class=\"fas fa-caret-right\"><\/i><\/span>\n\t\t\t\t\t\t\t\t<span class=\"elementor-toggle-icon-opened\"><i class=\"elementor-toggle-icon-opened fas fa-caret-up\"><\/i><\/span>\n\t\t\t\t\t\t\t\t\t\t\t\t\t<\/span>\n\t\t\t\t\t\t\t\t\t\t\t\t<a class=\"elementor-toggle-title\" tabindex=\"0\">Magammal kell vinnem a regisztr\u00e1ci\u00f3s visszaigazol\u00e1st?<\/a>\n\t\t\t\t\t<\/div>\n\n\t\t\t\t\t<div id=\"elementor-tab-content-1597\" class=\"elementor-tab-content elementor-clearfix\" data-tab=\"7\" role=\"region\" aria-labelledby=\"elementor-tab-title-1597\"><p>Nem. Azonban aj\u00e1nlott, hogy a regisztr\u00e1ci\u00f3s visszaigazol\u00e1st, amelyet a v\u00e1s\u00e1rl\u00e1s ut\u00e1n e-mailben kapott t\u0151l\u00fcnk, meg\u0151rizze arra az esetre, ha ellen\u0151rz\u00e9sre ker\u00fclne, \u00e9s technikai probl\u00e9m\u00e1k eset\u00e9n bizony\u00edtania kell a v\u00e1s\u00e1rl\u00e1st stb.....<\/p><\/div>\n\t\t\t\t<\/div>\n\t\t\t\t\t\t\t<div class=\"elementor-toggle-item\">\n\t\t\t\t\t<div id=\"elementor-tab-title-1598\" class=\"elementor-tab-title\" data-tab=\"8\" role=\"button\" aria-controls=\"elementor-tab-content-1598\" aria-expanded=\"false\">\n\t\t\t\t\t\t\t\t\t\t\t\t<span class=\"elementor-toggle-icon elementor-toggle-icon-left\" aria-hidden=\"true\">\n\t\t\t\t\t\t\t\t\t\t\t\t\t\t\t<span class=\"elementor-toggle-icon-closed\"><i class=\"fas fa-caret-right\"><\/i><\/span>\n\t\t\t\t\t\t\t\t<span class=\"elementor-toggle-icon-opened\"><i class=\"elementor-toggle-icon-opened fas fa-caret-up\"><\/i><\/span>\n\t\t\t\t\t\t\t\t\t\t\t\t\t<\/span>\n\t\t\t\t\t\t\t\t\t\t\t\t<a class=\"elementor-toggle-title\" tabindex=\"0\">Lehets\u00e9ges a rendsz\u00e1mt\u00e1bla cser\u00e9je?<\/a>\n\t\t\t\t\t<\/div>\n\n\t\t\t\t\t<div id=\"elementor-tab-content-1598\" class=\"elementor-tab-content elementor-clearfix\" data-tab=\"8\" role=\"region\" aria-labelledby=\"elementor-tab-title-1598\"><p>Igen, a rendsz\u00e1mt\u00e1bla egyszer cser\u00e9lhet\u0151. Fontos megjegyezni, hogy a j\u00e1rm\u0171 tulajdonos\u00e1nak azonosnak kell lennie.<\/p><\/div>\n\t\t\t\t<\/div>\n\t\t\t\t\t\t\t\t<\/div>\n\t\t\t\t\t\t<\/div>\n\t\t\t\t<\/div>\n\t\t\t\t\t<\/div>\n\t\t<\/div>\n\t\t\t\t\t<\/div>\n\t\t<\/section>\n\t\t\t\t<\/div>","protected":false},"excerpt":{"rendered":"<p>Support Kontaktieren sie uns Nehmen Sie mit uns Kontakt auf, das Team steht Ihnen Werktags zur Verf\u00fcgung. Bekomme ich die Vignette per Post oder Physisch? Nein, die Vignette wird auf Ihr angegebenes Kennzeichen registriert und Sie k\u00f6nnen sofort los fahren, nach dem wir Ihnen die Registrierungsbest\u00e4tigung per E-Mail zugeschickt haben. Wie lange dauert es bis [&hellip;]<\/p>","protected":false},"author":1,"featured_media":0,"parent":0,"menu_order":0,"comment_status":"closed","ping_status":"closed","template":"elementor_header_footer","meta":{"footnotes":""},"class_list":["post-594","page","type-page","status-publish","hentry"],"yoast_head":"<!-- This site is optimized with the Yoast SEO plugin v24.9 - https:\/\/yoast.com\/wordpress\/plugins\/seo\/ -->\n<title>Support - Digitale Vignette Schweiz<\/title>\n<meta name=\"robots\" content=\"index, follow, max-snippet:-1, max-image-preview:large, max-video-preview:-1\" \/>\n<link rel=\"canonical\" href=\"https:\/\/schweiz-vignette.ch\/hu\/tamogatas\/\" \/>\n<meta property=\"og:locale\" content=\"hu_HU\" \/>\n<meta property=\"og:type\" content=\"article\" \/>\n<meta property=\"og:title\" content=\"Support - Digitale Vignette Schweiz\" \/>\n<meta property=\"og:description\" content=\"Support Kontaktieren sie uns Nehmen Sie mit uns Kontakt auf, das Team steht Ihnen Werktags zur Verf\u00fcgung. Bekomme ich die Vignette per Post oder Physisch? Nein, die Vignette wird auf Ihr angegebenes Kennzeichen registriert und Sie k\u00f6nnen sofort los fahren, nach dem wir Ihnen die Registrierungsbest\u00e4tigung per E-Mail zugeschickt haben. Wie lange dauert es bis [&hellip;]\" \/>\n<meta property=\"og:url\" content=\"https:\/\/schweiz-vignette.ch\/hu\/tamogatas\/\" \/>\n<meta property=\"og:site_name\" content=\"Digitale Vignette Schweiz\" \/>\n<meta property=\"article:modified_time\" content=\"2023-09-28T23:46:38+00:00\" \/>\n<meta name=\"twitter:card\" content=\"summary_large_image\" \/>\n<meta name=\"twitter:label1\" content=\"Becs\u00fclt olvas\u00e1si id\u0151\" \/>\n\t<meta name=\"twitter:data1\" content=\"2 perc\" \/>\n<script type=\"application\/ld+json\" class=\"yoast-schema-graph\">{\"@context\":\"https:\/\/schema.org\",\"@graph\":[{\"@type\":\"WebPage\",\"@id\":\"https:\/\/schweiz-vignette.ch\/support\/\",\"url\":\"https:\/\/schweiz-vignette.ch\/support\/\",\"name\":\"Support - Digitale Vignette Schweiz\",\"isPartOf\":{\"@id\":\"https:\/\/schweiz-vignette.ch\/#website\"},\"datePublished\":\"2023-09-25T23:16:36+00:00\",\"dateModified\":\"2023-09-28T23:46:38+00:00\",\"breadcrumb\":{\"@id\":\"https:\/\/schweiz-vignette.ch\/support\/#breadcrumb\"},\"inLanguage\":\"hu\",\"potentialAction\":[{\"@type\":\"ReadAction\",\"target\":[\"https:\/\/schweiz-vignette.ch\/support\/\"]}]},{\"@type\":\"BreadcrumbList\",\"@id\":\"https:\/\/schweiz-vignette.ch\/support\/#breadcrumb\",\"itemListElement\":[{\"@type\":\"ListItem\",\"position\":1,\"name\":\"Home\",\"item\":\"https:\/\/schweiz-vignette.ch\/\"},{\"@type\":\"ListItem\",\"position\":2,\"name\":\"Support\"}]},{\"@type\":\"WebSite\",\"@id\":\"https:\/\/schweiz-vignette.ch\/#website\",\"url\":\"https:\/\/schweiz-vignette.ch\/\",\"name\":\"Digitale Vignette Schweiz\",\"description\":\"\",\"potentialAction\":[{\"@type\":\"SearchAction\",\"target\":{\"@type\":\"EntryPoint\",\"urlTemplate\":\"https:\/\/schweiz-vignette.ch\/?s={search_term_string}\"},\"query-input\":{\"@type\":\"PropertyValueSpecification\",\"valueRequired\":true,\"valueName\":\"search_term_string\"}}],\"inLanguage\":\"hu\"}]}<\/script>\n<!-- \/ Yoast SEO plugin. -->","yoast_head_json":{"title":"Support - Digitale Vignette Schweiz","robots":{"index":"index","follow":"follow","max-snippet":"max-snippet:-1","max-image-preview":"max-image-preview:large","max-video-preview":"max-video-preview:-1"},"canonical":"https:\/\/schweiz-vignette.ch\/hu\/tamogatas\/","og_locale":"hu_HU","og_type":"article","og_title":"Support - Digitale Vignette Schweiz","og_description":"Support Kontaktieren sie uns Nehmen Sie mit uns Kontakt auf, das Team steht Ihnen Werktags zur Verf\u00fcgung. Bekomme ich die Vignette per Post oder Physisch? Nein, die Vignette wird auf Ihr angegebenes Kennzeichen registriert und Sie k\u00f6nnen sofort los fahren, nach dem wir Ihnen die Registrierungsbest\u00e4tigung per E-Mail zugeschickt haben. Wie lange dauert es bis [&hellip;]","og_url":"https:\/\/schweiz-vignette.ch\/hu\/tamogatas\/","og_site_name":"Digitale Vignette Schweiz","article_modified_time":"2023-09-28T23:46:38+00:00","twitter_card":"summary_large_image","twitter_misc":{"Becs\u00fclt olvas\u00e1si id\u0151":"2 perc"},"schema":{"@context":"https:\/\/schema.org","@graph":[{"@type":"WebPage","@id":"https:\/\/schweiz-vignette.ch\/support\/","url":"https:\/\/schweiz-vignette.ch\/support\/","name":"Support - Digitale Vignette Schweiz","isPartOf":{"@id":"https:\/\/schweiz-vignette.ch\/#website"},"datePublished":"2023-09-25T23:16:36+00:00","dateModified":"2023-09-28T23:46:38+00:00","breadcrumb":{"@id":"https:\/\/schweiz-vignette.ch\/support\/#breadcrumb"},"inLanguage":"hu","potentialAction":[{"@type":"ReadAction","target":["https:\/\/schweiz-vignette.ch\/support\/"]}]},{"@type":"BreadcrumbList","@id":"https:\/\/schweiz-vignette.ch\/support\/#breadcrumb","itemListElement":[{"@type":"ListItem","position":1,"name":"Home","item":"https:\/\/schweiz-vignette.ch\/"},{"@type":"ListItem","position":2,"name":"Support"}]},{"@type":"WebSite","@id":"https:\/\/schweiz-vignette.ch\/#website","url":"https:\/\/schweiz-vignette.ch\/","name":"Digitale Vignette Schweiz","description":"","potentialAction":[{"@type":"SearchAction","target":{"@type":"EntryPoint","urlTemplate":"https:\/\/schweiz-vignette.ch\/?s={search_term_string}"},"query-input":{"@type":"PropertyValueSpecification","valueRequired":true,"valueName":"search_term_string"}}],"inLanguage":"hu"}]}},"_links":{"self":[{"href":"https:\/\/schweiz-vignette.ch\/hu\/wp-json\/wp\/v2\/pages\/594","targetHints":{"allow":["GET"]}}],"collection":[{"href":"https:\/\/schweiz-vignette.ch\/hu\/wp-json\/wp\/v2\/pages"}],"about":[{"href":"https:\/\/schweiz-vignette.ch\/hu\/wp-json\/wp\/v2\/types\/page"}],"author":[{"embeddable":true,"href":"https:\/\/schweiz-vignette.ch\/hu\/wp-json\/wp\/v2\/users\/1"}],"replies":[{"embeddable":true,"href":"https:\/\/schweiz-vignette.ch\/hu\/wp-json\/wp\/v2\/comments?post=594"}],"version-history":[{"count":19,"href":"https:\/\/schweiz-vignette.ch\/hu\/wp-json\/wp\/v2\/pages\/594\/revisions"}],"predecessor-version":[{"id":891,"href":"https:\/\/schweiz-vignette.ch\/hu\/wp-json\/wp\/v2\/pages\/594\/revisions\/891"}],"wp:attachment":[{"href":"https:\/\/schweiz-vignette.ch\/hu\/wp-json\/wp\/v2\/media?parent=594"}],"curies":[{"name":"wp","href":"https:\/\/api.w.org\/{rel}","templated":true}]}}