{"id":805,"date":"2023-09-28T11:23:37","date_gmt":"2023-09-28T11:23:37","guid":{"rendered":"https:\/\/schweiz-vignette.ch\/?page_id=805"},"modified":"2023-09-28T16:03:19","modified_gmt":"2023-09-28T16:03:19","slug":"widerruf","status":"publish","type":"page","link":"https:\/\/schweiz-vignette.ch\/hu\/visszavonas\/","title":{"rendered":"Visszavon\u00e1s"},"content":{"rendered":"<div data-elementor-type=\"wp-page\" data-elementor-id=\"805\" class=\"elementor elementor-805\" data-elementor-post-type=\"page\">\n\t\t\t\t\t\t<section class=\"elementor-section elementor-top-section elementor-element elementor-element-af3173c elementor-section-boxed elementor-section-height-default elementor-section-height-default\" data-id=\"af3173c\" data-element_type=\"section\" data-settings=\"{&quot;background_background&quot;:&quot;classic&quot;}\">\n\t\t\t\t\t\t\t<div class=\"elementor-background-overlay\"><\/div>\n\t\t\t\t\t\t\t<div class=\"elementor-container elementor-column-gap-default\">\n\t\t\t\t\t<div class=\"elementor-column elementor-col-100 elementor-top-column elementor-element elementor-element-69d08b0\" data-id=\"69d08b0\" data-element_type=\"column\">\n\t\t\t<div class=\"elementor-widget-wrap elementor-element-populated\">\n\t\t\t\t\t\t<div class=\"elementor-element elementor-element-269b57c elementor-widget elementor-widget-heading\" data-id=\"269b57c\" data-element_type=\"widget\" data-widget_type=\"heading.default\">\n\t\t\t\t<div class=\"elementor-widget-container\">\n\t\t\t\t\t<h1 class=\"elementor-heading-title elementor-size-default\">El\u00e1ll\u00e1si jog<\/h1>\t\t\t\t<\/div>\n\t\t\t\t<\/div>\n\t\t\t\t\t<\/div>\n\t\t<\/div>\n\t\t\t\t\t<\/div>\n\t\t<\/section>\n\t\t\t\t<section class=\"elementor-section elementor-top-section elementor-element elementor-element-cf8d447 elementor-section-boxed elementor-section-height-default elementor-section-height-default\" data-id=\"cf8d447\" data-element_type=\"section\">\n\t\t\t\t\t\t<div class=\"elementor-container elementor-column-gap-default\">\n\t\t\t\t\t<div class=\"elementor-column elementor-col-100 elementor-top-column elementor-element elementor-element-c93ecda\" data-id=\"c93ecda\" data-element_type=\"column\">\n\t\t\t<div class=\"elementor-widget-wrap elementor-element-populated\">\n\t\t\t\t\t\t<div class=\"elementor-element elementor-element-6b1090d elementor-widget elementor-widget-text-editor\" data-id=\"6b1090d\" data-element_type=\"widget\" data-widget_type=\"text-editor.default\">\n\t\t\t\t<div class=\"elementor-widget-container\">\n\t\t\t\t\t\t\t\t\t<p><strong>Lemond\u00e1si szab\u00e1lyzat<\/strong><\/p><p>A n\u00e9met polg\u00e1ri t\u00f6rv\u00e9nyk\u00f6nyv (BGB) 13. \u00a7-a szerint a t\u00f6rv\u00e9ny \u00e9rtelm\u00e9ben a t\u00e1v\u00e9rt\u00e9kes\u00edt\u00e9si \u00fcgylet megk\u00f6t\u00e9sekor a szem\u00e9lyeknek t\u00f6rv\u00e9nyes el\u00e1ll\u00e1si joguk van, amelyr\u0151l a Himmele Verwaltungs GmbH a t\u00f6rv\u00e9nyi el\u0151\u00edr\u00e1soknak megfelel\u0151en t\u00e1j\u00e9koztat:<\/p><p><em>Lemond\u00e1si szab\u00e1lyzat<\/em><\/p><p>A szolg\u00e1ltat\u00e1s ig\u00e9nybevev\u0151jek\u00e9nt \u00d6nnek joga van tizenn\u00e9gy napon bel\u00fcl indokl\u00e1s n\u00e9lk\u00fcl el\u00e1llni a szerz\u0151d\u00e9st\u0151l. Az el\u00e1ll\u00e1si hat\u00e1rid\u0151 a szerz\u0151d\u00e9s megk\u00f6t\u00e9s\u00e9nek napj\u00e1t\u00f3l sz\u00e1m\u00edtott tizenn\u00e9gy nap.<\/p><p>Az el\u00e1ll\u00e1si jog gyakorl\u00e1sa \u00e9rdek\u00e9ben egy\u00e9rtelm\u0171 nyilatkozatban (pl. postai \u00faton k\u00fcld\u00f6tt lev\u00e9lben vagy e-mailben) t\u00e1j\u00e9koztatnia kell minket, a Himmele Verwaltungs GmbH-t, Weststr. 30A, 8280 Kreuzlingen, kontakt@schweiz-vignette.ch, arr\u00f3l, hogy el k\u00edv\u00e1n \u00e1llni a szerz\u0151d\u00e9st\u0151l. Erre a c\u00e9lra haszn\u00e1lhatja a mell\u00e9kelt el\u00e1ll\u00e1si nyilatkozatmint\u00e1t, amely azonban nem k\u00f6telez\u0151.<\/p><p><em>A visszavon\u00e1s k\u00f6vetkezm\u00e9nyei:<\/em><\/p><p>Hat\u00e9kony lemond\u00e1s eset\u00e9n visszat\u00e9r\u00edtj\u00fck az \u00d6nt\u0151l kapott \u00f6sszes kifizet\u00e9st, bele\u00e9rtve a sz\u00e1ll\u00edt\u00e1si k\u00f6lts\u00e9geket is. Ez nem vonatkozik azokra a k\u00f6lts\u00e9gekre, amelyek az\u00e9rt mer\u00fcltek fel \u00d6nn\u00e9l, mert a Himmele Verwaltungs GmbH \u00e1ltal k\u00edn\u00e1lt legolcs\u00f3bb standard sz\u00e1ll\u00edt\u00e1si m\u00f3dt\u00f3l elt\u00e9r\u0151 sz\u00e1ll\u00edt\u00e1si m\u00f3dot v\u00e1lasztott. A Himmele Verwaltungs GmbH a visszat\u00e9r\u00edt\u00e9st halad\u00e9ktalanul, de legk\u00e9s\u0151bb a visszavon\u00e1s k\u00e9zhezv\u00e9tel\u00e9t k\u00f6vet\u0151 14 napon bel\u00fcl teljes\u00edti, ugyanazon a fizet\u00e9si eszk\u00f6zzel, amelyet \u00d6n a fizet\u00e9skor haszn\u00e1lt, kiv\u00e9ve, ha kifejezetten m\u00e1sban \u00e1llapodtak meg \u00d6nnel. A visszafizet\u00e9s\u00e9rt semmilyen d\u00edjat nem sz\u00e1m\u00edtunk fel \u00d6nnek.<\/p><p><em>\u00c9rt\u00e9khelyettes\u00edt\u00e9s:<\/em><\/p><p>Ha \u00d6n azt k\u00e9rte, hogy az el\u00e1ll\u00e1si id\u0151szak alatt kezdj\u00fck meg a szolg\u00e1ltat\u00e1sokat, akkor \u00d6n a szerz\u0151d\u00e9ssel kapcsolatos el\u00e1ll\u00e1si jog\u00e1nak gyakorl\u00e1s\u00e1r\u00f3l sz\u00f3l\u00f3 \u00e9rtes\u00edt\u00e9s id\u0151pontj\u00e1ig m\u00e1r teljes\u00edtett szolg\u00e1ltat\u00e1sok ar\u00e1ny\u00e1nak megfelel\u0151 \u00e9sszer\u0171 \u00f6sszeget k\u00f6teles fizetni nek\u00fcnk a szerz\u0151d\u00e9sben foglalt szolg\u00e1ltat\u00e1sok teljes terjedelm\u00e9hez viszony\u00edtva. A k\u00e1rt\u00e9r\u00edt\u00e9s kisz\u00e1m\u00edt\u00e1sa a banki m\u00f3dszerrel t\u00f6rt\u00e9nik (minden h\u00f3napot 30 napra, minden \u00e9vet 360 napra sz\u00e1molunk) a szolg\u00e1ltat\u00e1s \u00e1r\u00e1val \u00e9s az eltelt \u00e9rv\u00e9nyess\u00e9gi id\u0151vel ar\u00e1nyosan.<\/p><p><em>A fogyaszt\u00f3k el\u00e1ll\u00e1si joga<\/em><\/p><p><em>Az el\u00e1ll\u00e1si jog id\u0151 el\u0151tti lej\u00e1rta<\/em><\/p><p>Az el\u00e1ll\u00e1si jog szolg\u00e1ltat\u00e1sny\u00fajt\u00e1sra ir\u00e1nyul\u00f3 szerz\u0151d\u00e9s eset\u00e9n akkor is megsz\u0171nik, ha a keresked\u0151 a szolg\u00e1ltat\u00e1st teljes eg\u00e9sz\u00e9ben ny\u00fajtotta, \u00e9s csak azt k\u00f6vet\u0151en kezdte meg a szolg\u00e1ltat\u00e1s teljes\u00edt\u00e9s\u00e9t, hogy \u00d6n mint fogyaszt\u00f3 ehhez kifejezetten hozz\u00e1j\u00e1rult, \u00e9s egy\u00fattal meger\u0151s\u00edtette, hogy tudom\u00e1ssal b\u00edr arr\u00f3l, hogy az el\u00e1ll\u00e1si jog\u00e1t elvesz\u00edti, ha a keresked\u0151 a szerz\u0151d\u00e9st teljes eg\u00e9sz\u00e9ben teljes\u00edtette. A regensburgi tartom\u00e1nyi b\u00edr\u00f3s\u00e1g \u00edt\u00e9lkez\u00e9si gyakorlata szerint (\u00fcgysz\u00e1m: \"1 HK O 1116\/22\", 2023.03.28-i \u00edt\u00e9let) a fent le\u00edrtak szerint a szolg\u00e1ltat\u00e1s teljes k\u00f6r\u0171en teljes\u00edtettnek min\u0151s\u00fcl, amint a szolg\u00e1ltat\u00f3 elv\u00e9gezte a szolg\u00e1ltat\u00e1s ig\u00e9nybe vev\u0151j\u00e9nek regisztr\u00e1ci\u00f3s sz\u00e1m\u00e1nak nyilv\u00e1ntart\u00e1sba v\u00e9tel\u00e9t, \u00e9s azt a szolg\u00e1ltat\u00e1s ig\u00e9nybe vev\u0151j\u00e9nek visszaigazolta. Az el\u00e1ll\u00e1si jog ebben az esetben id\u0151 el\u0151tt megsz\u0171nik.<\/p><p><em>- A lemond\u00e1si felt\u00e9telek v\u00e9ge -<\/em><\/p><p><em>Minta lemond\u00e1si \u0171rlap<\/em><\/p><p>Ha fel k\u00edv\u00e1nja mondani a szerz\u0151d\u00e9st, k\u00e9rj\u00fck, t\u00f6ltse ki \u00e9s k\u00fcldje vissza ezt az \u0171rlapot.<\/p><p>C\u00edmzett: Himmele Verwaltungs GmbH, Weststr. 30A, 8280 Kreuzlingen, CH<\/p><p>Ezennel visszavonom\/visszavonjuk (*) az \u00e1ltalam\/\u00f6nmagunk (*) \u00e1ltal az al\u00e1bbi szolg\u00e1ltat\u00e1s ny\u00fajt\u00e1s\u00e1ra k\u00f6t\u00f6tt szerz\u0151d\u00e9st (rendel\u00e9ssz\u00e1m*).<\/p><p>Megrendeltem (*)\/megkaptam (*)-n.<\/p><p>A szolg\u00e1ltat\u00e1st ig\u00e9nybe vev\u0151 neve<\/p><p>A szolg\u00e1ltat\u00e1st ig\u00e9nybe vev\u0151 c\u00edme<\/p><p>A szolg\u00e1ltat\u00e1st ig\u00e9nybe vev\u0151 al\u00e1\u00edr\u00e1sa (csak pap\u00edralap\u00fa kommunik\u00e1ci\u00f3 eset\u00e9n)<\/p><p>D\u00e1tum<\/p><p>(*) A k\u00edv\u00e1nt sz\u00f6vegr\u00e9sz t\u00f6rlend\u0151<\/p><p>Abban az esetben, ha a Szolg\u00e1ltat\u00e1s ig\u00e9nybe vev\u0151je jogosulatlan visszaterhel\u00e9st hajt v\u00e9gre, p\u00e9ld\u00e1ul vit\u00e1s \u00fcgyet nyit a Fizet\u00e9si Szolg\u00e1ltat\u00f3n\u00e1l, a Szolg\u00e1ltat\u00e1s ig\u00e9nybe vev\u0151je eml\u00e9keztet\u0151t kap, amely tartalmazza a k\u00f6vetkez\u0151 d\u00edjakat az \u00e9rintett Fizet\u00e9si Szolg\u00e1ltat\u00f3kt\u00f3l: Mollie (mag\u00e1ban foglalja a Giropay, Sofort\u00fcberweisung, iDEAL, EPS, \u00dcberweisung, Klarna fizet\u00e9si szolg\u00e1ltat\u00f3kat) 5\u20ac, Stripe (hitelk\u00e1rtya) 15\u20ac, Paypal 5\u20ac.<\/p>\t\t\t\t\t\t\t\t<\/div>\n\t\t\t\t<\/div>\n\t\t\t\t\t<\/div>\n\t\t<\/div>\n\t\t\t\t\t<\/div>\n\t\t<\/section>\n\t\t\t\t<\/div>","protected":false},"excerpt":{"rendered":"<p>Widerrufsrecht Widerrufsbelehrung Gem\u00e4\u00df \u00a713 BGB haben Personen im Sinne dieses Gesetzes bei Abschluss eines Fernabsatzgesch\u00e4ftes grunds\u00e4tzlich ein gesetzliches Widerrufsrecht, \u00fcber welches die Himmele Verwaltungs GmbH entsprechend der gesetzlichen Vorgabe folgend informiert: Widerrufsbelehrung Sie als Dienstleistungsnutzer haben das Recht, binnen vierzehn Tagen ohne Angabe von Gr\u00fcnden diesen Vertrag zu widerrufen. Die Widerrufsfrist betr\u00e4gt vierzehn Tage ab [&hellip;]<\/p>","protected":false},"author":1,"featured_media":0,"parent":0,"menu_order":0,"comment_status":"closed","ping_status":"closed","template":"elementor_header_footer","meta":{"footnotes":""},"class_list":["post-805","page","type-page","status-publish","hentry"],"yoast_head":"<!-- This site is optimized with the Yoast SEO plugin v24.9 - https:\/\/yoast.com\/wordpress\/plugins\/seo\/ -->\n<title>Widerruf - Digitale Vignette Schweiz<\/title>\n<meta name=\"robots\" content=\"noindex, nofollow\" \/>\n<meta property=\"og:locale\" content=\"hu_HU\" \/>\n<meta property=\"og:type\" content=\"article\" \/>\n<meta property=\"og:title\" content=\"Widerruf - Digitale Vignette Schweiz\" \/>\n<meta property=\"og:description\" content=\"Widerrufsrecht Widerrufsbelehrung Gem\u00e4\u00df \u00a713 BGB haben Personen im Sinne dieses Gesetzes bei Abschluss eines Fernabsatzgesch\u00e4ftes grunds\u00e4tzlich ein gesetzliches Widerrufsrecht, \u00fcber welches die Himmele Verwaltungs GmbH entsprechend der gesetzlichen Vorgabe folgend informiert: Widerrufsbelehrung Sie als Dienstleistungsnutzer haben das Recht, binnen vierzehn Tagen ohne Angabe von Gr\u00fcnden diesen Vertrag zu widerrufen. Die Widerrufsfrist betr\u00e4gt vierzehn Tage ab [&hellip;]\" \/>\n<meta property=\"og:url\" content=\"https:\/\/schweiz-vignette.ch\/hu\/visszavonas\/\" \/>\n<meta property=\"og:site_name\" content=\"Digitale Vignette Schweiz\" \/>\n<meta property=\"article:modified_time\" content=\"2023-09-28T16:03:19+00:00\" \/>\n<meta name=\"twitter:card\" content=\"summary_large_image\" \/>\n<meta name=\"twitter:label1\" content=\"Becs\u00fclt olvas\u00e1si id\u0151\" \/>\n\t<meta name=\"twitter:data1\" content=\"3 perc\" \/>\n<script type=\"application\/ld+json\" class=\"yoast-schema-graph\">{\"@context\":\"https:\/\/schema.org\",\"@graph\":[{\"@type\":\"WebPage\",\"@id\":\"https:\/\/schweiz-vignette.ch\/widerruf\/\",\"url\":\"https:\/\/schweiz-vignette.ch\/widerruf\/\",\"name\":\"Widerruf - Digitale Vignette Schweiz\",\"isPartOf\":{\"@id\":\"https:\/\/schweiz-vignette.ch\/#website\"},\"datePublished\":\"2023-09-28T11:23:37+00:00\",\"dateModified\":\"2023-09-28T16:03:19+00:00\",\"breadcrumb\":{\"@id\":\"https:\/\/schweiz-vignette.ch\/widerruf\/#breadcrumb\"},\"inLanguage\":\"hu\",\"potentialAction\":[{\"@type\":\"ReadAction\",\"target\":[\"https:\/\/schweiz-vignette.ch\/widerruf\/\"]}]},{\"@type\":\"BreadcrumbList\",\"@id\":\"https:\/\/schweiz-vignette.ch\/widerruf\/#breadcrumb\",\"itemListElement\":[{\"@type\":\"ListItem\",\"position\":1,\"name\":\"Home\",\"item\":\"https:\/\/schweiz-vignette.ch\/\"},{\"@type\":\"ListItem\",\"position\":2,\"name\":\"Widerruf\"}]},{\"@type\":\"WebSite\",\"@id\":\"https:\/\/schweiz-vignette.ch\/#website\",\"url\":\"https:\/\/schweiz-vignette.ch\/\",\"name\":\"Digitale Vignette Schweiz\",\"description\":\"\",\"potentialAction\":[{\"@type\":\"SearchAction\",\"target\":{\"@type\":\"EntryPoint\",\"urlTemplate\":\"https:\/\/schweiz-vignette.ch\/?s={search_term_string}\"},\"query-input\":{\"@type\":\"PropertyValueSpecification\",\"valueRequired\":true,\"valueName\":\"search_term_string\"}}],\"inLanguage\":\"hu\"}]}<\/script>\n<!-- \/ Yoast SEO plugin. -->","yoast_head_json":{"title":"Widerruf - Digitale Vignette Schweiz","robots":{"index":"noindex","follow":"nofollow"},"og_locale":"hu_HU","og_type":"article","og_title":"Widerruf - Digitale Vignette Schweiz","og_description":"Widerrufsrecht Widerrufsbelehrung Gem\u00e4\u00df \u00a713 BGB haben Personen im Sinne dieses Gesetzes bei Abschluss eines Fernabsatzgesch\u00e4ftes grunds\u00e4tzlich ein gesetzliches Widerrufsrecht, \u00fcber welches die Himmele Verwaltungs GmbH entsprechend der gesetzlichen Vorgabe folgend informiert: Widerrufsbelehrung Sie als Dienstleistungsnutzer haben das Recht, binnen vierzehn Tagen ohne Angabe von Gr\u00fcnden diesen Vertrag zu widerrufen. Die Widerrufsfrist betr\u00e4gt vierzehn Tage ab [&hellip;]","og_url":"https:\/\/schweiz-vignette.ch\/hu\/visszavonas\/","og_site_name":"Digitale Vignette Schweiz","article_modified_time":"2023-09-28T16:03:19+00:00","twitter_card":"summary_large_image","twitter_misc":{"Becs\u00fclt olvas\u00e1si id\u0151":"3 perc"},"schema":{"@context":"https:\/\/schema.org","@graph":[{"@type":"WebPage","@id":"https:\/\/schweiz-vignette.ch\/widerruf\/","url":"https:\/\/schweiz-vignette.ch\/widerruf\/","name":"Widerruf - Digitale Vignette Schweiz","isPartOf":{"@id":"https:\/\/schweiz-vignette.ch\/#website"},"datePublished":"2023-09-28T11:23:37+00:00","dateModified":"2023-09-28T16:03:19+00:00","breadcrumb":{"@id":"https:\/\/schweiz-vignette.ch\/widerruf\/#breadcrumb"},"inLanguage":"hu","potentialAction":[{"@type":"ReadAction","target":["https:\/\/schweiz-vignette.ch\/widerruf\/"]}]},{"@type":"BreadcrumbList","@id":"https:\/\/schweiz-vignette.ch\/widerruf\/#breadcrumb","itemListElement":[{"@type":"ListItem","position":1,"name":"Home","item":"https:\/\/schweiz-vignette.ch\/"},{"@type":"ListItem","position":2,"name":"Widerruf"}]},{"@type":"WebSite","@id":"https:\/\/schweiz-vignette.ch\/#website","url":"https:\/\/schweiz-vignette.ch\/","name":"Digitale Vignette Schweiz","description":"","potentialAction":[{"@type":"SearchAction","target":{"@type":"EntryPoint","urlTemplate":"https:\/\/schweiz-vignette.ch\/?s={search_term_string}"},"query-input":{"@type":"PropertyValueSpecification","valueRequired":true,"valueName":"search_term_string"}}],"inLanguage":"hu"}]}},"_links":{"self":[{"href":"https:\/\/schweiz-vignette.ch\/hu\/wp-json\/wp\/v2\/pages\/805","targetHints":{"allow":["GET"]}}],"collection":[{"href":"https:\/\/schweiz-vignette.ch\/hu\/wp-json\/wp\/v2\/pages"}],"about":[{"href":"https:\/\/schweiz-vignette.ch\/hu\/wp-json\/wp\/v2\/types\/page"}],"author":[{"embeddable":true,"href":"https:\/\/schweiz-vignette.ch\/hu\/wp-json\/wp\/v2\/users\/1"}],"replies":[{"embeddable":true,"href":"https:\/\/schweiz-vignette.ch\/hu\/wp-json\/wp\/v2\/comments?post=805"}],"version-history":[{"count":8,"href":"https:\/\/schweiz-vignette.ch\/hu\/wp-json\/wp\/v2\/pages\/805\/revisions"}],"predecessor-version":[{"id":863,"href":"https:\/\/schweiz-vignette.ch\/hu\/wp-json\/wp\/v2\/pages\/805\/revisions\/863"}],"wp:attachment":[{"href":"https:\/\/schweiz-vignette.ch\/hu\/wp-json\/wp\/v2\/media?parent=805"}],"curies":[{"name":"wp","href":"https:\/\/api.w.org\/{rel}","templated":true}]}}