{"id":825,"date":"2023-09-28T11:43:46","date_gmt":"2023-09-28T11:43:46","guid":{"rendered":"https:\/\/schweiz-vignette.ch\/?page_id=825"},"modified":"2023-09-28T16:03:07","modified_gmt":"2023-09-28T16:03:07","slug":"verbraucherinformation","status":"publish","type":"page","link":"https:\/\/schweiz-vignette.ch\/pl\/informacje-dla-konsumentow\/","title":{"rendered":"Informacje dla konsument\u00f3w"},"content":{"rendered":"<div data-elementor-type=\"wp-page\" data-elementor-id=\"825\" class=\"elementor elementor-825\" data-elementor-post-type=\"page\">\n\t\t\t\t\t\t<section class=\"elementor-section elementor-top-section elementor-element elementor-element-8008a3a elementor-section-boxed elementor-section-height-default elementor-section-height-default\" data-id=\"8008a3a\" data-element_type=\"section\" data-settings=\"{&quot;background_background&quot;:&quot;classic&quot;}\">\n\t\t\t\t\t\t\t<div class=\"elementor-background-overlay\"><\/div>\n\t\t\t\t\t\t\t<div class=\"elementor-container elementor-column-gap-default\">\n\t\t\t\t\t<div class=\"elementor-column elementor-col-100 elementor-top-column elementor-element elementor-element-836060b\" data-id=\"836060b\" data-element_type=\"column\">\n\t\t\t<div class=\"elementor-widget-wrap elementor-element-populated\">\n\t\t\t\t\t\t<div class=\"elementor-element elementor-element-7c3afaf elementor-widget elementor-widget-heading\" data-id=\"7c3afaf\" data-element_type=\"widget\" data-widget_type=\"heading.default\">\n\t\t\t\t<div class=\"elementor-widget-container\">\n\t\t\t\t\t<h1 class=\"elementor-heading-title elementor-size-default\">Informacje dla konsument\u00f3w<\/h1>\t\t\t\t<\/div>\n\t\t\t\t<\/div>\n\t\t\t\t\t<\/div>\n\t\t<\/div>\n\t\t\t\t\t<\/div>\n\t\t<\/section>\n\t\t\t\t<section class=\"elementor-section elementor-top-section elementor-element elementor-element-b1040a3 elementor-section-boxed elementor-section-height-default elementor-section-height-default\" data-id=\"b1040a3\" data-element_type=\"section\">\n\t\t\t\t\t\t<div class=\"elementor-container elementor-column-gap-default\">\n\t\t\t\t\t<div class=\"elementor-column elementor-col-100 elementor-top-column elementor-element elementor-element-eb4d5f1\" data-id=\"eb4d5f1\" data-element_type=\"column\">\n\t\t\t<div class=\"elementor-widget-wrap elementor-element-populated\">\n\t\t\t\t\t\t<div class=\"elementor-element elementor-element-146e1c9 elementor-widget elementor-widget-text-editor\" data-id=\"146e1c9\" data-element_type=\"widget\" data-widget_type=\"text-editor.default\">\n\t\t\t\t<div class=\"elementor-widget-container\">\n\t\t\t\t\t\t\t\t\t<p>Rejestracja tablic rejestracyjnych odbywa si\u0119 natychmiastowo za po\u015brednictwem oficjalnych punkt\u00f3w poboru op\u0142at drogowych w poszczeg\u00f3lnych krajach na wniosek klienta i bez okresu oczekiwania, kt\u00f3rego klient musia\u0142by przestrzega\u0107 przy zakupie produkt\u00f3w podlegaj\u0105cych op\u0142acie drogowej w oficjalnych internetowych punktach poboru op\u0142at drogowych w niekt\u00f3rych krajach.<\/p><p>Nasza oferta obejmuje r\u00f3wnie\u017c przyjazny dla klienta proces zamawiania i ch\u0119tnie pomo\u017cemy w przypadku jakichkolwiek pyta\u0144 za po\u015brednictwem naszego dzia\u0142u obs\u0142ugi klienta. Za wy\u017cej wymienione us\u0142ugi pobieramy op\u0142at\u0119 manipulacyjn\u0105 wymienion\u0105 tutaj, kt\u00f3ra jest dodawana do cen produkt\u00f3w p\u0142atnych, kt\u00f3re z kolei s\u0105 ustalane przez operator\u00f3w op\u0142at drogowych w odpowiednich krajach. W tym miejscu wyra\u017anie zwracamy uwag\u0119 klienta na nast\u0119puj\u0105c\u0105 okoliczno\u015b\u0107: W przypadku produkt\u00f3w podlegaj\u0105cych op\u0142acie drogowej z dat\u0105 rozpocz\u0119cia wa\u017cno\u015bci po up\u0142ywie 18 dni warto\u015b\u0107 dodana natychmiastowej u\u017cyteczno\u015bci nie ma zastosowania, poniewa\u017c w takim przypadku cyfrowy produkt podlegaj\u0105cy op\u0142acie drogowej mo\u017cna r\u00f3wnie\u017c zam\u00f3wi\u0107 bezpo\u015brednio w punkcie poboru op\u0142at drogowych BAZG i stanie si\u0119 on wa\u017cny w odpowiednim czasie. Je\u015bli uda nam si\u0119 przekona\u0107 Pa\u0144stwa nasz\u0105 ofert\u0105, b\u0119dziemy oczywi\u015bcie zadowoleni, je\u015bli zdecyduj\u0105 si\u0119 Pa\u0144stwo na rejestracj\u0119 za naszym po\u015brednictwem.<\/p><p>W przypadku Szwajcarii ceny winiet cyfrowych i cyfrowych op\u0142at drogowych s\u0105 ustalane przez BAZG. Rejestracja tablic rejestracyjnych jest mo\u017cliwa w przypadku winiet cyfrowych na 1 rok z ustalonym okresem wa\u017cno\u015bci oraz cyfrowych op\u0142at drogowych na 1 przejazd, 2 przejazdy lub bilety roczne z okresem wa\u017cno\u015bci 365 dni od rejestracji.<\/p><p><strong>Ceny<\/strong><\/p><p>Jednolite ceny obowi\u0105zuj\u0105 dla wszystkich pojazd\u00f3w i przyczep podlegaj\u0105cych winietom - 49,90 euro za winiet\u0119 roczn\u0105 z op\u0142at\u0105 rejestracyjn\u0105 w wysoko\u015bci 8,41 euro.<\/p>\t\t\t\t\t\t\t\t<\/div>\n\t\t\t\t<\/div>\n\t\t\t\t\t<\/div>\n\t\t<\/div>\n\t\t\t\t\t<\/div>\n\t\t<\/section>\n\t\t\t\t<\/div>","protected":false},"excerpt":{"rendered":"<p>Verbraucherinformation Die Registrierung der Kennzeichen erfolgt \u00fcber die offiziellen Mautshops der jeweiligen L\u00e4nder auf Wunsch des Kunden sofort und ohne Wartefrist, die der Kunde beim Erwerb der Mautprodukte in den offiziellen Online-Mautshops in einigen L\u00e4ndern einhalten m\u00fcsste. Unsere Angebot beinhaltet dar\u00fcber hinaus einen kundenfreundlichen Bestellprozess und wir helfen Ihnen \u00fcber unseren Kundensupport gerne bei Fragen. [&hellip;]<\/p>","protected":false},"author":1,"featured_media":0,"parent":0,"menu_order":0,"comment_status":"closed","ping_status":"closed","template":"elementor_header_footer","meta":{"footnotes":""},"class_list":["post-825","page","type-page","status-publish","hentry"],"yoast_head":"<!-- This site is optimized with the Yoast SEO plugin v24.9 - https:\/\/yoast.com\/wordpress\/plugins\/seo\/ -->\n<title>Verbraucherinformation - Digitale Vignette Schweiz<\/title>\n<meta name=\"robots\" content=\"noindex, nofollow\" \/>\n<meta property=\"og:locale\" content=\"pl_PL\" \/>\n<meta property=\"og:type\" content=\"article\" \/>\n<meta property=\"og:title\" content=\"Verbraucherinformation - Digitale Vignette Schweiz\" \/>\n<meta property=\"og:description\" content=\"Verbraucherinformation Die Registrierung der Kennzeichen erfolgt \u00fcber die offiziellen Mautshops der jeweiligen L\u00e4nder auf Wunsch des Kunden sofort und ohne Wartefrist, die der Kunde beim Erwerb der Mautprodukte in den offiziellen Online-Mautshops in einigen L\u00e4ndern einhalten m\u00fcsste. Unsere Angebot beinhaltet dar\u00fcber hinaus einen kundenfreundlichen Bestellprozess und wir helfen Ihnen \u00fcber unseren Kundensupport gerne bei Fragen. [&hellip;]\" \/>\n<meta property=\"og:url\" content=\"https:\/\/schweiz-vignette.ch\/pl\/informacje-dla-konsumentow\/\" \/>\n<meta property=\"og:site_name\" content=\"Digitale Vignette Schweiz\" \/>\n<meta property=\"article:modified_time\" content=\"2023-09-28T16:03:07+00:00\" \/>\n<meta name=\"twitter:card\" content=\"summary_large_image\" \/>\n<meta name=\"twitter:label1\" content=\"Szacowany czas czytania\" \/>\n\t<meta name=\"twitter:data1\" content=\"2 minuty\" \/>\n<script type=\"application\/ld+json\" class=\"yoast-schema-graph\">{\"@context\":\"https:\/\/schema.org\",\"@graph\":[{\"@type\":\"WebPage\",\"@id\":\"https:\/\/schweiz-vignette.ch\/verbraucherinformation\/\",\"url\":\"https:\/\/schweiz-vignette.ch\/verbraucherinformation\/\",\"name\":\"Verbraucherinformation - Digitale Vignette Schweiz\",\"isPartOf\":{\"@id\":\"https:\/\/schweiz-vignette.ch\/#website\"},\"datePublished\":\"2023-09-28T11:43:46+00:00\",\"dateModified\":\"2023-09-28T16:03:07+00:00\",\"breadcrumb\":{\"@id\":\"https:\/\/schweiz-vignette.ch\/verbraucherinformation\/#breadcrumb\"},\"inLanguage\":\"pl-PL\",\"potentialAction\":[{\"@type\":\"ReadAction\",\"target\":[\"https:\/\/schweiz-vignette.ch\/verbraucherinformation\/\"]}]},{\"@type\":\"BreadcrumbList\",\"@id\":\"https:\/\/schweiz-vignette.ch\/verbraucherinformation\/#breadcrumb\",\"itemListElement\":[{\"@type\":\"ListItem\",\"position\":1,\"name\":\"Home\",\"item\":\"https:\/\/schweiz-vignette.ch\/\"},{\"@type\":\"ListItem\",\"position\":2,\"name\":\"Verbraucherinformation\"}]},{\"@type\":\"WebSite\",\"@id\":\"https:\/\/schweiz-vignette.ch\/#website\",\"url\":\"https:\/\/schweiz-vignette.ch\/\",\"name\":\"Digitale Vignette Schweiz\",\"description\":\"\",\"potentialAction\":[{\"@type\":\"SearchAction\",\"target\":{\"@type\":\"EntryPoint\",\"urlTemplate\":\"https:\/\/schweiz-vignette.ch\/?s={search_term_string}\"},\"query-input\":{\"@type\":\"PropertyValueSpecification\",\"valueRequired\":true,\"valueName\":\"search_term_string\"}}],\"inLanguage\":\"pl-PL\"}]}<\/script>\n<!-- \/ Yoast SEO plugin. -->","yoast_head_json":{"title":"Verbraucherinformation - Digitale Vignette Schweiz","robots":{"index":"noindex","follow":"nofollow"},"og_locale":"pl_PL","og_type":"article","og_title":"Verbraucherinformation - Digitale Vignette Schweiz","og_description":"Verbraucherinformation Die Registrierung der Kennzeichen erfolgt \u00fcber die offiziellen Mautshops der jeweiligen L\u00e4nder auf Wunsch des Kunden sofort und ohne Wartefrist, die der Kunde beim Erwerb der Mautprodukte in den offiziellen Online-Mautshops in einigen L\u00e4ndern einhalten m\u00fcsste. Unsere Angebot beinhaltet dar\u00fcber hinaus einen kundenfreundlichen Bestellprozess und wir helfen Ihnen \u00fcber unseren Kundensupport gerne bei Fragen. [&hellip;]","og_url":"https:\/\/schweiz-vignette.ch\/pl\/informacje-dla-konsumentow\/","og_site_name":"Digitale Vignette Schweiz","article_modified_time":"2023-09-28T16:03:07+00:00","twitter_card":"summary_large_image","twitter_misc":{"Szacowany czas czytania":"2 minuty"},"schema":{"@context":"https:\/\/schema.org","@graph":[{"@type":"WebPage","@id":"https:\/\/schweiz-vignette.ch\/verbraucherinformation\/","url":"https:\/\/schweiz-vignette.ch\/verbraucherinformation\/","name":"Verbraucherinformation - Digitale Vignette Schweiz","isPartOf":{"@id":"https:\/\/schweiz-vignette.ch\/#website"},"datePublished":"2023-09-28T11:43:46+00:00","dateModified":"2023-09-28T16:03:07+00:00","breadcrumb":{"@id":"https:\/\/schweiz-vignette.ch\/verbraucherinformation\/#breadcrumb"},"inLanguage":"pl-PL","potentialAction":[{"@type":"ReadAction","target":["https:\/\/schweiz-vignette.ch\/verbraucherinformation\/"]}]},{"@type":"BreadcrumbList","@id":"https:\/\/schweiz-vignette.ch\/verbraucherinformation\/#breadcrumb","itemListElement":[{"@type":"ListItem","position":1,"name":"Home","item":"https:\/\/schweiz-vignette.ch\/"},{"@type":"ListItem","position":2,"name":"Verbraucherinformation"}]},{"@type":"WebSite","@id":"https:\/\/schweiz-vignette.ch\/#website","url":"https:\/\/schweiz-vignette.ch\/","name":"Digitale Vignette Schweiz","description":"","potentialAction":[{"@type":"SearchAction","target":{"@type":"EntryPoint","urlTemplate":"https:\/\/schweiz-vignette.ch\/?s={search_term_string}"},"query-input":{"@type":"PropertyValueSpecification","valueRequired":true,"valueName":"search_term_string"}}],"inLanguage":"pl-PL"}]}},"_links":{"self":[{"href":"https:\/\/schweiz-vignette.ch\/pl\/wp-json\/wp\/v2\/pages\/825","targetHints":{"allow":["GET"]}}],"collection":[{"href":"https:\/\/schweiz-vignette.ch\/pl\/wp-json\/wp\/v2\/pages"}],"about":[{"href":"https:\/\/schweiz-vignette.ch\/pl\/wp-json\/wp\/v2\/types\/page"}],"author":[{"embeddable":true,"href":"https:\/\/schweiz-vignette.ch\/pl\/wp-json\/wp\/v2\/users\/1"}],"replies":[{"embeddable":true,"href":"https:\/\/schweiz-vignette.ch\/pl\/wp-json\/wp\/v2\/comments?post=825"}],"version-history":[{"count":5,"href":"https:\/\/schweiz-vignette.ch\/pl\/wp-json\/wp\/v2\/pages\/825\/revisions"}],"predecessor-version":[{"id":862,"href":"https:\/\/schweiz-vignette.ch\/pl\/wp-json\/wp\/v2\/pages\/825\/revisions\/862"}],"wp:attachment":[{"href":"https:\/\/schweiz-vignette.ch\/pl\/wp-json\/wp\/v2\/media?parent=825"}],"curies":[{"name":"wp","href":"https:\/\/api.w.org\/{rel}","templated":true}]}}