{"id":825,"date":"2023-09-28T11:43:46","date_gmt":"2023-09-28T11:43:46","guid":{"rendered":"https:\/\/schweiz-vignette.ch\/?page_id=825"},"modified":"2023-09-28T16:03:07","modified_gmt":"2023-09-28T16:03:07","slug":"verbraucherinformation","status":"publish","type":"page","link":"https:\/\/schweiz-vignette.ch\/ro\/informatii-pentru-consumatori\/","title":{"rendered":"Informa\u021bii pentru consumatori"},"content":{"rendered":"<div data-elementor-type=\"wp-page\" data-elementor-id=\"825\" class=\"elementor elementor-825\" data-elementor-post-type=\"page\">\n\t\t\t\t\t\t<section class=\"elementor-section elementor-top-section elementor-element elementor-element-8008a3a elementor-section-boxed elementor-section-height-default elementor-section-height-default\" data-id=\"8008a3a\" data-element_type=\"section\" data-settings=\"{&quot;background_background&quot;:&quot;classic&quot;}\">\n\t\t\t\t\t\t\t<div class=\"elementor-background-overlay\"><\/div>\n\t\t\t\t\t\t\t<div class=\"elementor-container elementor-column-gap-default\">\n\t\t\t\t\t<div class=\"elementor-column elementor-col-100 elementor-top-column elementor-element elementor-element-836060b\" data-id=\"836060b\" data-element_type=\"column\">\n\t\t\t<div class=\"elementor-widget-wrap elementor-element-populated\">\n\t\t\t\t\t\t<div class=\"elementor-element elementor-element-7c3afaf elementor-widget elementor-widget-heading\" data-id=\"7c3afaf\" data-element_type=\"widget\" data-widget_type=\"heading.default\">\n\t\t\t\t<div class=\"elementor-widget-container\">\n\t\t\t\t\t<h1 class=\"elementor-heading-title elementor-size-default\">Informa\u021bii pentru consumatori<\/h1>\t\t\t\t<\/div>\n\t\t\t\t<\/div>\n\t\t\t\t\t<\/div>\n\t\t<\/div>\n\t\t\t\t\t<\/div>\n\t\t<\/section>\n\t\t\t\t<section class=\"elementor-section elementor-top-section elementor-element elementor-element-b1040a3 elementor-section-boxed elementor-section-height-default elementor-section-height-default\" data-id=\"b1040a3\" data-element_type=\"section\">\n\t\t\t\t\t\t<div class=\"elementor-container elementor-column-gap-default\">\n\t\t\t\t\t<div class=\"elementor-column elementor-col-100 elementor-top-column elementor-element elementor-element-eb4d5f1\" data-id=\"eb4d5f1\" data-element_type=\"column\">\n\t\t\t<div class=\"elementor-widget-wrap elementor-element-populated\">\n\t\t\t\t\t\t<div class=\"elementor-element elementor-element-146e1c9 elementor-widget elementor-widget-text-editor\" data-id=\"146e1c9\" data-element_type=\"widget\" data-widget_type=\"text-editor.default\">\n\t\t\t\t<div class=\"elementor-widget-container\">\n\t\t\t\t\t\t\t\t\t<p>\u00cenregistrarea pl\u0103cu\u021belor de \u00eenmatriculare are loc imediat prin intermediul magazinelor oficiale de taxare din \u021b\u0103rile respective, la cererea clientului \u0219i f\u0103r\u0103 o perioad\u0103 de a\u0219teptare, pe care clientul ar trebui s\u0103 o respecte atunci c\u00e2nd cump\u0103r\u0103 produse de taxare \u00een magazinele oficiale de taxare online din unele \u021b\u0103ri.<\/p><p>Oferta noastr\u0103 include, de asemenea, un proces de comand\u0103 prietenos pentru clien\u021bi \u0219i suntem bucuro\u0219i s\u0103 v\u0103 ajut\u0103m cu orice \u00eentreb\u0103ri pe care le ave\u021bi prin intermediul serviciului nostru de asisten\u021b\u0103 pentru clien\u021bi. Pentru serviciile men\u021bionate mai sus, percepem taxa de procesare men\u021bionat\u0103 aici, care se adaug\u0103 la pre\u021burile produselor de taxare, care la r\u00e2ndul lor sunt stabilite de operatorii de taxare din \u021b\u0103rile respective. \u00cen acest moment, atragem \u00een mod explicit aten\u021bia clientului asupra urm\u0103toarei circumstan\u021be: \u00cen cazul produselor de taxare cu o dat\u0103 de \u00eencepere a valabilit\u0103\u021bii dup\u0103 18 zile, nu se aplic\u0103 valoarea ad\u0103ugat\u0103 de utilizare imediat\u0103, deoarece \u00een acest caz produsul digital de taxare poate fi comandat \u0219i direct de la magazinul de taxare BAZG \u0219i va deveni valabil la timp. Dac\u0103 reu\u0219im s\u0103 v\u0103 convingem cu oferta noastr\u0103, ne vom bucura, bine\u00een\u021beles, dac\u0103 ve\u021bi decide totu\u0219i s\u0103 v\u0103 \u00eenregistra\u021bi prin intermediul nostru.<\/p><p>Pentru Elve\u021bia, pre\u021burile pentru vinietele digitale \u0219i taxele de drum digitale sunt stabilite de BAZG. \u00cenregistrarea pl\u0103cu\u021belor de \u00eenmatriculare este posibil\u0103 pentru vinietele digitale pentru 1 an cu o perioad\u0103 de valabilitate fix\u0103 \u0219i pentru taxele de drum digitale pentru 1 c\u0103l\u0103torie, 2 c\u0103l\u0103torii sau bilete anuale cu o valabilitate de 365 de zile de la \u00eenregistrare.<\/p><p><strong>Pre\u021buri<\/strong><\/p><p>Se aplic\u0103 pre\u021buri uniforme pentru toate vehiculele \u0219i remorcile care fac obiectul vinietelor - 49,90 EUR pentru vinietele anuale, cu taxe de servicii de \u00eenmatriculare de 8,41 EUR.<\/p>\t\t\t\t\t\t\t\t<\/div>\n\t\t\t\t<\/div>\n\t\t\t\t\t<\/div>\n\t\t<\/div>\n\t\t\t\t\t<\/div>\n\t\t<\/section>\n\t\t\t\t<\/div>","protected":false},"excerpt":{"rendered":"<p>Verbraucherinformation Die Registrierung der Kennzeichen erfolgt \u00fcber die offiziellen Mautshops der jeweiligen L\u00e4nder auf Wunsch des Kunden sofort und ohne Wartefrist, die der Kunde beim Erwerb der Mautprodukte in den offiziellen Online-Mautshops in einigen L\u00e4ndern einhalten m\u00fcsste. Unsere Angebot beinhaltet dar\u00fcber hinaus einen kundenfreundlichen Bestellprozess und wir helfen Ihnen \u00fcber unseren Kundensupport gerne bei Fragen. [&hellip;]<\/p>","protected":false},"author":1,"featured_media":0,"parent":0,"menu_order":0,"comment_status":"closed","ping_status":"closed","template":"elementor_header_footer","meta":{"footnotes":""},"class_list":["post-825","page","type-page","status-publish","hentry"],"yoast_head":"<!-- This site is optimized with the Yoast SEO plugin v24.9 - https:\/\/yoast.com\/wordpress\/plugins\/seo\/ -->\n<title>Verbraucherinformation - Digitale Vignette Schweiz<\/title>\n<meta name=\"robots\" content=\"noindex, nofollow\" \/>\n<meta property=\"og:locale\" content=\"ro_RO\" \/>\n<meta property=\"og:type\" content=\"article\" \/>\n<meta property=\"og:title\" content=\"Verbraucherinformation - Digitale Vignette Schweiz\" \/>\n<meta property=\"og:description\" content=\"Verbraucherinformation Die Registrierung der Kennzeichen erfolgt \u00fcber die offiziellen Mautshops der jeweiligen L\u00e4nder auf Wunsch des Kunden sofort und ohne Wartefrist, die der Kunde beim Erwerb der Mautprodukte in den offiziellen Online-Mautshops in einigen L\u00e4ndern einhalten m\u00fcsste. Unsere Angebot beinhaltet dar\u00fcber hinaus einen kundenfreundlichen Bestellprozess und wir helfen Ihnen \u00fcber unseren Kundensupport gerne bei Fragen. [&hellip;]\" \/>\n<meta property=\"og:url\" content=\"https:\/\/schweiz-vignette.ch\/ro\/informatii-pentru-consumatori\/\" \/>\n<meta property=\"og:site_name\" content=\"Digitale Vignette Schweiz\" \/>\n<meta property=\"article:modified_time\" content=\"2023-09-28T16:03:07+00:00\" \/>\n<meta name=\"twitter:card\" content=\"summary_large_image\" \/>\n<meta name=\"twitter:label1\" content=\"Timp estimat pentru citire\" \/>\n\t<meta name=\"twitter:data1\" content=\"2 minute\" \/>\n<script type=\"application\/ld+json\" class=\"yoast-schema-graph\">{\"@context\":\"https:\/\/schema.org\",\"@graph\":[{\"@type\":\"WebPage\",\"@id\":\"https:\/\/schweiz-vignette.ch\/verbraucherinformation\/\",\"url\":\"https:\/\/schweiz-vignette.ch\/verbraucherinformation\/\",\"name\":\"Verbraucherinformation - Digitale Vignette Schweiz\",\"isPartOf\":{\"@id\":\"https:\/\/schweiz-vignette.ch\/#website\"},\"datePublished\":\"2023-09-28T11:43:46+00:00\",\"dateModified\":\"2023-09-28T16:03:07+00:00\",\"breadcrumb\":{\"@id\":\"https:\/\/schweiz-vignette.ch\/verbraucherinformation\/#breadcrumb\"},\"inLanguage\":\"ro-RO\",\"potentialAction\":[{\"@type\":\"ReadAction\",\"target\":[\"https:\/\/schweiz-vignette.ch\/verbraucherinformation\/\"]}]},{\"@type\":\"BreadcrumbList\",\"@id\":\"https:\/\/schweiz-vignette.ch\/verbraucherinformation\/#breadcrumb\",\"itemListElement\":[{\"@type\":\"ListItem\",\"position\":1,\"name\":\"Home\",\"item\":\"https:\/\/schweiz-vignette.ch\/\"},{\"@type\":\"ListItem\",\"position\":2,\"name\":\"Verbraucherinformation\"}]},{\"@type\":\"WebSite\",\"@id\":\"https:\/\/schweiz-vignette.ch\/#website\",\"url\":\"https:\/\/schweiz-vignette.ch\/\",\"name\":\"Digitale Vignette Schweiz\",\"description\":\"\",\"potentialAction\":[{\"@type\":\"SearchAction\",\"target\":{\"@type\":\"EntryPoint\",\"urlTemplate\":\"https:\/\/schweiz-vignette.ch\/?s={search_term_string}\"},\"query-input\":{\"@type\":\"PropertyValueSpecification\",\"valueRequired\":true,\"valueName\":\"search_term_string\"}}],\"inLanguage\":\"ro-RO\"}]}<\/script>\n<!-- \/ Yoast SEO plugin. -->","yoast_head_json":{"title":"Verbraucherinformation - Digitale Vignette Schweiz","robots":{"index":"noindex","follow":"nofollow"},"og_locale":"ro_RO","og_type":"article","og_title":"Verbraucherinformation - Digitale Vignette Schweiz","og_description":"Verbraucherinformation Die Registrierung der Kennzeichen erfolgt \u00fcber die offiziellen Mautshops der jeweiligen L\u00e4nder auf Wunsch des Kunden sofort und ohne Wartefrist, die der Kunde beim Erwerb der Mautprodukte in den offiziellen Online-Mautshops in einigen L\u00e4ndern einhalten m\u00fcsste. Unsere Angebot beinhaltet dar\u00fcber hinaus einen kundenfreundlichen Bestellprozess und wir helfen Ihnen \u00fcber unseren Kundensupport gerne bei Fragen. [&hellip;]","og_url":"https:\/\/schweiz-vignette.ch\/ro\/informatii-pentru-consumatori\/","og_site_name":"Digitale Vignette Schweiz","article_modified_time":"2023-09-28T16:03:07+00:00","twitter_card":"summary_large_image","twitter_misc":{"Timp estimat pentru citire":"2 minute"},"schema":{"@context":"https:\/\/schema.org","@graph":[{"@type":"WebPage","@id":"https:\/\/schweiz-vignette.ch\/verbraucherinformation\/","url":"https:\/\/schweiz-vignette.ch\/verbraucherinformation\/","name":"Verbraucherinformation - Digitale Vignette Schweiz","isPartOf":{"@id":"https:\/\/schweiz-vignette.ch\/#website"},"datePublished":"2023-09-28T11:43:46+00:00","dateModified":"2023-09-28T16:03:07+00:00","breadcrumb":{"@id":"https:\/\/schweiz-vignette.ch\/verbraucherinformation\/#breadcrumb"},"inLanguage":"ro-RO","potentialAction":[{"@type":"ReadAction","target":["https:\/\/schweiz-vignette.ch\/verbraucherinformation\/"]}]},{"@type":"BreadcrumbList","@id":"https:\/\/schweiz-vignette.ch\/verbraucherinformation\/#breadcrumb","itemListElement":[{"@type":"ListItem","position":1,"name":"Home","item":"https:\/\/schweiz-vignette.ch\/"},{"@type":"ListItem","position":2,"name":"Verbraucherinformation"}]},{"@type":"WebSite","@id":"https:\/\/schweiz-vignette.ch\/#website","url":"https:\/\/schweiz-vignette.ch\/","name":"Digitale Vignette Schweiz","description":"","potentialAction":[{"@type":"SearchAction","target":{"@type":"EntryPoint","urlTemplate":"https:\/\/schweiz-vignette.ch\/?s={search_term_string}"},"query-input":{"@type":"PropertyValueSpecification","valueRequired":true,"valueName":"search_term_string"}}],"inLanguage":"ro-RO"}]}},"_links":{"self":[{"href":"https:\/\/schweiz-vignette.ch\/ro\/wp-json\/wp\/v2\/pages\/825","targetHints":{"allow":["GET"]}}],"collection":[{"href":"https:\/\/schweiz-vignette.ch\/ro\/wp-json\/wp\/v2\/pages"}],"about":[{"href":"https:\/\/schweiz-vignette.ch\/ro\/wp-json\/wp\/v2\/types\/page"}],"author":[{"embeddable":true,"href":"https:\/\/schweiz-vignette.ch\/ro\/wp-json\/wp\/v2\/users\/1"}],"replies":[{"embeddable":true,"href":"https:\/\/schweiz-vignette.ch\/ro\/wp-json\/wp\/v2\/comments?post=825"}],"version-history":[{"count":5,"href":"https:\/\/schweiz-vignette.ch\/ro\/wp-json\/wp\/v2\/pages\/825\/revisions"}],"predecessor-version":[{"id":862,"href":"https:\/\/schweiz-vignette.ch\/ro\/wp-json\/wp\/v2\/pages\/825\/revisions\/862"}],"wp:attachment":[{"href":"https:\/\/schweiz-vignette.ch\/ro\/wp-json\/wp\/v2\/media?parent=825"}],"curies":[{"name":"wp","href":"https:\/\/api.w.org\/{rel}","templated":true}]}}