{"id":594,"date":"2023-09-25T23:16:36","date_gmt":"2023-09-25T23:16:36","guid":{"rendered":"https:\/\/schweiz-vignette.ch\/?page_id=594"},"modified":"2023-09-28T23:46:38","modified_gmt":"2023-09-28T23:46:38","slug":"support","status":"publish","type":"page","link":"https:\/\/schweiz-vignette.ch\/sk\/podpora\/","title":{"rendered":"Podpora"},"content":{"rendered":"<div data-elementor-type=\"wp-page\" data-elementor-id=\"594\" class=\"elementor elementor-594\" data-elementor-post-type=\"page\">\n\t\t\t\t\t\t<section class=\"elementor-section elementor-top-section elementor-element elementor-element-4b4e38a elementor-section-boxed elementor-section-height-default elementor-section-height-default\" data-id=\"4b4e38a\" data-element_type=\"section\" data-settings=\"{&quot;background_background&quot;:&quot;classic&quot;}\">\n\t\t\t\t\t\t\t<div class=\"elementor-background-overlay\"><\/div>\n\t\t\t\t\t\t\t<div class=\"elementor-container elementor-column-gap-default\">\n\t\t\t\t\t<div class=\"elementor-column elementor-col-100 elementor-top-column elementor-element elementor-element-e33ed96\" data-id=\"e33ed96\" data-element_type=\"column\">\n\t\t\t<div class=\"elementor-widget-wrap elementor-element-populated\">\n\t\t\t\t\t\t<div class=\"elementor-element elementor-element-f4f70cb elementor-widget elementor-widget-heading\" data-id=\"f4f70cb\" data-element_type=\"widget\" data-widget_type=\"heading.default\">\n\t\t\t\t<div class=\"elementor-widget-container\">\n\t\t\t\t\t<h1 class=\"elementor-heading-title elementor-size-default\">Podpora<\/h1>\t\t\t\t<\/div>\n\t\t\t\t<\/div>\n\t\t\t\t\t<\/div>\n\t\t<\/div>\n\t\t\t\t\t<\/div>\n\t\t<\/section>\n\t\t\t\t<section class=\"elementor-section elementor-top-section elementor-element elementor-element-10f6a90 elementor-section-boxed elementor-section-height-default elementor-section-height-default\" data-id=\"10f6a90\" data-element_type=\"section\" data-settings=\"{&quot;background_background&quot;:&quot;classic&quot;}\">\n\t\t\t\t\t\t<div class=\"elementor-container elementor-column-gap-default\">\n\t\t\t\t\t<div class=\"elementor-column elementor-col-100 elementor-top-column elementor-element elementor-element-6f4cb02\" data-id=\"6f4cb02\" data-element_type=\"column\">\n\t\t\t<div class=\"elementor-widget-wrap elementor-element-populated\">\n\t\t\t\t\t\t<div class=\"elementor-element elementor-element-87cc67f elementor-widget elementor-widget-heading\" data-id=\"87cc67f\" data-element_type=\"widget\" data-widget_type=\"heading.default\">\n\t\t\t\t<div class=\"elementor-widget-container\">\n\t\t\t\t\t<h2 class=\"elementor-heading-title elementor-size-default\">Kontaktujte n\u00e1s<\/h2>\t\t\t\t<\/div>\n\t\t\t\t<\/div>\n\t\t\t\t<div class=\"elementor-element elementor-element-a201829 elementor-widget elementor-widget-text-editor\" data-id=\"a201829\" data-element_type=\"widget\" data-widget_type=\"text-editor.default\">\n\t\t\t\t<div class=\"elementor-widget-container\">\n\t\t\t\t\t\t\t\t\t<p>Kontaktujte n\u00e1s, t\u00edm je v\u00e1m k dispoz\u00edcii po\u010das pracovn\u00fdch dn\u00ed.<\/p>\t\t\t\t\t\t\t\t<\/div>\n\t\t\t\t<\/div>\n\t\t\t\t<div class=\"elementor-element elementor-element-12f01ab elementor-button-align-stretch elementor-widget elementor-widget-form\" data-id=\"12f01ab\" data-element_type=\"widget\" data-settings=\"{&quot;button_width&quot;:&quot;20&quot;,&quot;step_next_label&quot;:&quot;N\\u00e4chster&quot;,&quot;step_previous_label&quot;:&quot;Voriger&quot;,&quot;step_type&quot;:&quot;number_text&quot;,&quot;step_icon_shape&quot;:&quot;circle&quot;}\" data-widget_type=\"form.default\">\n\t\t\t\t<div class=\"elementor-widget-container\">\n\t\t\t\t\t\t\t<form class=\"elementor-form\" method=\"post\" name=\"Neues Formular\" action=\"\">\n\t\t\t<input type=\"hidden\" name=\"post_id\" value=\"594\"\/>\n\t\t\t<input type=\"hidden\" name=\"form_id\" value=\"12f01ab\"\/>\n\t\t\t<input type=\"hidden\" name=\"referer_title\" value=\"Digitale Vignette Schweiz\" \/>\n\n\t\t\t\n\t\t\t<div class=\"elementor-form-fields-wrapper elementor-labels-above\">\n\t\t\t\t\t\t\t\t<div class=\"elementor-field-type-text elementor-field-group elementor-column elementor-field-group-name elementor-col-50 elementor-field-required\">\n\t\t\t\t\t\t\t\t\t\t\t\t\t<input size=\"1\" type=\"text\" name=\"form_fields[name]\" id=\"form-field-name\" class=\"elementor-field elementor-size-sm  elementor-field-textual\" placeholder=\"Meno a priezvisko\" required=\"required\">\n\t\t\t\t\t\t\t\t\t\t\t<\/div>\n\t\t\t\t\t\t\t\t<div class=\"elementor-field-type-email elementor-field-group elementor-column elementor-field-group-email elementor-col-50 elementor-field-required\">\n\t\t\t\t\t\t\t\t\t\t\t\t\t<input size=\"1\" type=\"email\" name=\"form_fields[email]\" id=\"form-field-email\" class=\"elementor-field elementor-size-sm  elementor-field-textual\" placeholder=\"E-mail\" required=\"required\">\n\t\t\t\t\t\t\t\t\t\t\t<\/div>\n\t\t\t\t\t\t\t\t<div class=\"elementor-field-type-text elementor-field-group elementor-column elementor-field-group-field_931aa0b elementor-col-100\">\n\t\t\t\t\t\t\t\t\t\t\t\t\t<input size=\"1\" type=\"text\" name=\"form_fields[field_931aa0b]\" id=\"form-field-field_931aa0b\" class=\"elementor-field elementor-size-sm  elementor-field-textual\" placeholder=\"\u010c\u00edslo objedn\u00e1vky (nepovinn\u00e9)\">\n\t\t\t\t\t\t\t\t\t\t\t<\/div>\n\t\t\t\t\t\t\t\t<div class=\"elementor-field-type-textarea elementor-field-group elementor-column elementor-field-group-message elementor-col-100 elementor-field-required\">\n\t\t\t\t\t<textarea class=\"elementor-field-textual elementor-field  elementor-size-sm\" name=\"form_fields[message]\" id=\"form-field-message\" rows=\"3\" placeholder=\"Spr\u00e1va\" required=\"required\"><\/textarea>\t\t\t\t<\/div>\n\t\t\t\t\t\t\t\t<div class=\"elementor-field-group elementor-column elementor-field-type-submit elementor-col-20 e-form__buttons\">\n\t\t\t\t\t<button class=\"elementor-button elementor-size-xs\" type=\"submit\">\n\t\t\t\t\t\t<span class=\"elementor-button-content-wrapper\">\n\t\t\t\t\t\t\t\t\t\t\t\t\t\t\t\t\t\t\t\t\t\t<span class=\"elementor-button-text\">Odosla\u0165<\/span>\n\t\t\t\t\t\t\t\t\t\t\t\t\t<\/span>\n\t\t\t\t\t<\/button>\n\t\t\t\t<\/div>\n\t\t\t<\/div>\n\t\t<input type=\"hidden\" name=\"trp-form-language\" value=\"sk\"\/><\/form>\n\t\t\t\t\t\t<\/div>\n\t\t\t\t<\/div>\n\t\t\t\t\t<\/div>\n\t\t<\/div>\n\t\t\t\t\t<\/div>\n\t\t<\/section>\n\t\t\t\t<section class=\"elementor-section elementor-top-section elementor-element elementor-element-beea910 elementor-section-boxed elementor-section-height-default elementor-section-height-default\" data-id=\"beea910\" data-element_type=\"section\">\n\t\t\t\t\t\t<div class=\"elementor-container elementor-column-gap-default\">\n\t\t\t\t\t<div class=\"elementor-column elementor-col-100 elementor-top-column elementor-element elementor-element-2ce2681\" data-id=\"2ce2681\" data-element_type=\"column\">\n\t\t\t<div class=\"elementor-widget-wrap elementor-element-populated\">\n\t\t\t\t\t\t<div class=\"elementor-element elementor-element-97f3fc0 elementor-widget elementor-widget-toggle\" data-id=\"97f3fc0\" data-element_type=\"widget\" data-widget_type=\"toggle.default\">\n\t\t\t\t<div class=\"elementor-widget-container\">\n\t\t\t\t\t\t\t<div class=\"elementor-toggle\">\n\t\t\t\t\t\t\t<div class=\"elementor-toggle-item\">\n\t\t\t\t\t<div id=\"elementor-tab-title-1591\" class=\"elementor-tab-title\" data-tab=\"1\" role=\"button\" aria-controls=\"elementor-tab-content-1591\" aria-expanded=\"false\">\n\t\t\t\t\t\t\t\t\t\t\t\t<span class=\"elementor-toggle-icon elementor-toggle-icon-left\" aria-hidden=\"true\">\n\t\t\t\t\t\t\t\t\t\t\t\t\t\t\t<span class=\"elementor-toggle-icon-closed\"><i class=\"fas fa-caret-right\"><\/i><\/span>\n\t\t\t\t\t\t\t\t<span class=\"elementor-toggle-icon-opened\"><i class=\"elementor-toggle-icon-opened fas fa-caret-up\"><\/i><\/span>\n\t\t\t\t\t\t\t\t\t\t\t\t\t<\/span>\n\t\t\t\t\t\t\t\t\t\t\t\t<a class=\"elementor-toggle-title\" tabindex=\"0\">Dostanem dia\u013eni\u010dn\u00fa zn\u00e1mku po\u0161tou alebo fyzicky?<\/a>\n\t\t\t\t\t<\/div>\n\n\t\t\t\t\t<div id=\"elementor-tab-content-1591\" class=\"elementor-tab-content elementor-clearfix\" data-tab=\"1\" role=\"region\" aria-labelledby=\"elementor-tab-title-1591\"><p>Nie, dia\u013eni\u010dn\u00e1 zn\u00e1mka bude zaregistrovan\u00e1 na vami ur\u010denej pozn\u00e1vacej zna\u010dke a vy m\u00f4\u017eete za\u010da\u0165 jazdi\u0165 ihne\u010f po tom, ako v\u00e1m e-mailom za\u0161leme potvrdenie o registr\u00e1cii.<\/p><\/div>\n\t\t\t\t<\/div>\n\t\t\t\t\t\t\t<div class=\"elementor-toggle-item\">\n\t\t\t\t\t<div id=\"elementor-tab-title-1592\" class=\"elementor-tab-title\" data-tab=\"2\" role=\"button\" aria-controls=\"elementor-tab-content-1592\" aria-expanded=\"false\">\n\t\t\t\t\t\t\t\t\t\t\t\t<span class=\"elementor-toggle-icon elementor-toggle-icon-left\" aria-hidden=\"true\">\n\t\t\t\t\t\t\t\t\t\t\t\t\t\t\t<span class=\"elementor-toggle-icon-closed\"><i class=\"fas fa-caret-right\"><\/i><\/span>\n\t\t\t\t\t\t\t\t<span class=\"elementor-toggle-icon-opened\"><i class=\"elementor-toggle-icon-opened fas fa-caret-up\"><\/i><\/span>\n\t\t\t\t\t\t\t\t\t\t\t\t\t<\/span>\n\t\t\t\t\t\t\t\t\t\t\t\t<a class=\"elementor-toggle-title\" tabindex=\"0\">Ako dlho trv\u00e1 registr\u00e1cia dia\u013eni\u010dnej zn\u00e1mky na mojom eviden\u010dnom \u010d\u00edsle?<\/a>\n\t\t\t\t\t<\/div>\n\n\t\t\t\t\t<div id=\"elementor-tab-content-1592\" class=\"elementor-tab-content elementor-clearfix\" data-tab=\"2\" role=\"region\" aria-labelledby=\"elementor-tab-title-1592\"><p>Proces registr\u00e1cie sa za\u010dne automaticky ihne\u010f po objednan\u00ed a trv\u00e1 v priemere 2 - 10 min\u00fat.<\/p><\/div>\n\t\t\t\t<\/div>\n\t\t\t\t\t\t\t<div class=\"elementor-toggle-item\">\n\t\t\t\t\t<div id=\"elementor-tab-title-1593\" class=\"elementor-tab-title\" data-tab=\"3\" role=\"button\" aria-controls=\"elementor-tab-content-1593\" aria-expanded=\"false\">\n\t\t\t\t\t\t\t\t\t\t\t\t<span class=\"elementor-toggle-icon elementor-toggle-icon-left\" aria-hidden=\"true\">\n\t\t\t\t\t\t\t\t\t\t\t\t\t\t\t<span class=\"elementor-toggle-icon-closed\"><i class=\"fas fa-caret-right\"><\/i><\/span>\n\t\t\t\t\t\t\t\t<span class=\"elementor-toggle-icon-opened\"><i class=\"elementor-toggle-icon-opened fas fa-caret-up\"><\/i><\/span>\n\t\t\t\t\t\t\t\t\t\t\t\t\t<\/span>\n\t\t\t\t\t\t\t\t\t\t\t\t<a class=\"elementor-toggle-title\" tabindex=\"0\">Kedy m\u00f4\u017eem za\u010da\u0165 jazdi\u0165 po k\u00fape?<\/a>\n\t\t\t\t\t<\/div>\n\n\t\t\t\t\t<div id=\"elementor-tab-content-1593\" class=\"elementor-tab-content elementor-clearfix\" data-tab=\"3\" role=\"region\" aria-labelledby=\"elementor-tab-title-1593\"><p>Hne\u010f ako od n\u00e1s dostanete e-mail s potvrden\u00edm registr\u00e1cie (v priemere za 2-10 min\u00fat), m\u00f4\u017eete jazdi\u0165 po \u0161vaj\u010diarskych cest\u00e1ch na z\u00e1klade dia\u013eni\u010dnej zn\u00e1mky.<\/p><\/div>\n\t\t\t\t<\/div>\n\t\t\t\t\t\t\t<div class=\"elementor-toggle-item\">\n\t\t\t\t\t<div id=\"elementor-tab-title-1594\" class=\"elementor-tab-title\" data-tab=\"4\" role=\"button\" aria-controls=\"elementor-tab-content-1594\" aria-expanded=\"false\">\n\t\t\t\t\t\t\t\t\t\t\t\t<span class=\"elementor-toggle-icon elementor-toggle-icon-left\" aria-hidden=\"true\">\n\t\t\t\t\t\t\t\t\t\t\t\t\t\t\t<span class=\"elementor-toggle-icon-closed\"><i class=\"fas fa-caret-right\"><\/i><\/span>\n\t\t\t\t\t\t\t\t<span class=\"elementor-toggle-icon-opened\"><i class=\"elementor-toggle-icon-opened fas fa-caret-up\"><\/i><\/span>\n\t\t\t\t\t\t\t\t\t\t\t\t\t<\/span>\n\t\t\t\t\t\t\t\t\t\t\t\t<a class=\"elementor-toggle-title\" tabindex=\"0\">Potrebujem dia\u013eni\u010dn\u00fa zn\u00e1mku pre \u0160vaj\u010diarsko?<\/a>\n\t\t\t\t\t<\/div>\n\n\t\t\t\t\t<div id=\"elementor-tab-content-1594\" class=\"elementor-tab-content elementor-clearfix\" data-tab=\"4\" role=\"region\" aria-labelledby=\"elementor-tab-title-1594\"><p>\u00c1NO! Na dia\u013eniciach (vo \u0160vaj\u010diarsku s bielo-zelen\u00fdm zna\u010den\u00edm) plat\u00ed povinnos\u0165 pou\u017e\u00edva\u0165 dia\u013eni\u010dn\u00fa zn\u00e1mku pre motorov\u00e9 vozidl\u00e1 s celkovou hmotnos\u0165ou do 3,5 tony. Podobne aj pr\u00edvesy a karavany s celkovou hmotnos\u0165ou ni\u017e\u0161ou ako 3,5 tony vy\u017eaduj\u00fa samostatn\u00fa dia\u013eni\u010dn\u00fa zn\u00e1mku. Pr\u00edvesy \u0165ahan\u00e9 motocyklami s\u00fa osloboden\u00e9 od povinnosti ma\u0165 dia\u013eni\u010dn\u00fa zn\u00e1mku. Toto nariadenie sa vz\u0165ahuje aj na obytn\u00e9 vozidl\u00e1 s celkovou hmotnos\u0165ou do 3,5 tony a motocykle.<\/p><\/div>\n\t\t\t\t<\/div>\n\t\t\t\t\t\t\t<div class=\"elementor-toggle-item\">\n\t\t\t\t\t<div id=\"elementor-tab-title-1595\" class=\"elementor-tab-title\" data-tab=\"5\" role=\"button\" aria-controls=\"elementor-tab-content-1595\" aria-expanded=\"false\">\n\t\t\t\t\t\t\t\t\t\t\t\t<span class=\"elementor-toggle-icon elementor-toggle-icon-left\" aria-hidden=\"true\">\n\t\t\t\t\t\t\t\t\t\t\t\t\t\t\t<span class=\"elementor-toggle-icon-closed\"><i class=\"fas fa-caret-right\"><\/i><\/span>\n\t\t\t\t\t\t\t\t<span class=\"elementor-toggle-icon-opened\"><i class=\"elementor-toggle-icon-opened fas fa-caret-up\"><\/i><\/span>\n\t\t\t\t\t\t\t\t\t\t\t\t\t<\/span>\n\t\t\t\t\t\t\t\t\t\t\t\t<a class=\"elementor-toggle-title\" tabindex=\"0\">Ak\u00fd je rozdiel medzi elektronickou dia\u013eni\u010dnou zn\u00e1mkou a samolepiacou dia\u013eni\u010dnou zn\u00e1mkou?<\/a>\n\t\t\t\t\t<\/div>\n\n\t\t\t\t\t<div id=\"elementor-tab-content-1595\" class=\"elementor-tab-content elementor-clearfix\" data-tab=\"5\" role=\"region\" aria-labelledby=\"elementor-tab-title-1595\"><p>V z\u00e1sade maj\u00fa obe vinety rovnak\u00fa funkciu. Elektronick\u00e1 dia\u013eni\u010dn\u00e1 zn\u00e1mka je v\u0161ak pripraven\u00e1 v priebehu nieko\u013ek\u00fdch min\u00fat, zatia\u013e \u010do fyzick\u00e1 dia\u013eni\u010dn\u00e1 zn\u00e1mka sa mus\u00ed posla\u0165 po\u0161tou. Okrem toho elektronick\u00e1 dia\u013eni\u010dn\u00e1 zn\u00e1mka pon\u00faka v\u00fdhodu, \u017ee sa nemus\u00ed lepi\u0165 na \u010deln\u00e9 sklo a registr\u00e1cia prebieha digit\u00e1lne - t. j. registruje sa na va\u0161ej tabu\u013eke s eviden\u010dn\u00fdm \u010d\u00edslom.<\/p><\/div>\n\t\t\t\t<\/div>\n\t\t\t\t\t\t\t<div class=\"elementor-toggle-item\">\n\t\t\t\t\t<div id=\"elementor-tab-title-1596\" class=\"elementor-tab-title\" data-tab=\"6\" role=\"button\" aria-controls=\"elementor-tab-content-1596\" aria-expanded=\"false\">\n\t\t\t\t\t\t\t\t\t\t\t\t<span class=\"elementor-toggle-icon elementor-toggle-icon-left\" aria-hidden=\"true\">\n\t\t\t\t\t\t\t\t\t\t\t\t\t\t\t<span class=\"elementor-toggle-icon-closed\"><i class=\"fas fa-caret-right\"><\/i><\/span>\n\t\t\t\t\t\t\t\t<span class=\"elementor-toggle-icon-opened\"><i class=\"elementor-toggle-icon-opened fas fa-caret-up\"><\/i><\/span>\n\t\t\t\t\t\t\t\t\t\t\t\t\t<\/span>\n\t\t\t\t\t\t\t\t\t\t\t\t<a class=\"elementor-toggle-title\" tabindex=\"0\">Potrebujem dia\u013eni\u010dn\u00fa zn\u00e1mku pre svoj karavan\/pr\u00edves?<\/a>\n\t\t\t\t\t<\/div>\n\n\t\t\t\t\t<div id=\"elementor-tab-content-1596\" class=\"elementor-tab-content elementor-clearfix\" data-tab=\"6\" role=\"region\" aria-labelledby=\"elementor-tab-title-1596\"><p>V tejto s\u00favislosti zohr\u00e1va rozhoduj\u00facu \u00falohu pr\u00edpustn\u00e1 celkov\u00e1 hmotnos\u0165 (GVH) pr\u00edvesu. Pre pr\u00edvesy s celkovou hmotnos\u0165ou do 3,5 tony je potrebn\u00e9 zak\u00fapi\u0165 si dodato\u010dn\u00fa dia\u013eni\u010dn\u00fa zn\u00e1mku. To plat\u00ed aj pre obytn\u00e9 pr\u00edvesy, ktor\u00fdch maxim\u00e1lna pr\u00edpustn\u00e1 hmotnos\u0165 tie\u017e nepresahuje 3,5 tony. V pr\u00edpade pr\u00edvesov a karavanov s celkovou hmotnos\u0165ou nad 3,5 tony sa poplatok plat\u00ed prostredn\u00edctvom osobitn\u00e9ho poplatku za \u0165a\u017ek\u00e9 vozidl\u00e1. Povinnos\u0165 plati\u0165 dia\u013eni\u010dn\u00fa zn\u00e1mku sa nevz\u0165ahuje na pr\u00edvesy \u0165ahan\u00e9 motocyklami.<\/p><\/div>\n\t\t\t\t<\/div>\n\t\t\t\t\t\t\t<div class=\"elementor-toggle-item\">\n\t\t\t\t\t<div id=\"elementor-tab-title-1597\" class=\"elementor-tab-title\" data-tab=\"7\" role=\"button\" aria-controls=\"elementor-tab-content-1597\" aria-expanded=\"false\">\n\t\t\t\t\t\t\t\t\t\t\t\t<span class=\"elementor-toggle-icon elementor-toggle-icon-left\" aria-hidden=\"true\">\n\t\t\t\t\t\t\t\t\t\t\t\t\t\t\t<span class=\"elementor-toggle-icon-closed\"><i class=\"fas fa-caret-right\"><\/i><\/span>\n\t\t\t\t\t\t\t\t<span class=\"elementor-toggle-icon-opened\"><i class=\"elementor-toggle-icon-opened fas fa-caret-up\"><\/i><\/span>\n\t\t\t\t\t\t\t\t\t\t\t\t\t<\/span>\n\t\t\t\t\t\t\t\t\t\t\t\t<a class=\"elementor-toggle-title\" tabindex=\"0\">Mus\u00edm si so sebou vzia\u0165 potvrdenie o registr\u00e1cii?<\/a>\n\t\t\t\t\t<\/div>\n\n\t\t\t\t\t<div id=\"elementor-tab-content-1597\" class=\"elementor-tab-content elementor-clearfix\" data-tab=\"7\" role=\"region\" aria-labelledby=\"elementor-tab-title-1597\"><p>Nie, odpor\u00fa\u010dame v\u0161ak, aby ste mali pri sebe potvrdenie o registr\u00e1cii, ktor\u00e9 ste od n\u00e1s dostali e-mailom po n\u00e1kupe, pre pr\u00edpad, \u017ee sa dostanete na kontrolu a budete potrebova\u0165 preuk\u00e1za\u0165 n\u00e1kup v pr\u00edpade technick\u00fdch probl\u00e9mov at\u010f....<\/p><\/div>\n\t\t\t\t<\/div>\n\t\t\t\t\t\t\t<div class=\"elementor-toggle-item\">\n\t\t\t\t\t<div id=\"elementor-tab-title-1598\" class=\"elementor-tab-title\" data-tab=\"8\" role=\"button\" aria-controls=\"elementor-tab-content-1598\" aria-expanded=\"false\">\n\t\t\t\t\t\t\t\t\t\t\t\t<span class=\"elementor-toggle-icon elementor-toggle-icon-left\" aria-hidden=\"true\">\n\t\t\t\t\t\t\t\t\t\t\t\t\t\t\t<span class=\"elementor-toggle-icon-closed\"><i class=\"fas fa-caret-right\"><\/i><\/span>\n\t\t\t\t\t\t\t\t<span class=\"elementor-toggle-icon-opened\"><i class=\"elementor-toggle-icon-opened fas fa-caret-up\"><\/i><\/span>\n\t\t\t\t\t\t\t\t\t\t\t\t\t<\/span>\n\t\t\t\t\t\t\t\t\t\t\t\t<a class=\"elementor-toggle-title\" tabindex=\"0\">Je mo\u017en\u00e9 vymeni\u0165 tabu\u013eku s eviden\u010dn\u00fdm \u010d\u00edslom?<\/a>\n\t\t\t\t\t<\/div>\n\n\t\t\t\t\t<div id=\"elementor-tab-content-1598\" class=\"elementor-tab-content elementor-clearfix\" data-tab=\"8\" role=\"region\" aria-labelledby=\"elementor-tab-title-1598\"><p>\u00c1no, tabu\u013eku s eviden\u010dn\u00fdm \u010d\u00edslom je mo\u017en\u00e9 raz vymeni\u0165. Je d\u00f4le\u017eit\u00e9 si uvedomi\u0165, \u017ee majite\u013e vozidla mus\u00ed by\u0165 ten ist\u00fd.<\/p><\/div>\n\t\t\t\t<\/div>\n\t\t\t\t\t\t\t\t<\/div>\n\t\t\t\t\t\t<\/div>\n\t\t\t\t<\/div>\n\t\t\t\t\t<\/div>\n\t\t<\/div>\n\t\t\t\t\t<\/div>\n\t\t<\/section>\n\t\t\t\t<\/div>","protected":false},"excerpt":{"rendered":"<p>Support Kontaktieren sie uns Nehmen Sie mit uns Kontakt auf, das Team steht Ihnen Werktags zur Verf\u00fcgung. Bekomme ich die Vignette per Post oder Physisch? Nein, die Vignette wird auf Ihr angegebenes Kennzeichen registriert und Sie k\u00f6nnen sofort los fahren, nach dem wir Ihnen die Registrierungsbest\u00e4tigung per E-Mail zugeschickt haben. Wie lange dauert es bis [&hellip;]<\/p>","protected":false},"author":1,"featured_media":0,"parent":0,"menu_order":0,"comment_status":"closed","ping_status":"closed","template":"elementor_header_footer","meta":{"footnotes":""},"class_list":["post-594","page","type-page","status-publish","hentry"],"yoast_head":"<!-- This site is optimized with the Yoast SEO plugin v24.9 - https:\/\/yoast.com\/wordpress\/plugins\/seo\/ -->\n<title>Support - Digitale Vignette Schweiz<\/title>\n<meta name=\"robots\" content=\"index, follow, max-snippet:-1, max-image-preview:large, max-video-preview:-1\" \/>\n<link rel=\"canonical\" href=\"https:\/\/schweiz-vignette.ch\/sk\/podpora\/\" \/>\n<meta property=\"og:locale\" content=\"sk_SK\" \/>\n<meta property=\"og:type\" content=\"article\" \/>\n<meta property=\"og:title\" content=\"Support - Digitale Vignette Schweiz\" \/>\n<meta property=\"og:description\" content=\"Support Kontaktieren sie uns Nehmen Sie mit uns Kontakt auf, das Team steht Ihnen Werktags zur Verf\u00fcgung. Bekomme ich die Vignette per Post oder Physisch? Nein, die Vignette wird auf Ihr angegebenes Kennzeichen registriert und Sie k\u00f6nnen sofort los fahren, nach dem wir Ihnen die Registrierungsbest\u00e4tigung per E-Mail zugeschickt haben. Wie lange dauert es bis [&hellip;]\" \/>\n<meta property=\"og:url\" content=\"https:\/\/schweiz-vignette.ch\/sk\/podpora\/\" \/>\n<meta property=\"og:site_name\" content=\"Digitale Vignette Schweiz\" \/>\n<meta property=\"article:modified_time\" content=\"2023-09-28T23:46:38+00:00\" \/>\n<meta name=\"twitter:card\" content=\"summary_large_image\" \/>\n<meta name=\"twitter:label1\" content=\"Predpokladan\u00fd \u010das \u010d\u00edtania\" \/>\n\t<meta name=\"twitter:data1\" content=\"2 min\u00faty\" \/>\n<script type=\"application\/ld+json\" class=\"yoast-schema-graph\">{\"@context\":\"https:\/\/schema.org\",\"@graph\":[{\"@type\":\"WebPage\",\"@id\":\"https:\/\/schweiz-vignette.ch\/support\/\",\"url\":\"https:\/\/schweiz-vignette.ch\/support\/\",\"name\":\"Support - Digitale Vignette Schweiz\",\"isPartOf\":{\"@id\":\"https:\/\/schweiz-vignette.ch\/#website\"},\"datePublished\":\"2023-09-25T23:16:36+00:00\",\"dateModified\":\"2023-09-28T23:46:38+00:00\",\"breadcrumb\":{\"@id\":\"https:\/\/schweiz-vignette.ch\/support\/#breadcrumb\"},\"inLanguage\":\"sk-SK\",\"potentialAction\":[{\"@type\":\"ReadAction\",\"target\":[\"https:\/\/schweiz-vignette.ch\/support\/\"]}]},{\"@type\":\"BreadcrumbList\",\"@id\":\"https:\/\/schweiz-vignette.ch\/support\/#breadcrumb\",\"itemListElement\":[{\"@type\":\"ListItem\",\"position\":1,\"name\":\"Home\",\"item\":\"https:\/\/schweiz-vignette.ch\/\"},{\"@type\":\"ListItem\",\"position\":2,\"name\":\"Support\"}]},{\"@type\":\"WebSite\",\"@id\":\"https:\/\/schweiz-vignette.ch\/#website\",\"url\":\"https:\/\/schweiz-vignette.ch\/\",\"name\":\"Digitale Vignette Schweiz\",\"description\":\"\",\"potentialAction\":[{\"@type\":\"SearchAction\",\"target\":{\"@type\":\"EntryPoint\",\"urlTemplate\":\"https:\/\/schweiz-vignette.ch\/?s={search_term_string}\"},\"query-input\":{\"@type\":\"PropertyValueSpecification\",\"valueRequired\":true,\"valueName\":\"search_term_string\"}}],\"inLanguage\":\"sk-SK\"}]}<\/script>\n<!-- \/ Yoast SEO plugin. -->","yoast_head_json":{"title":"Support - Digitale Vignette Schweiz","robots":{"index":"index","follow":"follow","max-snippet":"max-snippet:-1","max-image-preview":"max-image-preview:large","max-video-preview":"max-video-preview:-1"},"canonical":"https:\/\/schweiz-vignette.ch\/sk\/podpora\/","og_locale":"sk_SK","og_type":"article","og_title":"Support - Digitale Vignette Schweiz","og_description":"Support Kontaktieren sie uns Nehmen Sie mit uns Kontakt auf, das Team steht Ihnen Werktags zur Verf\u00fcgung. Bekomme ich die Vignette per Post oder Physisch? Nein, die Vignette wird auf Ihr angegebenes Kennzeichen registriert und Sie k\u00f6nnen sofort los fahren, nach dem wir Ihnen die Registrierungsbest\u00e4tigung per E-Mail zugeschickt haben. Wie lange dauert es bis [&hellip;]","og_url":"https:\/\/schweiz-vignette.ch\/sk\/podpora\/","og_site_name":"Digitale Vignette Schweiz","article_modified_time":"2023-09-28T23:46:38+00:00","twitter_card":"summary_large_image","twitter_misc":{"Predpokladan\u00fd \u010das \u010d\u00edtania":"2 min\u00faty"},"schema":{"@context":"https:\/\/schema.org","@graph":[{"@type":"WebPage","@id":"https:\/\/schweiz-vignette.ch\/support\/","url":"https:\/\/schweiz-vignette.ch\/support\/","name":"Support - Digitale Vignette Schweiz","isPartOf":{"@id":"https:\/\/schweiz-vignette.ch\/#website"},"datePublished":"2023-09-25T23:16:36+00:00","dateModified":"2023-09-28T23:46:38+00:00","breadcrumb":{"@id":"https:\/\/schweiz-vignette.ch\/support\/#breadcrumb"},"inLanguage":"sk-SK","potentialAction":[{"@type":"ReadAction","target":["https:\/\/schweiz-vignette.ch\/support\/"]}]},{"@type":"BreadcrumbList","@id":"https:\/\/schweiz-vignette.ch\/support\/#breadcrumb","itemListElement":[{"@type":"ListItem","position":1,"name":"Home","item":"https:\/\/schweiz-vignette.ch\/"},{"@type":"ListItem","position":2,"name":"Support"}]},{"@type":"WebSite","@id":"https:\/\/schweiz-vignette.ch\/#website","url":"https:\/\/schweiz-vignette.ch\/","name":"Digitale Vignette Schweiz","description":"","potentialAction":[{"@type":"SearchAction","target":{"@type":"EntryPoint","urlTemplate":"https:\/\/schweiz-vignette.ch\/?s={search_term_string}"},"query-input":{"@type":"PropertyValueSpecification","valueRequired":true,"valueName":"search_term_string"}}],"inLanguage":"sk-SK"}]}},"_links":{"self":[{"href":"https:\/\/schweiz-vignette.ch\/sk\/wp-json\/wp\/v2\/pages\/594","targetHints":{"allow":["GET"]}}],"collection":[{"href":"https:\/\/schweiz-vignette.ch\/sk\/wp-json\/wp\/v2\/pages"}],"about":[{"href":"https:\/\/schweiz-vignette.ch\/sk\/wp-json\/wp\/v2\/types\/page"}],"author":[{"embeddable":true,"href":"https:\/\/schweiz-vignette.ch\/sk\/wp-json\/wp\/v2\/users\/1"}],"replies":[{"embeddable":true,"href":"https:\/\/schweiz-vignette.ch\/sk\/wp-json\/wp\/v2\/comments?post=594"}],"version-history":[{"count":19,"href":"https:\/\/schweiz-vignette.ch\/sk\/wp-json\/wp\/v2\/pages\/594\/revisions"}],"predecessor-version":[{"id":891,"href":"https:\/\/schweiz-vignette.ch\/sk\/wp-json\/wp\/v2\/pages\/594\/revisions\/891"}],"wp:attachment":[{"href":"https:\/\/schweiz-vignette.ch\/sk\/wp-json\/wp\/v2\/media?parent=594"}],"curies":[{"name":"wp","href":"https:\/\/api.w.org\/{rel}","templated":true}]}}