{"id":805,"date":"2023-09-28T11:23:37","date_gmt":"2023-09-28T11:23:37","guid":{"rendered":"https:\/\/schweiz-vignette.ch\/?page_id=805"},"modified":"2023-09-28T16:03:19","modified_gmt":"2023-09-28T16:03:19","slug":"widerruf","status":"publish","type":"page","link":"https:\/\/schweiz-vignette.ch\/sk\/odvolanie\/","title":{"rendered":"Odvolanie"},"content":{"rendered":"<div data-elementor-type=\"wp-page\" data-elementor-id=\"805\" class=\"elementor elementor-805\" data-elementor-post-type=\"page\">\n\t\t\t\t\t\t<section class=\"elementor-section elementor-top-section elementor-element elementor-element-af3173c elementor-section-boxed elementor-section-height-default elementor-section-height-default\" data-id=\"af3173c\" data-element_type=\"section\" data-settings=\"{&quot;background_background&quot;:&quot;classic&quot;}\">\n\t\t\t\t\t\t\t<div class=\"elementor-background-overlay\"><\/div>\n\t\t\t\t\t\t\t<div class=\"elementor-container elementor-column-gap-default\">\n\t\t\t\t\t<div class=\"elementor-column elementor-col-100 elementor-top-column elementor-element elementor-element-69d08b0\" data-id=\"69d08b0\" data-element_type=\"column\">\n\t\t\t<div class=\"elementor-widget-wrap elementor-element-populated\">\n\t\t\t\t\t\t<div class=\"elementor-element elementor-element-269b57c elementor-widget elementor-widget-heading\" data-id=\"269b57c\" data-element_type=\"widget\" data-widget_type=\"heading.default\">\n\t\t\t\t<div class=\"elementor-widget-container\">\n\t\t\t\t\t<h1 class=\"elementor-heading-title elementor-size-default\">Pr\u00e1vo na odst\u00fapenie od zmluvy<\/h1>\t\t\t\t<\/div>\n\t\t\t\t<\/div>\n\t\t\t\t\t<\/div>\n\t\t<\/div>\n\t\t\t\t\t<\/div>\n\t\t<\/section>\n\t\t\t\t<section class=\"elementor-section elementor-top-section elementor-element elementor-element-cf8d447 elementor-section-boxed elementor-section-height-default elementor-section-height-default\" data-id=\"cf8d447\" data-element_type=\"section\">\n\t\t\t\t\t\t<div class=\"elementor-container elementor-column-gap-default\">\n\t\t\t\t\t<div class=\"elementor-column elementor-col-100 elementor-top-column elementor-element elementor-element-c93ecda\" data-id=\"c93ecda\" data-element_type=\"column\">\n\t\t\t<div class=\"elementor-widget-wrap elementor-element-populated\">\n\t\t\t\t\t\t<div class=\"elementor-element elementor-element-6b1090d elementor-widget elementor-widget-text-editor\" data-id=\"6b1090d\" data-element_type=\"widget\" data-widget_type=\"text-editor.default\">\n\t\t\t\t<div class=\"elementor-widget-container\">\n\t\t\t\t\t\t\t\t\t<p><strong>Z\u00e1sady zru\u0161enia<\/strong><\/p><p>Pod\u013ea \u00a7 13 nemeck\u00e9ho ob\u010dianskeho z\u00e1konn\u00edka (BGB) maj\u00fa osoby v zmysle tohto z\u00e1kona pri uzatv\u00e1ran\u00ed transakcie predaja na dia\u013eku z\u00e1konn\u00e9 pr\u00e1vo na odst\u00fapenie od zmluvy, o ktorom spolo\u010dnos\u0165 Himmele Verwaltungs GmbH informuje v s\u00falade so z\u00e1konn\u00fdmi po\u017eiadavkami:<\/p><p><em>Z\u00e1sady zru\u0161enia<\/em><\/p><p>Ako pou\u017e\u00edvate\u013e slu\u017eby m\u00e1te pr\u00e1vo odst\u00fapi\u0165 od tejto zmluvy do \u0161trn\u00e1stich dn\u00ed bez udania d\u00f4vodu. Lehota na odst\u00fapenie od zmluvy je \u0161trn\u00e1s\u0165 dn\u00ed odo d\u0148a uzavretia zmluvy.<\/p><p>Ak chcete uplatni\u0165 svoje pr\u00e1vo na odst\u00fapenie od zmluvy, mus\u00edte n\u00e1s informova\u0165, Himmele Verwaltungs GmbH, Weststr. 30A, 8280 Kreuzlingen, kontakt@schweiz-vignette.ch o svojom rozhodnut\u00ed odst\u00fapi\u0165 od tejto zmluvy prostredn\u00edctvom jasn\u00e9ho vyhl\u00e1senia (napr. listom zaslan\u00fdm po\u0161tou alebo e-mailom). Na tento \u00fa\u010del m\u00f4\u017eete pou\u017ei\u0165 prilo\u017een\u00fd vzor formul\u00e1ra na odst\u00fapenie od zmluvy, ktor\u00fd v\u0161ak nie je povinn\u00fd.<\/p><p><em>D\u00f4sledky odvolania:<\/em><\/p><p>Ak d\u00f4jde k \u00fa\u010dinn\u00e9mu zru\u0161eniu, vr\u00e1time v\u00e1m v\u0161etky platby, ktor\u00e9 sme od v\u00e1s dostali, vr\u00e1tane n\u00e1kladov na doru\u010denie. To sa nevz\u0165ahuje na n\u00e1klady, ktor\u00e9 v\u00e1m vznikli dodato\u010dne, preto\u017ee ste si vybrali in\u00fd typ doru\u010denia, ako je najlacnej\u0161ie \u0161tandardn\u00e9 doru\u010denie pon\u00fakan\u00e9 spolo\u010dnos\u0165ou Himmele Verwaltungs GmbH. Vr\u00e1tenie pe\u0148az\u00ed spolo\u010dnos\u0165ou Himmele Verwaltungs GmbH sa uskuto\u010dn\u00ed bezodkladne, najnesk\u00f4r do 14 dn\u00ed od prijatia odst\u00fapenia od zmluvy, a to prostredn\u00edctvom rovnak\u00e9ho platobn\u00e9ho prostriedku, ktor\u00fd ste pou\u017eili na platbu, pokia\u013e s vami nebolo v\u00fdslovne dohodnut\u00e9 nie\u010do in\u00e9. Za toto vr\u00e1tenie v\u00e1m nebud\u00fa \u00fa\u010dtovan\u00e9 \u017eiadne poplatky.<\/p><p><em>N\u00e1hrada hodnoty:<\/em><\/p><p>Ak ste n\u00e1s po\u017eiadali, aby sme za\u010dali poskytova\u0165 slu\u017eby po\u010das lehoty na odst\u00fapenie od zmluvy, zaplat\u00edte n\u00e1m primeran\u00fa sumu zodpovedaj\u00facu podielu slu\u017eieb, ktor\u00e9 u\u017e boli poskytnut\u00e9 do okamihu, ke\u010f ste n\u00e1m ozn\u00e1mili uplatnenie pr\u00e1va na odst\u00fapenie od tejto zmluvy, v porovnan\u00ed s celkov\u00fdm rozsahom slu\u017eieb uveden\u00fdch v zmluve. V\u00fdpo\u010det n\u00e1hrady sa vykon\u00e1 bankovou met\u00f3dou (ka\u017ed\u00fd mesiac sa po\u010d\u00edta na 30 dn\u00ed, ka\u017ed\u00fd rok na 360 dn\u00ed) pomerne k cene slu\u017eby a uplynutej dobe platnosti.<\/p><p><em>Pr\u00e1vo spotrebite\u013eov na odst\u00fapenie od zmluvy<\/em><\/p><p><em>Pred\u010dasn\u00e9 uplynutie pr\u00e1va na odst\u00fapenie od zmluvy<\/em><\/p><p>Pr\u00e1vo na odst\u00fapenie od zmluvy zanik\u00e1 aj v pr\u00edpade zmluvy o poskytovan\u00ed slu\u017eieb, ak obchodn\u00edk poskytol slu\u017ebu v plnom rozsahu a za\u010dal ju poskytova\u0165 a\u017e po tom, ako ste s t\u00fdm ako spotrebite\u013e v\u00fdslovne s\u00fahlasili a z\u00e1rove\u0148 ste potvrdili, \u017ee viete, \u017ee pr\u00e1vo na odst\u00fapenie od zmluvy str\u00e1cate, ke\u010f obchodn\u00edk zmluvu v plnom rozsahu spln\u00ed. Pod\u013ea judikat\u00fary Krajinsk\u00e9ho s\u00fadu v Regensburgu (\u010d\u00edslo spisu: \"1 HK O 1116\/22\" rozsudok z 28. 3. 2023) sa slu\u017eba, ako je op\u00edsan\u00e1 vy\u0161\u0161ie, pova\u017euje za \u00faplne vykonan\u00fa, akon\u00e1hle poskytovate\u013e slu\u017eby vykonal registr\u00e1ciu registra\u010dn\u00e9ho \u010d\u00edsla pou\u017e\u00edvate\u013ea slu\u017eby a potvrdil ju pou\u017e\u00edvate\u013eovi slu\u017eby. Pr\u00e1vo na odst\u00fapenie od zmluvy v tomto pr\u00edpade pred\u010dasne zanik\u00e1.<\/p><p><em>- Ukon\u010denie storno podmienok -<\/em><\/p><p><em>Vzor formul\u00e1ra na zru\u0161enie<\/em><\/p><p>Ak si \u017eel\u00e1te zru\u0161i\u0165 zmluvu, vypl\u0148te a vr\u00e1\u0165te tento formul\u00e1r.<\/p><p>Na adresu: Himmele Verwaltungs GmbH, Weststr. 30A, 8280 Kreuzlingen, CH<\/p><p>Ja\/my (*) t\u00fdmto odstupujem\/odstupujeme od zmluvy uzavretej medzi mnou\/n\u00e1mi (*) na poskytnutie nasleduj\u00facej slu\u017eby (\u010d\u00edslo objedn\u00e1vky*)<\/p><p>Objednan\u00e9 d\u0148a (*)\/ prijat\u00e9 d\u0148a (*)-<\/p><p>Meno pou\u017e\u00edvate\u013ea slu\u017eby<\/p><p>Adresa pou\u017e\u00edvate\u013ea slu\u017eby<\/p><p>Podpis pou\u017e\u00edvate\u013ea slu\u017eby (len v pr\u00edpade komunik\u00e1cie v papierovej forme)<\/p><p>D\u00e1tum<\/p><p>(*) Nehodiace sa pre\u010diarknite<\/p><p>V pr\u00edpade neautorizovan\u00e9ho vr\u00e1tenia poplatku zo strany pou\u017e\u00edvate\u013ea slu\u017eby, napr\u00edklad otvoren\u00edm pr\u00edpadu sporu s poskytovate\u013eom platby, dostane pou\u017e\u00edvate\u013e slu\u017eby upomienku, ktor\u00e1 bude obsahova\u0165 nasleduj\u00face poplatky od pr\u00edslu\u0161n\u00fdch poskytovate\u013eov platby: Mollie (zah\u0155\u0148a poskytovate\u013eov platieb Giropay, Sofort\u00fcberweisung, iDEAL, EPS, \u00dcberweisung, Klarna) 5 \u20ac, Stripe (kreditn\u00e1 karta) 15 \u20ac, Paypal 5 \u20ac.<\/p>\t\t\t\t\t\t\t\t<\/div>\n\t\t\t\t<\/div>\n\t\t\t\t\t<\/div>\n\t\t<\/div>\n\t\t\t\t\t<\/div>\n\t\t<\/section>\n\t\t\t\t<\/div>","protected":false},"excerpt":{"rendered":"<p>Widerrufsrecht Widerrufsbelehrung Gem\u00e4\u00df \u00a713 BGB haben Personen im Sinne dieses Gesetzes bei Abschluss eines Fernabsatzgesch\u00e4ftes grunds\u00e4tzlich ein gesetzliches Widerrufsrecht, \u00fcber welches die Himmele Verwaltungs GmbH entsprechend der gesetzlichen Vorgabe folgend informiert: Widerrufsbelehrung Sie als Dienstleistungsnutzer haben das Recht, binnen vierzehn Tagen ohne Angabe von Gr\u00fcnden diesen Vertrag zu widerrufen. Die Widerrufsfrist betr\u00e4gt vierzehn Tage ab [&hellip;]<\/p>","protected":false},"author":1,"featured_media":0,"parent":0,"menu_order":0,"comment_status":"closed","ping_status":"closed","template":"elementor_header_footer","meta":{"footnotes":""},"class_list":["post-805","page","type-page","status-publish","hentry"],"yoast_head":"<!-- This site is optimized with the Yoast SEO plugin v24.9 - https:\/\/yoast.com\/wordpress\/plugins\/seo\/ -->\n<title>Widerruf - Digitale Vignette Schweiz<\/title>\n<meta name=\"robots\" content=\"noindex, nofollow\" \/>\n<meta property=\"og:locale\" content=\"sk_SK\" \/>\n<meta property=\"og:type\" content=\"article\" \/>\n<meta property=\"og:title\" content=\"Widerruf - Digitale Vignette Schweiz\" \/>\n<meta property=\"og:description\" content=\"Widerrufsrecht Widerrufsbelehrung Gem\u00e4\u00df \u00a713 BGB haben Personen im Sinne dieses Gesetzes bei Abschluss eines Fernabsatzgesch\u00e4ftes grunds\u00e4tzlich ein gesetzliches Widerrufsrecht, \u00fcber welches die Himmele Verwaltungs GmbH entsprechend der gesetzlichen Vorgabe folgend informiert: Widerrufsbelehrung Sie als Dienstleistungsnutzer haben das Recht, binnen vierzehn Tagen ohne Angabe von Gr\u00fcnden diesen Vertrag zu widerrufen. Die Widerrufsfrist betr\u00e4gt vierzehn Tage ab [&hellip;]\" \/>\n<meta property=\"og:url\" content=\"https:\/\/schweiz-vignette.ch\/sk\/odvolanie\/\" \/>\n<meta property=\"og:site_name\" content=\"Digitale Vignette Schweiz\" \/>\n<meta property=\"article:modified_time\" content=\"2023-09-28T16:03:19+00:00\" \/>\n<meta name=\"twitter:card\" content=\"summary_large_image\" \/>\n<meta name=\"twitter:label1\" content=\"Predpokladan\u00fd \u010das \u010d\u00edtania\" \/>\n\t<meta name=\"twitter:data1\" content=\"3 min\u00faty\" \/>\n<script type=\"application\/ld+json\" class=\"yoast-schema-graph\">{\"@context\":\"https:\/\/schema.org\",\"@graph\":[{\"@type\":\"WebPage\",\"@id\":\"https:\/\/schweiz-vignette.ch\/widerruf\/\",\"url\":\"https:\/\/schweiz-vignette.ch\/widerruf\/\",\"name\":\"Widerruf - Digitale Vignette Schweiz\",\"isPartOf\":{\"@id\":\"https:\/\/schweiz-vignette.ch\/#website\"},\"datePublished\":\"2023-09-28T11:23:37+00:00\",\"dateModified\":\"2023-09-28T16:03:19+00:00\",\"breadcrumb\":{\"@id\":\"https:\/\/schweiz-vignette.ch\/widerruf\/#breadcrumb\"},\"inLanguage\":\"sk-SK\",\"potentialAction\":[{\"@type\":\"ReadAction\",\"target\":[\"https:\/\/schweiz-vignette.ch\/widerruf\/\"]}]},{\"@type\":\"BreadcrumbList\",\"@id\":\"https:\/\/schweiz-vignette.ch\/widerruf\/#breadcrumb\",\"itemListElement\":[{\"@type\":\"ListItem\",\"position\":1,\"name\":\"Home\",\"item\":\"https:\/\/schweiz-vignette.ch\/\"},{\"@type\":\"ListItem\",\"position\":2,\"name\":\"Widerruf\"}]},{\"@type\":\"WebSite\",\"@id\":\"https:\/\/schweiz-vignette.ch\/#website\",\"url\":\"https:\/\/schweiz-vignette.ch\/\",\"name\":\"Digitale Vignette Schweiz\",\"description\":\"\",\"potentialAction\":[{\"@type\":\"SearchAction\",\"target\":{\"@type\":\"EntryPoint\",\"urlTemplate\":\"https:\/\/schweiz-vignette.ch\/?s={search_term_string}\"},\"query-input\":{\"@type\":\"PropertyValueSpecification\",\"valueRequired\":true,\"valueName\":\"search_term_string\"}}],\"inLanguage\":\"sk-SK\"}]}<\/script>\n<!-- \/ Yoast SEO plugin. -->","yoast_head_json":{"title":"Widerruf - Digitale Vignette Schweiz","robots":{"index":"noindex","follow":"nofollow"},"og_locale":"sk_SK","og_type":"article","og_title":"Widerruf - Digitale Vignette Schweiz","og_description":"Widerrufsrecht Widerrufsbelehrung Gem\u00e4\u00df \u00a713 BGB haben Personen im Sinne dieses Gesetzes bei Abschluss eines Fernabsatzgesch\u00e4ftes grunds\u00e4tzlich ein gesetzliches Widerrufsrecht, \u00fcber welches die Himmele Verwaltungs GmbH entsprechend der gesetzlichen Vorgabe folgend informiert: Widerrufsbelehrung Sie als Dienstleistungsnutzer haben das Recht, binnen vierzehn Tagen ohne Angabe von Gr\u00fcnden diesen Vertrag zu widerrufen. Die Widerrufsfrist betr\u00e4gt vierzehn Tage ab [&hellip;]","og_url":"https:\/\/schweiz-vignette.ch\/sk\/odvolanie\/","og_site_name":"Digitale Vignette Schweiz","article_modified_time":"2023-09-28T16:03:19+00:00","twitter_card":"summary_large_image","twitter_misc":{"Predpokladan\u00fd \u010das \u010d\u00edtania":"3 min\u00faty"},"schema":{"@context":"https:\/\/schema.org","@graph":[{"@type":"WebPage","@id":"https:\/\/schweiz-vignette.ch\/widerruf\/","url":"https:\/\/schweiz-vignette.ch\/widerruf\/","name":"Widerruf - Digitale Vignette Schweiz","isPartOf":{"@id":"https:\/\/schweiz-vignette.ch\/#website"},"datePublished":"2023-09-28T11:23:37+00:00","dateModified":"2023-09-28T16:03:19+00:00","breadcrumb":{"@id":"https:\/\/schweiz-vignette.ch\/widerruf\/#breadcrumb"},"inLanguage":"sk-SK","potentialAction":[{"@type":"ReadAction","target":["https:\/\/schweiz-vignette.ch\/widerruf\/"]}]},{"@type":"BreadcrumbList","@id":"https:\/\/schweiz-vignette.ch\/widerruf\/#breadcrumb","itemListElement":[{"@type":"ListItem","position":1,"name":"Home","item":"https:\/\/schweiz-vignette.ch\/"},{"@type":"ListItem","position":2,"name":"Widerruf"}]},{"@type":"WebSite","@id":"https:\/\/schweiz-vignette.ch\/#website","url":"https:\/\/schweiz-vignette.ch\/","name":"Digitale Vignette Schweiz","description":"","potentialAction":[{"@type":"SearchAction","target":{"@type":"EntryPoint","urlTemplate":"https:\/\/schweiz-vignette.ch\/?s={search_term_string}"},"query-input":{"@type":"PropertyValueSpecification","valueRequired":true,"valueName":"search_term_string"}}],"inLanguage":"sk-SK"}]}},"_links":{"self":[{"href":"https:\/\/schweiz-vignette.ch\/sk\/wp-json\/wp\/v2\/pages\/805","targetHints":{"allow":["GET"]}}],"collection":[{"href":"https:\/\/schweiz-vignette.ch\/sk\/wp-json\/wp\/v2\/pages"}],"about":[{"href":"https:\/\/schweiz-vignette.ch\/sk\/wp-json\/wp\/v2\/types\/page"}],"author":[{"embeddable":true,"href":"https:\/\/schweiz-vignette.ch\/sk\/wp-json\/wp\/v2\/users\/1"}],"replies":[{"embeddable":true,"href":"https:\/\/schweiz-vignette.ch\/sk\/wp-json\/wp\/v2\/comments?post=805"}],"version-history":[{"count":8,"href":"https:\/\/schweiz-vignette.ch\/sk\/wp-json\/wp\/v2\/pages\/805\/revisions"}],"predecessor-version":[{"id":863,"href":"https:\/\/schweiz-vignette.ch\/sk\/wp-json\/wp\/v2\/pages\/805\/revisions\/863"}],"wp:attachment":[{"href":"https:\/\/schweiz-vignette.ch\/sk\/wp-json\/wp\/v2\/media?parent=805"}],"curies":[{"name":"wp","href":"https:\/\/api.w.org\/{rel}","templated":true}]}}