{"id":825,"date":"2023-09-28T11:43:46","date_gmt":"2023-09-28T11:43:46","guid":{"rendered":"https:\/\/schweiz-vignette.ch\/?page_id=825"},"modified":"2023-09-28T16:03:07","modified_gmt":"2023-09-28T16:03:07","slug":"verbraucherinformation","status":"publish","type":"page","link":"https:\/\/schweiz-vignette.ch\/sk\/informacie-pre-spotrebitelov\/","title":{"rendered":"Inform\u00e1cie pre spotrebite\u013eov"},"content":{"rendered":"<div data-elementor-type=\"wp-page\" data-elementor-id=\"825\" class=\"elementor elementor-825\" data-elementor-post-type=\"page\">\n\t\t\t\t\t\t<section class=\"elementor-section elementor-top-section elementor-element elementor-element-8008a3a elementor-section-boxed elementor-section-height-default elementor-section-height-default\" data-id=\"8008a3a\" data-element_type=\"section\" data-settings=\"{&quot;background_background&quot;:&quot;classic&quot;}\">\n\t\t\t\t\t\t\t<div class=\"elementor-background-overlay\"><\/div>\n\t\t\t\t\t\t\t<div class=\"elementor-container elementor-column-gap-default\">\n\t\t\t\t\t<div class=\"elementor-column elementor-col-100 elementor-top-column elementor-element elementor-element-836060b\" data-id=\"836060b\" data-element_type=\"column\">\n\t\t\t<div class=\"elementor-widget-wrap elementor-element-populated\">\n\t\t\t\t\t\t<div class=\"elementor-element elementor-element-7c3afaf elementor-widget elementor-widget-heading\" data-id=\"7c3afaf\" data-element_type=\"widget\" data-widget_type=\"heading.default\">\n\t\t\t\t<div class=\"elementor-widget-container\">\n\t\t\t\t\t<h1 class=\"elementor-heading-title elementor-size-default\">Inform\u00e1cie pre spotrebite\u013eov<\/h1>\t\t\t\t<\/div>\n\t\t\t\t<\/div>\n\t\t\t\t\t<\/div>\n\t\t<\/div>\n\t\t\t\t\t<\/div>\n\t\t<\/section>\n\t\t\t\t<section class=\"elementor-section elementor-top-section elementor-element elementor-element-b1040a3 elementor-section-boxed elementor-section-height-default elementor-section-height-default\" data-id=\"b1040a3\" data-element_type=\"section\">\n\t\t\t\t\t\t<div class=\"elementor-container elementor-column-gap-default\">\n\t\t\t\t\t<div class=\"elementor-column elementor-col-100 elementor-top-column elementor-element elementor-element-eb4d5f1\" data-id=\"eb4d5f1\" data-element_type=\"column\">\n\t\t\t<div class=\"elementor-widget-wrap elementor-element-populated\">\n\t\t\t\t\t\t<div class=\"elementor-element elementor-element-146e1c9 elementor-widget elementor-widget-text-editor\" data-id=\"146e1c9\" data-element_type=\"widget\" data-widget_type=\"text-editor.default\">\n\t\t\t\t<div class=\"elementor-widget-container\">\n\t\t\t\t\t\t\t\t\t<p>Registr\u00e1cia pozn\u00e1vac\u00edch zna\u010diek sa uskuto\u010d\u0148uje okam\u017eite prostredn\u00edctvom ofici\u00e1lnych m\u00fdtnych obchodov pr\u00edslu\u0161n\u00fdch kraj\u00edn na \u017eiados\u0165 z\u00e1kazn\u00edka a bez \u010dakacej lehoty, ktor\u00fa by z\u00e1kazn\u00edk musel dodr\u017ea\u0165 pri k\u00fape m\u00fdtnych produktov v ofici\u00e1lnych online m\u00fdtnych obchodoch v niektor\u00fdch krajin\u00e1ch.<\/p><p>Na\u0161a ponuka zah\u0155\u0148a aj z\u00e1kazn\u00edcky \u00fastretov\u00fd proces objedn\u00e1vania a prostredn\u00edctvom na\u0161ej z\u00e1kazn\u00edckej podpory v\u00e1m radi pom\u00f4\u017eeme s ak\u00fdmiko\u013evek ot\u00e1zkami. Za uveden\u00e9 slu\u017eby \u00fa\u010dtujeme tu uveden\u00fd spracovate\u013esk\u00fd poplatok, ktor\u00fd sa pripo\u010d\u00edtava k cen\u00e1m m\u00fdtnych produktov, ktor\u00e9 zasa ur\u010duj\u00fa prev\u00e1dzkovatelia m\u00fdtnych syst\u00e9mov v jednotliv\u00fdch krajin\u00e1ch. Na tomto mieste z\u00e1kazn\u00edka v\u00fdslovne upozor\u0148ujeme na nasleduj\u00facu okolnos\u0165: V pr\u00edpade m\u00fdtnych produktov s d\u00e1tumom za\u010diatku platnosti po 18 d\u0148och neplat\u00ed pridan\u00e1 hodnota okam\u017eitej pou\u017eite\u013enosti, preto\u017ee v tomto pr\u00edpade je mo\u017en\u00e9 digit\u00e1lny m\u00fdtny produkt objedna\u0165 aj priamo v m\u00fdtnom obchode BAZG a \u010dasom nadobudne platnos\u0165. Ak v\u00e1s presved\u010d\u00edme na\u0161ou ponukou, budeme samozrejme radi, ak sa aj napriek tomu rozhodnete pre registr\u00e1ciu prostredn\u00edctvom n\u00e1s.<\/p><p>Ceny digit\u00e1lnych dia\u013eni\u010dn\u00fdch zn\u00e1mok a digit\u00e1lnych cestn\u00fdch poplatkov ur\u010duje pre \u0160vaj\u010diarsko BAZG. Registr\u00e1cia registra\u010dn\u00fdch zna\u010diek je mo\u017en\u00e1 pre digit\u00e1lne dia\u013eni\u010dn\u00e9 zn\u00e1mky na 1 rok s pevne stanovenou dobou platnosti a digit\u00e1lne tra\u0165ov\u00e9 m\u00fdto na 1 jazdu, 2 jazdy alebo ro\u010dn\u00e9 l\u00edstky s platnos\u0165ou 365 dn\u00ed od registr\u00e1cie.<\/p><p><strong>Ceny<\/strong><\/p><p>Jednotn\u00e9 ceny platia pre v\u0161etky vozidl\u00e1 a pr\u00edvesy, na ktor\u00e9 sa vz\u0165ahuj\u00fa dia\u013eni\u010dn\u00e9 zn\u00e1mky - 49,90 EUR za ro\u010dn\u00fa dia\u013eni\u010dn\u00fa zn\u00e1mku s poplatkami za registra\u010dn\u00e9 slu\u017eby 8,41 EUR.<\/p>\t\t\t\t\t\t\t\t<\/div>\n\t\t\t\t<\/div>\n\t\t\t\t\t<\/div>\n\t\t<\/div>\n\t\t\t\t\t<\/div>\n\t\t<\/section>\n\t\t\t\t<\/div>","protected":false},"excerpt":{"rendered":"<p>Verbraucherinformation Die Registrierung der Kennzeichen erfolgt \u00fcber die offiziellen Mautshops der jeweiligen L\u00e4nder auf Wunsch des Kunden sofort und ohne Wartefrist, die der Kunde beim Erwerb der Mautprodukte in den offiziellen Online-Mautshops in einigen L\u00e4ndern einhalten m\u00fcsste. Unsere Angebot beinhaltet dar\u00fcber hinaus einen kundenfreundlichen Bestellprozess und wir helfen Ihnen \u00fcber unseren Kundensupport gerne bei Fragen. [&hellip;]<\/p>","protected":false},"author":1,"featured_media":0,"parent":0,"menu_order":0,"comment_status":"closed","ping_status":"closed","template":"elementor_header_footer","meta":{"footnotes":""},"class_list":["post-825","page","type-page","status-publish","hentry"],"yoast_head":"<!-- This site is optimized with the Yoast SEO plugin v24.9 - https:\/\/yoast.com\/wordpress\/plugins\/seo\/ -->\n<title>Verbraucherinformation - Digitale Vignette Schweiz<\/title>\n<meta name=\"robots\" content=\"noindex, nofollow\" \/>\n<meta property=\"og:locale\" content=\"sk_SK\" \/>\n<meta property=\"og:type\" content=\"article\" \/>\n<meta property=\"og:title\" content=\"Verbraucherinformation - Digitale Vignette Schweiz\" \/>\n<meta property=\"og:description\" content=\"Verbraucherinformation Die Registrierung der Kennzeichen erfolgt \u00fcber die offiziellen Mautshops der jeweiligen L\u00e4nder auf Wunsch des Kunden sofort und ohne Wartefrist, die der Kunde beim Erwerb der Mautprodukte in den offiziellen Online-Mautshops in einigen L\u00e4ndern einhalten m\u00fcsste. Unsere Angebot beinhaltet dar\u00fcber hinaus einen kundenfreundlichen Bestellprozess und wir helfen Ihnen \u00fcber unseren Kundensupport gerne bei Fragen. [&hellip;]\" \/>\n<meta property=\"og:url\" content=\"https:\/\/schweiz-vignette.ch\/sk\/informacie-pre-spotrebitelov\/\" \/>\n<meta property=\"og:site_name\" content=\"Digitale Vignette Schweiz\" \/>\n<meta property=\"article:modified_time\" content=\"2023-09-28T16:03:07+00:00\" \/>\n<meta name=\"twitter:card\" content=\"summary_large_image\" \/>\n<meta name=\"twitter:label1\" content=\"Predpokladan\u00fd \u010das \u010d\u00edtania\" \/>\n\t<meta name=\"twitter:data1\" content=\"2 min\u00faty\" \/>\n<script type=\"application\/ld+json\" class=\"yoast-schema-graph\">{\"@context\":\"https:\/\/schema.org\",\"@graph\":[{\"@type\":\"WebPage\",\"@id\":\"https:\/\/schweiz-vignette.ch\/verbraucherinformation\/\",\"url\":\"https:\/\/schweiz-vignette.ch\/verbraucherinformation\/\",\"name\":\"Verbraucherinformation - Digitale Vignette Schweiz\",\"isPartOf\":{\"@id\":\"https:\/\/schweiz-vignette.ch\/#website\"},\"datePublished\":\"2023-09-28T11:43:46+00:00\",\"dateModified\":\"2023-09-28T16:03:07+00:00\",\"breadcrumb\":{\"@id\":\"https:\/\/schweiz-vignette.ch\/verbraucherinformation\/#breadcrumb\"},\"inLanguage\":\"sk-SK\",\"potentialAction\":[{\"@type\":\"ReadAction\",\"target\":[\"https:\/\/schweiz-vignette.ch\/verbraucherinformation\/\"]}]},{\"@type\":\"BreadcrumbList\",\"@id\":\"https:\/\/schweiz-vignette.ch\/verbraucherinformation\/#breadcrumb\",\"itemListElement\":[{\"@type\":\"ListItem\",\"position\":1,\"name\":\"Home\",\"item\":\"https:\/\/schweiz-vignette.ch\/\"},{\"@type\":\"ListItem\",\"position\":2,\"name\":\"Verbraucherinformation\"}]},{\"@type\":\"WebSite\",\"@id\":\"https:\/\/schweiz-vignette.ch\/#website\",\"url\":\"https:\/\/schweiz-vignette.ch\/\",\"name\":\"Digitale Vignette Schweiz\",\"description\":\"\",\"potentialAction\":[{\"@type\":\"SearchAction\",\"target\":{\"@type\":\"EntryPoint\",\"urlTemplate\":\"https:\/\/schweiz-vignette.ch\/?s={search_term_string}\"},\"query-input\":{\"@type\":\"PropertyValueSpecification\",\"valueRequired\":true,\"valueName\":\"search_term_string\"}}],\"inLanguage\":\"sk-SK\"}]}<\/script>\n<!-- \/ Yoast SEO plugin. -->","yoast_head_json":{"title":"Verbraucherinformation - Digitale Vignette Schweiz","robots":{"index":"noindex","follow":"nofollow"},"og_locale":"sk_SK","og_type":"article","og_title":"Verbraucherinformation - Digitale Vignette Schweiz","og_description":"Verbraucherinformation Die Registrierung der Kennzeichen erfolgt \u00fcber die offiziellen Mautshops der jeweiligen L\u00e4nder auf Wunsch des Kunden sofort und ohne Wartefrist, die der Kunde beim Erwerb der Mautprodukte in den offiziellen Online-Mautshops in einigen L\u00e4ndern einhalten m\u00fcsste. Unsere Angebot beinhaltet dar\u00fcber hinaus einen kundenfreundlichen Bestellprozess und wir helfen Ihnen \u00fcber unseren Kundensupport gerne bei Fragen. [&hellip;]","og_url":"https:\/\/schweiz-vignette.ch\/sk\/informacie-pre-spotrebitelov\/","og_site_name":"Digitale Vignette Schweiz","article_modified_time":"2023-09-28T16:03:07+00:00","twitter_card":"summary_large_image","twitter_misc":{"Predpokladan\u00fd \u010das \u010d\u00edtania":"2 min\u00faty"},"schema":{"@context":"https:\/\/schema.org","@graph":[{"@type":"WebPage","@id":"https:\/\/schweiz-vignette.ch\/verbraucherinformation\/","url":"https:\/\/schweiz-vignette.ch\/verbraucherinformation\/","name":"Verbraucherinformation - Digitale Vignette Schweiz","isPartOf":{"@id":"https:\/\/schweiz-vignette.ch\/#website"},"datePublished":"2023-09-28T11:43:46+00:00","dateModified":"2023-09-28T16:03:07+00:00","breadcrumb":{"@id":"https:\/\/schweiz-vignette.ch\/verbraucherinformation\/#breadcrumb"},"inLanguage":"sk-SK","potentialAction":[{"@type":"ReadAction","target":["https:\/\/schweiz-vignette.ch\/verbraucherinformation\/"]}]},{"@type":"BreadcrumbList","@id":"https:\/\/schweiz-vignette.ch\/verbraucherinformation\/#breadcrumb","itemListElement":[{"@type":"ListItem","position":1,"name":"Home","item":"https:\/\/schweiz-vignette.ch\/"},{"@type":"ListItem","position":2,"name":"Verbraucherinformation"}]},{"@type":"WebSite","@id":"https:\/\/schweiz-vignette.ch\/#website","url":"https:\/\/schweiz-vignette.ch\/","name":"Digitale Vignette Schweiz","description":"","potentialAction":[{"@type":"SearchAction","target":{"@type":"EntryPoint","urlTemplate":"https:\/\/schweiz-vignette.ch\/?s={search_term_string}"},"query-input":{"@type":"PropertyValueSpecification","valueRequired":true,"valueName":"search_term_string"}}],"inLanguage":"sk-SK"}]}},"_links":{"self":[{"href":"https:\/\/schweiz-vignette.ch\/sk\/wp-json\/wp\/v2\/pages\/825","targetHints":{"allow":["GET"]}}],"collection":[{"href":"https:\/\/schweiz-vignette.ch\/sk\/wp-json\/wp\/v2\/pages"}],"about":[{"href":"https:\/\/schweiz-vignette.ch\/sk\/wp-json\/wp\/v2\/types\/page"}],"author":[{"embeddable":true,"href":"https:\/\/schweiz-vignette.ch\/sk\/wp-json\/wp\/v2\/users\/1"}],"replies":[{"embeddable":true,"href":"https:\/\/schweiz-vignette.ch\/sk\/wp-json\/wp\/v2\/comments?post=825"}],"version-history":[{"count":5,"href":"https:\/\/schweiz-vignette.ch\/sk\/wp-json\/wp\/v2\/pages\/825\/revisions"}],"predecessor-version":[{"id":862,"href":"https:\/\/schweiz-vignette.ch\/sk\/wp-json\/wp\/v2\/pages\/825\/revisions\/862"}],"wp:attachment":[{"href":"https:\/\/schweiz-vignette.ch\/sk\/wp-json\/wp\/v2\/media?parent=825"}],"curies":[{"name":"wp","href":"https:\/\/api.w.org\/{rel}","templated":true}]}}