{"id":594,"date":"2023-09-25T23:16:36","date_gmt":"2023-09-25T23:16:36","guid":{"rendered":"https:\/\/schweiz-vignette.ch\/?page_id=594"},"modified":"2023-09-28T23:46:38","modified_gmt":"2023-09-28T23:46:38","slug":"support","status":"publish","type":"page","link":"https:\/\/schweiz-vignette.ch\/sl\/podpora\/","title":{"rendered":"Podpora"},"content":{"rendered":"<div data-elementor-type=\"wp-page\" data-elementor-id=\"594\" class=\"elementor elementor-594\" data-elementor-post-type=\"page\">\n\t\t\t\t\t\t<section class=\"elementor-section elementor-top-section elementor-element elementor-element-4b4e38a elementor-section-boxed elementor-section-height-default elementor-section-height-default\" data-id=\"4b4e38a\" data-element_type=\"section\" data-settings=\"{&quot;background_background&quot;:&quot;classic&quot;}\">\n\t\t\t\t\t\t\t<div class=\"elementor-background-overlay\"><\/div>\n\t\t\t\t\t\t\t<div class=\"elementor-container elementor-column-gap-default\">\n\t\t\t\t\t<div class=\"elementor-column elementor-col-100 elementor-top-column elementor-element elementor-element-e33ed96\" data-id=\"e33ed96\" data-element_type=\"column\">\n\t\t\t<div class=\"elementor-widget-wrap elementor-element-populated\">\n\t\t\t\t\t\t<div class=\"elementor-element elementor-element-f4f70cb elementor-widget elementor-widget-heading\" data-id=\"f4f70cb\" data-element_type=\"widget\" data-widget_type=\"heading.default\">\n\t\t\t\t<div class=\"elementor-widget-container\">\n\t\t\t\t\t<h1 class=\"elementor-heading-title elementor-size-default\">Podpora<\/h1>\t\t\t\t<\/div>\n\t\t\t\t<\/div>\n\t\t\t\t\t<\/div>\n\t\t<\/div>\n\t\t\t\t\t<\/div>\n\t\t<\/section>\n\t\t\t\t<section class=\"elementor-section elementor-top-section elementor-element elementor-element-10f6a90 elementor-section-boxed elementor-section-height-default elementor-section-height-default\" data-id=\"10f6a90\" data-element_type=\"section\" data-settings=\"{&quot;background_background&quot;:&quot;classic&quot;}\">\n\t\t\t\t\t\t<div class=\"elementor-container elementor-column-gap-default\">\n\t\t\t\t\t<div class=\"elementor-column elementor-col-100 elementor-top-column elementor-element elementor-element-6f4cb02\" data-id=\"6f4cb02\" data-element_type=\"column\">\n\t\t\t<div class=\"elementor-widget-wrap elementor-element-populated\">\n\t\t\t\t\t\t<div class=\"elementor-element elementor-element-87cc67f elementor-widget elementor-widget-heading\" data-id=\"87cc67f\" data-element_type=\"widget\" data-widget_type=\"heading.default\">\n\t\t\t\t<div class=\"elementor-widget-container\">\n\t\t\t\t\t<h2 class=\"elementor-heading-title elementor-size-default\">Pi\u0161ite nam<\/h2>\t\t\t\t<\/div>\n\t\t\t\t<\/div>\n\t\t\t\t<div class=\"elementor-element elementor-element-a201829 elementor-widget elementor-widget-text-editor\" data-id=\"a201829\" data-element_type=\"widget\" data-widget_type=\"text-editor.default\">\n\t\t\t\t<div class=\"elementor-widget-container\">\n\t\t\t\t\t\t\t\t\t<p>Obrnite se na nas, ekipa vam je na voljo ob delavnikih.<\/p>\t\t\t\t\t\t\t\t<\/div>\n\t\t\t\t<\/div>\n\t\t\t\t<div class=\"elementor-element elementor-element-12f01ab elementor-button-align-stretch elementor-widget elementor-widget-form\" data-id=\"12f01ab\" data-element_type=\"widget\" data-settings=\"{&quot;button_width&quot;:&quot;20&quot;,&quot;step_next_label&quot;:&quot;N\\u00e4chster&quot;,&quot;step_previous_label&quot;:&quot;Voriger&quot;,&quot;step_type&quot;:&quot;number_text&quot;,&quot;step_icon_shape&quot;:&quot;circle&quot;}\" data-widget_type=\"form.default\">\n\t\t\t\t<div class=\"elementor-widget-container\">\n\t\t\t\t\t\t\t<form class=\"elementor-form\" method=\"post\" name=\"Neues Formular\" action=\"\">\n\t\t\t<input type=\"hidden\" name=\"post_id\" value=\"594\"\/>\n\t\t\t<input type=\"hidden\" name=\"form_id\" value=\"12f01ab\"\/>\n\t\t\t<input type=\"hidden\" name=\"referer_title\" value=\"Digitale Vignette Schweiz\" \/>\n\n\t\t\t\n\t\t\t<div class=\"elementor-form-fields-wrapper elementor-labels-above\">\n\t\t\t\t\t\t\t\t<div class=\"elementor-field-type-text elementor-field-group elementor-column elementor-field-group-name elementor-col-50 elementor-field-required\">\n\t\t\t\t\t\t\t\t\t\t\t\t\t<input size=\"1\" type=\"text\" name=\"form_fields[name]\" id=\"form-field-name\" class=\"elementor-field elementor-size-sm  elementor-field-textual\" placeholder=\"Ime in priimek\" required=\"required\">\n\t\t\t\t\t\t\t\t\t\t\t<\/div>\n\t\t\t\t\t\t\t\t<div class=\"elementor-field-type-email elementor-field-group elementor-column elementor-field-group-email elementor-col-50 elementor-field-required\">\n\t\t\t\t\t\t\t\t\t\t\t\t\t<input size=\"1\" type=\"email\" name=\"form_fields[email]\" id=\"form-field-email\" class=\"elementor-field elementor-size-sm  elementor-field-textual\" placeholder=\"E-naslov\" required=\"required\">\n\t\t\t\t\t\t\t\t\t\t\t<\/div>\n\t\t\t\t\t\t\t\t<div class=\"elementor-field-type-text elementor-field-group elementor-column elementor-field-group-field_931aa0b elementor-col-100\">\n\t\t\t\t\t\t\t\t\t\t\t\t\t<input size=\"1\" type=\"text\" name=\"form_fields[field_931aa0b]\" id=\"form-field-field_931aa0b\" class=\"elementor-field elementor-size-sm  elementor-field-textual\" placeholder=\"\u0160tevilka naro\u010dila (neobvezno)\">\n\t\t\t\t\t\t\t\t\t\t\t<\/div>\n\t\t\t\t\t\t\t\t<div class=\"elementor-field-type-textarea elementor-field-group elementor-column elementor-field-group-message elementor-col-100 elementor-field-required\">\n\t\t\t\t\t<textarea class=\"elementor-field-textual elementor-field  elementor-size-sm\" name=\"form_fields[message]\" id=\"form-field-message\" rows=\"3\" placeholder=\"Sporo\u010dilo\" required=\"required\"><\/textarea>\t\t\t\t<\/div>\n\t\t\t\t\t\t\t\t<div class=\"elementor-field-group elementor-column elementor-field-type-submit elementor-col-20 e-form__buttons\">\n\t\t\t\t\t<button class=\"elementor-button elementor-size-xs\" type=\"submit\">\n\t\t\t\t\t\t<span class=\"elementor-button-content-wrapper\">\n\t\t\t\t\t\t\t\t\t\t\t\t\t\t\t\t\t\t\t\t\t\t<span class=\"elementor-button-text\">Po\u0161lji<\/span>\n\t\t\t\t\t\t\t\t\t\t\t\t\t<\/span>\n\t\t\t\t\t<\/button>\n\t\t\t\t<\/div>\n\t\t\t<\/div>\n\t\t<input type=\"hidden\" name=\"trp-form-language\" value=\"sl\"\/><\/form>\n\t\t\t\t\t\t<\/div>\n\t\t\t\t<\/div>\n\t\t\t\t\t<\/div>\n\t\t<\/div>\n\t\t\t\t\t<\/div>\n\t\t<\/section>\n\t\t\t\t<section class=\"elementor-section elementor-top-section elementor-element elementor-element-beea910 elementor-section-boxed elementor-section-height-default elementor-section-height-default\" data-id=\"beea910\" data-element_type=\"section\">\n\t\t\t\t\t\t<div class=\"elementor-container elementor-column-gap-default\">\n\t\t\t\t\t<div class=\"elementor-column elementor-col-100 elementor-top-column elementor-element elementor-element-2ce2681\" data-id=\"2ce2681\" data-element_type=\"column\">\n\t\t\t<div class=\"elementor-widget-wrap elementor-element-populated\">\n\t\t\t\t\t\t<div class=\"elementor-element elementor-element-97f3fc0 elementor-widget elementor-widget-toggle\" data-id=\"97f3fc0\" data-element_type=\"widget\" data-widget_type=\"toggle.default\">\n\t\t\t\t<div class=\"elementor-widget-container\">\n\t\t\t\t\t\t\t<div class=\"elementor-toggle\">\n\t\t\t\t\t\t\t<div class=\"elementor-toggle-item\">\n\t\t\t\t\t<div id=\"elementor-tab-title-1591\" class=\"elementor-tab-title\" data-tab=\"1\" role=\"button\" aria-controls=\"elementor-tab-content-1591\" aria-expanded=\"false\">\n\t\t\t\t\t\t\t\t\t\t\t\t<span class=\"elementor-toggle-icon elementor-toggle-icon-left\" aria-hidden=\"true\">\n\t\t\t\t\t\t\t\t\t\t\t\t\t\t\t<span class=\"elementor-toggle-icon-closed\"><i class=\"fas fa-caret-right\"><\/i><\/span>\n\t\t\t\t\t\t\t\t<span class=\"elementor-toggle-icon-opened\"><i class=\"elementor-toggle-icon-opened fas fa-caret-up\"><\/i><\/span>\n\t\t\t\t\t\t\t\t\t\t\t\t\t<\/span>\n\t\t\t\t\t\t\t\t\t\t\t\t<a class=\"elementor-toggle-title\" tabindex=\"0\">Ali bom vinjeto prejel po po\u0161ti ali fizi\u010dno?<\/a>\n\t\t\t\t\t<\/div>\n\n\t\t\t\t\t<div id=\"elementor-tab-content-1591\" class=\"elementor-tab-content elementor-clearfix\" data-tab=\"1\" role=\"region\" aria-labelledby=\"elementor-tab-title-1591\"><p>Ne, vinjeta bo vpisana na va\u0161o dolo\u010deno registrsko tablico in z vo\u017enjo lahko za\u010dnete takoj, ko vam po elektronski po\u0161ti po\u0161ljemo potrdilo o vpisu.<\/p><\/div>\n\t\t\t\t<\/div>\n\t\t\t\t\t\t\t<div class=\"elementor-toggle-item\">\n\t\t\t\t\t<div id=\"elementor-tab-title-1592\" class=\"elementor-tab-title\" data-tab=\"2\" role=\"button\" aria-controls=\"elementor-tab-content-1592\" aria-expanded=\"false\">\n\t\t\t\t\t\t\t\t\t\t\t\t<span class=\"elementor-toggle-icon elementor-toggle-icon-left\" aria-hidden=\"true\">\n\t\t\t\t\t\t\t\t\t\t\t\t\t\t\t<span class=\"elementor-toggle-icon-closed\"><i class=\"fas fa-caret-right\"><\/i><\/span>\n\t\t\t\t\t\t\t\t<span class=\"elementor-toggle-icon-opened\"><i class=\"elementor-toggle-icon-opened fas fa-caret-up\"><\/i><\/span>\n\t\t\t\t\t\t\t\t\t\t\t\t\t<\/span>\n\t\t\t\t\t\t\t\t\t\t\t\t<a class=\"elementor-toggle-title\" tabindex=\"0\">Koliko \u010dasa traja, da se vinjeta vpi\u0161e na mojo registrsko tablico?<\/a>\n\t\t\t\t\t<\/div>\n\n\t\t\t\t\t<div id=\"elementor-tab-content-1592\" class=\"elementor-tab-content elementor-clearfix\" data-tab=\"2\" role=\"region\" aria-labelledby=\"elementor-tab-title-1592\"><p>Postopek registracije se samodejno za\u010dne takoj po naro\u010dilu in v povpre\u010dju traja od 2 do 10 minut.<\/p><\/div>\n\t\t\t\t<\/div>\n\t\t\t\t\t\t\t<div class=\"elementor-toggle-item\">\n\t\t\t\t\t<div id=\"elementor-tab-title-1593\" class=\"elementor-tab-title\" data-tab=\"3\" role=\"button\" aria-controls=\"elementor-tab-content-1593\" aria-expanded=\"false\">\n\t\t\t\t\t\t\t\t\t\t\t\t<span class=\"elementor-toggle-icon elementor-toggle-icon-left\" aria-hidden=\"true\">\n\t\t\t\t\t\t\t\t\t\t\t\t\t\t\t<span class=\"elementor-toggle-icon-closed\"><i class=\"fas fa-caret-right\"><\/i><\/span>\n\t\t\t\t\t\t\t\t<span class=\"elementor-toggle-icon-opened\"><i class=\"elementor-toggle-icon-opened fas fa-caret-up\"><\/i><\/span>\n\t\t\t\t\t\t\t\t\t\t\t\t\t<\/span>\n\t\t\t\t\t\t\t\t\t\t\t\t<a class=\"elementor-toggle-title\" tabindex=\"0\">Kdaj lahko po nakupu za\u010dnem voziti?<\/a>\n\t\t\t\t\t<\/div>\n\n\t\t\t\t\t<div id=\"elementor-tab-content-1593\" class=\"elementor-tab-content elementor-clearfix\" data-tab=\"3\" role=\"region\" aria-labelledby=\"elementor-tab-title-1593\"><p>Takoj ko od nas prejmete e-po\u0161to s potrditvijo registracije (v povpre\u010dju 2-10 minut), lahko vozite po \u0161vicarskih cestah, za katere velja vinjeta.<\/p><\/div>\n\t\t\t\t<\/div>\n\t\t\t\t\t\t\t<div class=\"elementor-toggle-item\">\n\t\t\t\t\t<div id=\"elementor-tab-title-1594\" class=\"elementor-tab-title\" data-tab=\"4\" role=\"button\" aria-controls=\"elementor-tab-content-1594\" aria-expanded=\"false\">\n\t\t\t\t\t\t\t\t\t\t\t\t<span class=\"elementor-toggle-icon elementor-toggle-icon-left\" aria-hidden=\"true\">\n\t\t\t\t\t\t\t\t\t\t\t\t\t\t\t<span class=\"elementor-toggle-icon-closed\"><i class=\"fas fa-caret-right\"><\/i><\/span>\n\t\t\t\t\t\t\t\t<span class=\"elementor-toggle-icon-opened\"><i class=\"elementor-toggle-icon-opened fas fa-caret-up\"><\/i><\/span>\n\t\t\t\t\t\t\t\t\t\t\t\t\t<\/span>\n\t\t\t\t\t\t\t\t\t\t\t\t<a class=\"elementor-toggle-title\" tabindex=\"0\">Ali potrebujem vinjeto za \u0160vico?<\/a>\n\t\t\t\t\t<\/div>\n\n\t\t\t\t\t<div id=\"elementor-tab-content-1594\" class=\"elementor-tab-content elementor-clearfix\" data-tab=\"4\" role=\"region\" aria-labelledby=\"elementor-tab-title-1594\"><p>DA! Na avtocestah (v \u0160vici z belo-zeleno signalizacijo) velja obveznost uporabe vinjete za motorna vozila do 3,5 tone skupne mase. Podobno velja tudi za prikolice in po\u010ditni\u0161ke prikolice s skupno maso manj kot 3,5 tone, za katere je potrebna posebna vinjeta. Prikolice, ki jih vle\u010dejo motorna kolesa, so izvzete iz zahteve po vinjeti. Ta uredba velja tudi za avtodome s skupno maso do 3,5 tone in motorna kolesa.<\/p><\/div>\n\t\t\t\t<\/div>\n\t\t\t\t\t\t\t<div class=\"elementor-toggle-item\">\n\t\t\t\t\t<div id=\"elementor-tab-title-1595\" class=\"elementor-tab-title\" data-tab=\"5\" role=\"button\" aria-controls=\"elementor-tab-content-1595\" aria-expanded=\"false\">\n\t\t\t\t\t\t\t\t\t\t\t\t<span class=\"elementor-toggle-icon elementor-toggle-icon-left\" aria-hidden=\"true\">\n\t\t\t\t\t\t\t\t\t\t\t\t\t\t\t<span class=\"elementor-toggle-icon-closed\"><i class=\"fas fa-caret-right\"><\/i><\/span>\n\t\t\t\t\t\t\t\t<span class=\"elementor-toggle-icon-opened\"><i class=\"elementor-toggle-icon-opened fas fa-caret-up\"><\/i><\/span>\n\t\t\t\t\t\t\t\t\t\t\t\t\t<\/span>\n\t\t\t\t\t\t\t\t\t\t\t\t<a class=\"elementor-toggle-title\" tabindex=\"0\">Kak\u0161na je razlika med e-vinjeto in lepilno vinjeto?<\/a>\n\t\t\t\t\t<\/div>\n\n\t\t\t\t\t<div id=\"elementor-tab-content-1595\" class=\"elementor-tab-content elementor-clearfix\" data-tab=\"5\" role=\"region\" aria-labelledby=\"elementor-tab-title-1595\"><p>Na\u010deloma imata obe vinjeti enako funkcijo. Vendar je e-vinjeta pripravljena v nekaj minutah, medtem ko je treba fizi\u010dno vinjeto poslati po po\u0161ti. Poleg tega je prednost e-vinjete ta, da na vetrobransko steklo ni treba nalepiti lepljive vinjete, registracija pa poteka digitalno - tj. registrira se na va\u0161i registrski tablici.<\/p><\/div>\n\t\t\t\t<\/div>\n\t\t\t\t\t\t\t<div class=\"elementor-toggle-item\">\n\t\t\t\t\t<div id=\"elementor-tab-title-1596\" class=\"elementor-tab-title\" data-tab=\"6\" role=\"button\" aria-controls=\"elementor-tab-content-1596\" aria-expanded=\"false\">\n\t\t\t\t\t\t\t\t\t\t\t\t<span class=\"elementor-toggle-icon elementor-toggle-icon-left\" aria-hidden=\"true\">\n\t\t\t\t\t\t\t\t\t\t\t\t\t\t\t<span class=\"elementor-toggle-icon-closed\"><i class=\"fas fa-caret-right\"><\/i><\/span>\n\t\t\t\t\t\t\t\t<span class=\"elementor-toggle-icon-opened\"><i class=\"elementor-toggle-icon-opened fas fa-caret-up\"><\/i><\/span>\n\t\t\t\t\t\t\t\t\t\t\t\t\t<\/span>\n\t\t\t\t\t\t\t\t\t\t\t\t<a class=\"elementor-toggle-title\" tabindex=\"0\">Ali potrebujem vinjeto za svojo po\u010ditni\u0161ko prikolico?<\/a>\n\t\t\t\t\t<\/div>\n\n\t\t\t\t\t<div id=\"elementor-tab-content-1596\" class=\"elementor-tab-content elementor-clearfix\" data-tab=\"6\" role=\"region\" aria-labelledby=\"elementor-tab-title-1596\"><p>Pri tem ima odlo\u010dilno vlogo dovoljena skupna masa (GVW) priklopnika. Za prikolice s skupno maso do 3,5 tone je treba kupiti dodatno vinjeto. To velja tudi za po\u010ditni\u0161ke prikolice, katerih najve\u010dja dovoljena masa prav tako ne presega 3,5 tone. Za prikolice in po\u010ditni\u0161ke prikolice s skupno maso nad 3,5 tone se pristojbina pla\u010da s posebno pristojbino za te\u017eka vozila. Vinjetna obveznost ne velja za prikolice, ki jih vle\u010dejo motorna kolesa.<\/p><\/div>\n\t\t\t\t<\/div>\n\t\t\t\t\t\t\t<div class=\"elementor-toggle-item\">\n\t\t\t\t\t<div id=\"elementor-tab-title-1597\" class=\"elementor-tab-title\" data-tab=\"7\" role=\"button\" aria-controls=\"elementor-tab-content-1597\" aria-expanded=\"false\">\n\t\t\t\t\t\t\t\t\t\t\t\t<span class=\"elementor-toggle-icon elementor-toggle-icon-left\" aria-hidden=\"true\">\n\t\t\t\t\t\t\t\t\t\t\t\t\t\t\t<span class=\"elementor-toggle-icon-closed\"><i class=\"fas fa-caret-right\"><\/i><\/span>\n\t\t\t\t\t\t\t\t<span class=\"elementor-toggle-icon-opened\"><i class=\"elementor-toggle-icon-opened fas fa-caret-up\"><\/i><\/span>\n\t\t\t\t\t\t\t\t\t\t\t\t\t<\/span>\n\t\t\t\t\t\t\t\t\t\t\t\t<a class=\"elementor-toggle-title\" tabindex=\"0\">Ali moram potrdilo o registraciji vzeti s seboj?<\/a>\n\t\t\t\t\t<\/div>\n\n\t\t\t\t\t<div id=\"elementor-tab-content-1597\" class=\"elementor-tab-content elementor-clearfix\" data-tab=\"7\" role=\"region\" aria-labelledby=\"elementor-tab-title-1597\"><p>Ne, vendar je priporo\u010dljivo, da imate potrdilo o registraciji, ki ste ga po nakupu prejeli od nas po e-po\u0161ti, v primeru, da pridete na in\u0161pekcijski pregled in morate dokazati nakup v primeru tehni\u010dnih te\u017eav itd....<\/p><\/div>\n\t\t\t\t<\/div>\n\t\t\t\t\t\t\t<div class=\"elementor-toggle-item\">\n\t\t\t\t\t<div id=\"elementor-tab-title-1598\" class=\"elementor-tab-title\" data-tab=\"8\" role=\"button\" aria-controls=\"elementor-tab-content-1598\" aria-expanded=\"false\">\n\t\t\t\t\t\t\t\t\t\t\t\t<span class=\"elementor-toggle-icon elementor-toggle-icon-left\" aria-hidden=\"true\">\n\t\t\t\t\t\t\t\t\t\t\t\t\t\t\t<span class=\"elementor-toggle-icon-closed\"><i class=\"fas fa-caret-right\"><\/i><\/span>\n\t\t\t\t\t\t\t\t<span class=\"elementor-toggle-icon-opened\"><i class=\"elementor-toggle-icon-opened fas fa-caret-up\"><\/i><\/span>\n\t\t\t\t\t\t\t\t\t\t\t\t\t<\/span>\n\t\t\t\t\t\t\t\t\t\t\t\t<a class=\"elementor-toggle-title\" tabindex=\"0\">Ali je mogo\u010de zamenjati registrsko tablico?<\/a>\n\t\t\t\t\t<\/div>\n\n\t\t\t\t\t<div id=\"elementor-tab-content-1598\" class=\"elementor-tab-content elementor-clearfix\" data-tab=\"8\" role=\"region\" aria-labelledby=\"elementor-tab-title-1598\"><p>Da, registrsko tablico je mogo\u010de zamenjati enkrat. Pomembno je opozoriti, da mora biti lastnik vozila isti.<\/p><\/div>\n\t\t\t\t<\/div>\n\t\t\t\t\t\t\t\t<\/div>\n\t\t\t\t\t\t<\/div>\n\t\t\t\t<\/div>\n\t\t\t\t\t<\/div>\n\t\t<\/div>\n\t\t\t\t\t<\/div>\n\t\t<\/section>\n\t\t\t\t<\/div>","protected":false},"excerpt":{"rendered":"<p>Support Kontaktieren sie uns Nehmen Sie mit uns Kontakt auf, das Team steht Ihnen Werktags zur Verf\u00fcgung. Bekomme ich die Vignette per Post oder Physisch? Nein, die Vignette wird auf Ihr angegebenes Kennzeichen registriert und Sie k\u00f6nnen sofort los fahren, nach dem wir Ihnen die Registrierungsbest\u00e4tigung per E-Mail zugeschickt haben. Wie lange dauert es bis [&hellip;]<\/p>","protected":false},"author":1,"featured_media":0,"parent":0,"menu_order":0,"comment_status":"closed","ping_status":"closed","template":"elementor_header_footer","meta":{"footnotes":""},"class_list":["post-594","page","type-page","status-publish","hentry"],"yoast_head":"<!-- This site is optimized with the Yoast SEO plugin v24.9 - https:\/\/yoast.com\/wordpress\/plugins\/seo\/ -->\n<title>Support - Digitale Vignette Schweiz<\/title>\n<meta name=\"robots\" content=\"index, follow, max-snippet:-1, max-image-preview:large, max-video-preview:-1\" \/>\n<link rel=\"canonical\" href=\"https:\/\/schweiz-vignette.ch\/sl\/podpora\/\" \/>\n<meta property=\"og:locale\" content=\"sl_SI\" \/>\n<meta property=\"og:type\" content=\"article\" \/>\n<meta property=\"og:title\" content=\"Support - Digitale Vignette Schweiz\" \/>\n<meta property=\"og:description\" content=\"Support Kontaktieren sie uns Nehmen Sie mit uns Kontakt auf, das Team steht Ihnen Werktags zur Verf\u00fcgung. Bekomme ich die Vignette per Post oder Physisch? Nein, die Vignette wird auf Ihr angegebenes Kennzeichen registriert und Sie k\u00f6nnen sofort los fahren, nach dem wir Ihnen die Registrierungsbest\u00e4tigung per E-Mail zugeschickt haben. Wie lange dauert es bis [&hellip;]\" \/>\n<meta property=\"og:url\" content=\"https:\/\/schweiz-vignette.ch\/sl\/podpora\/\" \/>\n<meta property=\"og:site_name\" content=\"Digitale Vignette Schweiz\" \/>\n<meta property=\"article:modified_time\" content=\"2023-09-28T23:46:38+00:00\" \/>\n<meta name=\"twitter:card\" content=\"summary_large_image\" \/>\n<meta name=\"twitter:label1\" content=\"Est. reading time\" \/>\n\t<meta name=\"twitter:data1\" content=\"2 minuti\" \/>\n<script type=\"application\/ld+json\" class=\"yoast-schema-graph\">{\"@context\":\"https:\/\/schema.org\",\"@graph\":[{\"@type\":\"WebPage\",\"@id\":\"https:\/\/schweiz-vignette.ch\/support\/\",\"url\":\"https:\/\/schweiz-vignette.ch\/support\/\",\"name\":\"Support - Digitale Vignette Schweiz\",\"isPartOf\":{\"@id\":\"https:\/\/schweiz-vignette.ch\/#website\"},\"datePublished\":\"2023-09-25T23:16:36+00:00\",\"dateModified\":\"2023-09-28T23:46:38+00:00\",\"breadcrumb\":{\"@id\":\"https:\/\/schweiz-vignette.ch\/support\/#breadcrumb\"},\"inLanguage\":\"sl-SI\",\"potentialAction\":[{\"@type\":\"ReadAction\",\"target\":[\"https:\/\/schweiz-vignette.ch\/support\/\"]}]},{\"@type\":\"BreadcrumbList\",\"@id\":\"https:\/\/schweiz-vignette.ch\/support\/#breadcrumb\",\"itemListElement\":[{\"@type\":\"ListItem\",\"position\":1,\"name\":\"Home\",\"item\":\"https:\/\/schweiz-vignette.ch\/\"},{\"@type\":\"ListItem\",\"position\":2,\"name\":\"Support\"}]},{\"@type\":\"WebSite\",\"@id\":\"https:\/\/schweiz-vignette.ch\/#website\",\"url\":\"https:\/\/schweiz-vignette.ch\/\",\"name\":\"Digitale Vignette Schweiz\",\"description\":\"\",\"potentialAction\":[{\"@type\":\"SearchAction\",\"target\":{\"@type\":\"EntryPoint\",\"urlTemplate\":\"https:\/\/schweiz-vignette.ch\/?s={search_term_string}\"},\"query-input\":{\"@type\":\"PropertyValueSpecification\",\"valueRequired\":true,\"valueName\":\"search_term_string\"}}],\"inLanguage\":\"sl-SI\"}]}<\/script>\n<!-- \/ Yoast SEO plugin. -->","yoast_head_json":{"title":"Support - Digitale Vignette Schweiz","robots":{"index":"index","follow":"follow","max-snippet":"max-snippet:-1","max-image-preview":"max-image-preview:large","max-video-preview":"max-video-preview:-1"},"canonical":"https:\/\/schweiz-vignette.ch\/sl\/podpora\/","og_locale":"sl_SI","og_type":"article","og_title":"Support - Digitale Vignette Schweiz","og_description":"Support Kontaktieren sie uns Nehmen Sie mit uns Kontakt auf, das Team steht Ihnen Werktags zur Verf\u00fcgung. Bekomme ich die Vignette per Post oder Physisch? Nein, die Vignette wird auf Ihr angegebenes Kennzeichen registriert und Sie k\u00f6nnen sofort los fahren, nach dem wir Ihnen die Registrierungsbest\u00e4tigung per E-Mail zugeschickt haben. Wie lange dauert es bis [&hellip;]","og_url":"https:\/\/schweiz-vignette.ch\/sl\/podpora\/","og_site_name":"Digitale Vignette Schweiz","article_modified_time":"2023-09-28T23:46:38+00:00","twitter_card":"summary_large_image","twitter_misc":{"Est. reading time":"2 minuti"},"schema":{"@context":"https:\/\/schema.org","@graph":[{"@type":"WebPage","@id":"https:\/\/schweiz-vignette.ch\/support\/","url":"https:\/\/schweiz-vignette.ch\/support\/","name":"Support - Digitale Vignette Schweiz","isPartOf":{"@id":"https:\/\/schweiz-vignette.ch\/#website"},"datePublished":"2023-09-25T23:16:36+00:00","dateModified":"2023-09-28T23:46:38+00:00","breadcrumb":{"@id":"https:\/\/schweiz-vignette.ch\/support\/#breadcrumb"},"inLanguage":"sl-SI","potentialAction":[{"@type":"ReadAction","target":["https:\/\/schweiz-vignette.ch\/support\/"]}]},{"@type":"BreadcrumbList","@id":"https:\/\/schweiz-vignette.ch\/support\/#breadcrumb","itemListElement":[{"@type":"ListItem","position":1,"name":"Home","item":"https:\/\/schweiz-vignette.ch\/"},{"@type":"ListItem","position":2,"name":"Support"}]},{"@type":"WebSite","@id":"https:\/\/schweiz-vignette.ch\/#website","url":"https:\/\/schweiz-vignette.ch\/","name":"Digitale Vignette Schweiz","description":"","potentialAction":[{"@type":"SearchAction","target":{"@type":"EntryPoint","urlTemplate":"https:\/\/schweiz-vignette.ch\/?s={search_term_string}"},"query-input":{"@type":"PropertyValueSpecification","valueRequired":true,"valueName":"search_term_string"}}],"inLanguage":"sl-SI"}]}},"_links":{"self":[{"href":"https:\/\/schweiz-vignette.ch\/sl\/wp-json\/wp\/v2\/pages\/594","targetHints":{"allow":["GET"]}}],"collection":[{"href":"https:\/\/schweiz-vignette.ch\/sl\/wp-json\/wp\/v2\/pages"}],"about":[{"href":"https:\/\/schweiz-vignette.ch\/sl\/wp-json\/wp\/v2\/types\/page"}],"author":[{"embeddable":true,"href":"https:\/\/schweiz-vignette.ch\/sl\/wp-json\/wp\/v2\/users\/1"}],"replies":[{"embeddable":true,"href":"https:\/\/schweiz-vignette.ch\/sl\/wp-json\/wp\/v2\/comments?post=594"}],"version-history":[{"count":19,"href":"https:\/\/schweiz-vignette.ch\/sl\/wp-json\/wp\/v2\/pages\/594\/revisions"}],"predecessor-version":[{"id":891,"href":"https:\/\/schweiz-vignette.ch\/sl\/wp-json\/wp\/v2\/pages\/594\/revisions\/891"}],"wp:attachment":[{"href":"https:\/\/schweiz-vignette.ch\/sl\/wp-json\/wp\/v2\/media?parent=594"}],"curies":[{"name":"wp","href":"https:\/\/api.w.org\/{rel}","templated":true}]}}