{"id":805,"date":"2023-09-28T11:23:37","date_gmt":"2023-09-28T11:23:37","guid":{"rendered":"https:\/\/schweiz-vignette.ch\/?page_id=805"},"modified":"2023-09-28T16:03:19","modified_gmt":"2023-09-28T16:03:19","slug":"widerruf","status":"publish","type":"page","link":"https:\/\/schweiz-vignette.ch\/sl\/preklic\/","title":{"rendered":"Preklic"},"content":{"rendered":"<div data-elementor-type=\"wp-page\" data-elementor-id=\"805\" class=\"elementor elementor-805\" data-elementor-post-type=\"page\">\n\t\t\t\t\t\t<section class=\"elementor-section elementor-top-section elementor-element elementor-element-af3173c elementor-section-boxed elementor-section-height-default elementor-section-height-default\" data-id=\"af3173c\" data-element_type=\"section\" data-settings=\"{&quot;background_background&quot;:&quot;classic&quot;}\">\n\t\t\t\t\t\t\t<div class=\"elementor-background-overlay\"><\/div>\n\t\t\t\t\t\t\t<div class=\"elementor-container elementor-column-gap-default\">\n\t\t\t\t\t<div class=\"elementor-column elementor-col-100 elementor-top-column elementor-element elementor-element-69d08b0\" data-id=\"69d08b0\" data-element_type=\"column\">\n\t\t\t<div class=\"elementor-widget-wrap elementor-element-populated\">\n\t\t\t\t\t\t<div class=\"elementor-element elementor-element-269b57c elementor-widget elementor-widget-heading\" data-id=\"269b57c\" data-element_type=\"widget\" data-widget_type=\"heading.default\">\n\t\t\t\t<div class=\"elementor-widget-container\">\n\t\t\t\t\t<h1 class=\"elementor-heading-title elementor-size-default\">Pravica do umika<\/h1>\t\t\t\t<\/div>\n\t\t\t\t<\/div>\n\t\t\t\t\t<\/div>\n\t\t<\/div>\n\t\t\t\t\t<\/div>\n\t\t<\/section>\n\t\t\t\t<section class=\"elementor-section elementor-top-section elementor-element elementor-element-cf8d447 elementor-section-boxed elementor-section-height-default elementor-section-height-default\" data-id=\"cf8d447\" data-element_type=\"section\">\n\t\t\t\t\t\t<div class=\"elementor-container elementor-column-gap-default\">\n\t\t\t\t\t<div class=\"elementor-column elementor-col-100 elementor-top-column elementor-element elementor-element-c93ecda\" data-id=\"c93ecda\" data-element_type=\"column\">\n\t\t\t<div class=\"elementor-widget-wrap elementor-element-populated\">\n\t\t\t\t\t\t<div class=\"elementor-element elementor-element-6b1090d elementor-widget elementor-widget-text-editor\" data-id=\"6b1090d\" data-element_type=\"widget\" data-widget_type=\"text-editor.default\">\n\t\t\t\t<div class=\"elementor-widget-container\">\n\t\t\t\t\t\t\t\t\t<p><strong>Pravilnik o odpovedi<\/strong><\/p><p>V skladu s 13. \u010dlenom nem\u0161kega civilnega zakonika (BGB) imajo osebe v smislu tega zakona pri sklenitvi posla prodaje na daljavo zakonsko pravico do odstopa od pogodbe, o \u010demer jih dru\u017eba Himmele Verwaltungs GmbH obvesti v skladu z zakonskimi zahtevami:<\/p><p><em>Pravilnik o odpovedi<\/em><\/p><p>Kot uporabnik storitev imate pravico odstopiti od te pogodbe v \u0161tirinajstih dneh brez navedbe razloga. Rok za odstop od pogodbe je \u0161tirinajst dni od dneva sklenitve pogodbe.<\/p><p>Za uveljavljanje pravice do odstopa od pogodbe nas morate o svoji odlo\u010ditvi, da odstopite od te pogodbe, obvestiti, Himmele Verwaltungs GmbH, Weststr. 30A, 8280 Kreuzlingen, kontakt@schweiz-vignette.ch, z jasno izjavo (npr. z dopisom ali elektronskim sporo\u010dilom, poslanim po po\u0161ti). V ta namen lahko uporabite prilo\u017eeni vzorec obrazca za odstop od pogodbe, ki pa ni obvezen.<\/p><p><em>Posledice preklica:<\/em><\/p><p>\u010ce pride do dejanske odpovedi, vam bomo povrnili vsa pla\u010dila, ki smo jih prejeli od vas, vklju\u010dno s stro\u0161ki dostave. To ne velja za stro\u0161ke, ki ste jih imeli dodatno, ker ste izbrali drugo vrsto dostave, kot je najcenej\u0161a standardna dostava, ki jo ponuja dru\u017eba Himmele Verwaltungs GmbH. Dru\u017eba Himmele Verwaltungs GmbH bo vra\u010dilo izvedla takoj in najpozneje v 14 dneh po prejemu preklica, in sicer z istim pla\u010dilnim sredstvom, ki ste ga uporabili za pla\u010dilo, razen \u010de je bilo z vami izrecno dogovorjeno kaj drugega. Za to povra\u010dilo vam ne bomo zara\u010dunali nobenih stro\u0161kov.<\/p><p><em>Zamenjava vrednosti:<\/em><\/p><p>\u010ce ste zahtevali, da za\u010dnemo opravljati storitve v odstopnem roku, nam morate pla\u010dati razumni znesek, ki ustreza dele\u017eu \u017ee opravljenih storitev do trenutka, ko ste nas obvestili o uveljavljanju pravice do odstopa od te pogodbe, v primerjavi s celotnim obsegom storitev, predvidenih v pogodbi. Izra\u010dun nadomestila se opravi po ban\u010dni metodi (vsak mesec se izra\u010duna na 30 dni, vsako leto na 360 dni) sorazmerno s ceno storitve in prete\u010denim obdobjem veljavnosti.<\/p><p><em>Pravica potro\u0161nikov do odstopa od pogodbe<\/em><\/p><p><em>Pred\u010dasno prenehanje pravice do odstopa od pogodbe<\/em><\/p><p>Pravica do odstopa od pogodbe preneha veljati tudi v primeru pogodbe o opravljanju storitev, \u010de je trgovec v celoti zagotovil storitev in jo je za\u010del opravljati \u0161ele potem, ko ste kot potro\u0161nik v to izrecno privolili in hkrati potrdili, da ste seznanjeni s tem, da izgubite pravico do odstopa od pogodbe, ko trgovec v celoti izpolni pogodbo. V skladu s sodno prakso de\u017eelnega sodi\u0161\u010da v Regensburgu (\u0161tevilka spisa: \"1 HK O 1116\/22\" sodba z dne 28. 3. 2023) se \u0161teje, da je storitev, kot je opisana zgoraj, v celoti opravljena, takoj ko ponudnik storitev opravi registracijo registrske \u0161tevilke uporabnika storitev in jo potrdi uporabniku storitev. Pravica do odstopa od pogodbe v tem primeru pred\u010dasno preneha veljati.<\/p><p><em>- Konec pravilnika o odpovedi -<\/em><\/p><p><em>Vzorec obrazca za preklic<\/em><\/p><p>\u010ce \u017eelite odpovedati pogodbo, izpolnite in vrnite ta obrazec.<\/p><p>Na naslov: Himmele Verwaltungs GmbH, Weststr. 30A, 8280 Kreuzlingen, CH<\/p><p>S tem odstopam od pogodbe, ki sem jo sklenil\/-a (*) za opravljanje naslednje storitve (\u0161tevilka naro\u010dila*)<\/p><p>Naro\u010deno na (*)\/prejeto na (*)-<\/p><p>Ime uporabnika storitev<\/p><p>Naslov uporabnika storitev<\/p><p>Podpis uporabnika storitev (samo za komunikacijo na papirju)<\/p><p>Datum<\/p><p>(*) Neustrezno \u010drtajte<\/p><p>V primeru neodobrenega povra\u010dila stro\u0161kov s strani uporabnika storitev, na primer z odprtjem primera spora pri ponudniku pla\u010dil, bo uporabnik storitev prejel opomin, ki bo vklju\u010deval naslednje pristojbine ustreznih ponudnikov pla\u010dil: Mollie (vklju\u010duje ponudnike pla\u010dil Giropay, Sofort\u00fcberweisung, iDEAL, EPS, \u00dcberweisung, Klarna) 5 EUR, Stripe (kreditna kartica) 15 EUR, Paypal 5 EUR.<\/p>\t\t\t\t\t\t\t\t<\/div>\n\t\t\t\t<\/div>\n\t\t\t\t\t<\/div>\n\t\t<\/div>\n\t\t\t\t\t<\/div>\n\t\t<\/section>\n\t\t\t\t<\/div>","protected":false},"excerpt":{"rendered":"<p>Widerrufsrecht Widerrufsbelehrung Gem\u00e4\u00df \u00a713 BGB haben Personen im Sinne dieses Gesetzes bei Abschluss eines Fernabsatzgesch\u00e4ftes grunds\u00e4tzlich ein gesetzliches Widerrufsrecht, \u00fcber welches die Himmele Verwaltungs GmbH entsprechend der gesetzlichen Vorgabe folgend informiert: Widerrufsbelehrung Sie als Dienstleistungsnutzer haben das Recht, binnen vierzehn Tagen ohne Angabe von Gr\u00fcnden diesen Vertrag zu widerrufen. Die Widerrufsfrist betr\u00e4gt vierzehn Tage ab [&hellip;]<\/p>","protected":false},"author":1,"featured_media":0,"parent":0,"menu_order":0,"comment_status":"closed","ping_status":"closed","template":"elementor_header_footer","meta":{"footnotes":""},"class_list":["post-805","page","type-page","status-publish","hentry"],"yoast_head":"<!-- This site is optimized with the Yoast SEO plugin v24.9 - https:\/\/yoast.com\/wordpress\/plugins\/seo\/ -->\n<title>Widerruf - Digitale Vignette Schweiz<\/title>\n<meta name=\"robots\" content=\"noindex, nofollow\" \/>\n<meta property=\"og:locale\" content=\"sl_SI\" \/>\n<meta property=\"og:type\" content=\"article\" \/>\n<meta property=\"og:title\" content=\"Widerruf - Digitale Vignette Schweiz\" \/>\n<meta property=\"og:description\" content=\"Widerrufsrecht Widerrufsbelehrung Gem\u00e4\u00df \u00a713 BGB haben Personen im Sinne dieses Gesetzes bei Abschluss eines Fernabsatzgesch\u00e4ftes grunds\u00e4tzlich ein gesetzliches Widerrufsrecht, \u00fcber welches die Himmele Verwaltungs GmbH entsprechend der gesetzlichen Vorgabe folgend informiert: Widerrufsbelehrung Sie als Dienstleistungsnutzer haben das Recht, binnen vierzehn Tagen ohne Angabe von Gr\u00fcnden diesen Vertrag zu widerrufen. Die Widerrufsfrist betr\u00e4gt vierzehn Tage ab [&hellip;]\" \/>\n<meta property=\"og:url\" content=\"https:\/\/schweiz-vignette.ch\/sl\/preklic\/\" \/>\n<meta property=\"og:site_name\" content=\"Digitale Vignette Schweiz\" \/>\n<meta property=\"article:modified_time\" content=\"2023-09-28T16:03:19+00:00\" \/>\n<meta name=\"twitter:card\" content=\"summary_large_image\" \/>\n<meta name=\"twitter:label1\" content=\"Est. reading time\" \/>\n\t<meta name=\"twitter:data1\" content=\"3 minute\" \/>\n<script type=\"application\/ld+json\" class=\"yoast-schema-graph\">{\"@context\":\"https:\/\/schema.org\",\"@graph\":[{\"@type\":\"WebPage\",\"@id\":\"https:\/\/schweiz-vignette.ch\/widerruf\/\",\"url\":\"https:\/\/schweiz-vignette.ch\/widerruf\/\",\"name\":\"Widerruf - Digitale Vignette Schweiz\",\"isPartOf\":{\"@id\":\"https:\/\/schweiz-vignette.ch\/#website\"},\"datePublished\":\"2023-09-28T11:23:37+00:00\",\"dateModified\":\"2023-09-28T16:03:19+00:00\",\"breadcrumb\":{\"@id\":\"https:\/\/schweiz-vignette.ch\/widerruf\/#breadcrumb\"},\"inLanguage\":\"sl-SI\",\"potentialAction\":[{\"@type\":\"ReadAction\",\"target\":[\"https:\/\/schweiz-vignette.ch\/widerruf\/\"]}]},{\"@type\":\"BreadcrumbList\",\"@id\":\"https:\/\/schweiz-vignette.ch\/widerruf\/#breadcrumb\",\"itemListElement\":[{\"@type\":\"ListItem\",\"position\":1,\"name\":\"Home\",\"item\":\"https:\/\/schweiz-vignette.ch\/\"},{\"@type\":\"ListItem\",\"position\":2,\"name\":\"Widerruf\"}]},{\"@type\":\"WebSite\",\"@id\":\"https:\/\/schweiz-vignette.ch\/#website\",\"url\":\"https:\/\/schweiz-vignette.ch\/\",\"name\":\"Digitale Vignette Schweiz\",\"description\":\"\",\"potentialAction\":[{\"@type\":\"SearchAction\",\"target\":{\"@type\":\"EntryPoint\",\"urlTemplate\":\"https:\/\/schweiz-vignette.ch\/?s={search_term_string}\"},\"query-input\":{\"@type\":\"PropertyValueSpecification\",\"valueRequired\":true,\"valueName\":\"search_term_string\"}}],\"inLanguage\":\"sl-SI\"}]}<\/script>\n<!-- \/ Yoast SEO plugin. -->","yoast_head_json":{"title":"Widerruf - Digitale Vignette Schweiz","robots":{"index":"noindex","follow":"nofollow"},"og_locale":"sl_SI","og_type":"article","og_title":"Widerruf - Digitale Vignette Schweiz","og_description":"Widerrufsrecht Widerrufsbelehrung Gem\u00e4\u00df \u00a713 BGB haben Personen im Sinne dieses Gesetzes bei Abschluss eines Fernabsatzgesch\u00e4ftes grunds\u00e4tzlich ein gesetzliches Widerrufsrecht, \u00fcber welches die Himmele Verwaltungs GmbH entsprechend der gesetzlichen Vorgabe folgend informiert: Widerrufsbelehrung Sie als Dienstleistungsnutzer haben das Recht, binnen vierzehn Tagen ohne Angabe von Gr\u00fcnden diesen Vertrag zu widerrufen. Die Widerrufsfrist betr\u00e4gt vierzehn Tage ab [&hellip;]","og_url":"https:\/\/schweiz-vignette.ch\/sl\/preklic\/","og_site_name":"Digitale Vignette Schweiz","article_modified_time":"2023-09-28T16:03:19+00:00","twitter_card":"summary_large_image","twitter_misc":{"Est. reading time":"3 minute"},"schema":{"@context":"https:\/\/schema.org","@graph":[{"@type":"WebPage","@id":"https:\/\/schweiz-vignette.ch\/widerruf\/","url":"https:\/\/schweiz-vignette.ch\/widerruf\/","name":"Widerruf - Digitale Vignette Schweiz","isPartOf":{"@id":"https:\/\/schweiz-vignette.ch\/#website"},"datePublished":"2023-09-28T11:23:37+00:00","dateModified":"2023-09-28T16:03:19+00:00","breadcrumb":{"@id":"https:\/\/schweiz-vignette.ch\/widerruf\/#breadcrumb"},"inLanguage":"sl-SI","potentialAction":[{"@type":"ReadAction","target":["https:\/\/schweiz-vignette.ch\/widerruf\/"]}]},{"@type":"BreadcrumbList","@id":"https:\/\/schweiz-vignette.ch\/widerruf\/#breadcrumb","itemListElement":[{"@type":"ListItem","position":1,"name":"Home","item":"https:\/\/schweiz-vignette.ch\/"},{"@type":"ListItem","position":2,"name":"Widerruf"}]},{"@type":"WebSite","@id":"https:\/\/schweiz-vignette.ch\/#website","url":"https:\/\/schweiz-vignette.ch\/","name":"Digitale Vignette Schweiz","description":"","potentialAction":[{"@type":"SearchAction","target":{"@type":"EntryPoint","urlTemplate":"https:\/\/schweiz-vignette.ch\/?s={search_term_string}"},"query-input":{"@type":"PropertyValueSpecification","valueRequired":true,"valueName":"search_term_string"}}],"inLanguage":"sl-SI"}]}},"_links":{"self":[{"href":"https:\/\/schweiz-vignette.ch\/sl\/wp-json\/wp\/v2\/pages\/805","targetHints":{"allow":["GET"]}}],"collection":[{"href":"https:\/\/schweiz-vignette.ch\/sl\/wp-json\/wp\/v2\/pages"}],"about":[{"href":"https:\/\/schweiz-vignette.ch\/sl\/wp-json\/wp\/v2\/types\/page"}],"author":[{"embeddable":true,"href":"https:\/\/schweiz-vignette.ch\/sl\/wp-json\/wp\/v2\/users\/1"}],"replies":[{"embeddable":true,"href":"https:\/\/schweiz-vignette.ch\/sl\/wp-json\/wp\/v2\/comments?post=805"}],"version-history":[{"count":8,"href":"https:\/\/schweiz-vignette.ch\/sl\/wp-json\/wp\/v2\/pages\/805\/revisions"}],"predecessor-version":[{"id":863,"href":"https:\/\/schweiz-vignette.ch\/sl\/wp-json\/wp\/v2\/pages\/805\/revisions\/863"}],"wp:attachment":[{"href":"https:\/\/schweiz-vignette.ch\/sl\/wp-json\/wp\/v2\/media?parent=805"}],"curies":[{"name":"wp","href":"https:\/\/api.w.org\/{rel}","templated":true}]}}