{"id":805,"date":"2023-09-28T11:23:37","date_gmt":"2023-09-28T11:23:37","guid":{"rendered":"https:\/\/schweiz-vignette.ch\/?page_id=805"},"modified":"2023-09-28T16:03:19","modified_gmt":"2023-09-28T16:03:19","slug":"widerruf","status":"publish","type":"page","link":"https:\/\/schweiz-vignette.ch\/sv\/aterkallelse\/","title":{"rendered":"\u00c5terkallelse"},"content":{"rendered":"<div data-elementor-type=\"wp-page\" data-elementor-id=\"805\" class=\"elementor elementor-805\" data-elementor-post-type=\"page\">\n\t\t\t\t\t\t<section class=\"elementor-section elementor-top-section elementor-element elementor-element-af3173c elementor-section-boxed elementor-section-height-default elementor-section-height-default\" data-id=\"af3173c\" data-element_type=\"section\" data-settings=\"{&quot;background_background&quot;:&quot;classic&quot;}\">\n\t\t\t\t\t\t\t<div class=\"elementor-background-overlay\"><\/div>\n\t\t\t\t\t\t\t<div class=\"elementor-container elementor-column-gap-default\">\n\t\t\t\t\t<div class=\"elementor-column elementor-col-100 elementor-top-column elementor-element elementor-element-69d08b0\" data-id=\"69d08b0\" data-element_type=\"column\">\n\t\t\t<div class=\"elementor-widget-wrap elementor-element-populated\">\n\t\t\t\t\t\t<div class=\"elementor-element elementor-element-269b57c elementor-widget elementor-widget-heading\" data-id=\"269b57c\" data-element_type=\"widget\" data-widget_type=\"heading.default\">\n\t\t\t\t<div class=\"elementor-widget-container\">\n\t\t\t\t\t<h1 class=\"elementor-heading-title elementor-size-default\">\u00c5ngerr\u00e4tt<\/h1>\t\t\t\t<\/div>\n\t\t\t\t<\/div>\n\t\t\t\t\t<\/div>\n\t\t<\/div>\n\t\t\t\t\t<\/div>\n\t\t<\/section>\n\t\t\t\t<section class=\"elementor-section elementor-top-section elementor-element elementor-element-cf8d447 elementor-section-boxed elementor-section-height-default elementor-section-height-default\" data-id=\"cf8d447\" data-element_type=\"section\">\n\t\t\t\t\t\t<div class=\"elementor-container elementor-column-gap-default\">\n\t\t\t\t\t<div class=\"elementor-column elementor-col-100 elementor-top-column elementor-element elementor-element-c93ecda\" data-id=\"c93ecda\" data-element_type=\"column\">\n\t\t\t<div class=\"elementor-widget-wrap elementor-element-populated\">\n\t\t\t\t\t\t<div class=\"elementor-element elementor-element-6b1090d elementor-widget elementor-widget-text-editor\" data-id=\"6b1090d\" data-element_type=\"widget\" data-widget_type=\"text-editor.default\">\n\t\t\t\t<div class=\"elementor-widget-container\">\n\t\t\t\t\t\t\t\t\t<p><strong>Avbokningsregler<\/strong><\/p><p>Enligt \u00a713 i den tyska civillagen (BGB) har personer i den mening som avses i denna lag en laglig \u00e5ngerr\u00e4tt vid ing\u00e5ende av en distansf\u00f6rs\u00e4ljningstransaktion, som Himmele Verwaltungs GmbH informerar om i enlighet med de r\u00e4ttsliga kraven:<\/p><p><em>Avbokningsregler<\/em><\/p><p>Som tj\u00e4nsteanv\u00e4ndare har du r\u00e4tt att fr\u00e5ntr\u00e4da detta avtal inom fjorton dagar utan att ange n\u00e5got sk\u00e4l. \u00c5ngerfristen \u00e4r fjorton dagar fr\u00e5n den dag d\u00e5 avtalet ingicks.<\/p><p>F\u00f6r att ut\u00f6va din \u00e5ngerr\u00e4tt m\u00e5ste du informera oss, Himmele Verwaltungs GmbH, Weststr. 30A, 8280 Kreuzlingen, kontakt@schweiz-vignette.ch om ditt beslut att fr\u00e5ntr\u00e4da detta avtal med hj\u00e4lp av en tydlig f\u00f6rklaring (t.ex. ett brev som skickas per post eller e-post). Du kan anv\u00e4nda den bifogade modellen f\u00f6r annulleringsformul\u00e4r f\u00f6r detta \u00e4ndam\u00e5l, vilket dock inte \u00e4r obligatoriskt.<\/p><p><em>Konsekvenser av \u00e5terkallelse:<\/em><\/p><p>Om det finns en effektiv avbokning kommer vi att \u00e5terbetala alla betalningar som vi har f\u00e5tt fr\u00e5n dig, inklusive leveranskostnaderna. Detta g\u00e4ller inte de kostnader som du har \u00e5dragit dig ytterligare p\u00e5 grund av att du har valt en annan typ av leverans \u00e4n den billigaste standardleveransen som erbjuds av Himmele Verwaltungs GmbH. \u00c5terbetalningen fr\u00e5n Himmele Verwaltungs GmbH kommer att g\u00f6ras omedelbart och senast inom 14 dagar efter mottagandet av \u00e5terkallelsen och med hj\u00e4lp av samma betalningsmedel som du anv\u00e4nde f\u00f6r betalningen, s\u00e5vida inte n\u00e5got annat uttryckligen har avtalats med dig. Du kommer inte att debiteras n\u00e5gra avgifter f\u00f6r denna \u00e5terbetalning.<\/p><p><em>Ers\u00e4ttning av v\u00e4rde:<\/em><\/p><p>Om du har beg\u00e4rt att vi ska p\u00e5b\u00f6rja tj\u00e4nsterna under \u00e5ngerfristen ska du betala oss ett sk\u00e4ligt belopp som motsvarar andelen av de tj\u00e4nster som redan tillhandah\u00e5llits fram till den tidpunkt d\u00e5 du meddelar oss om ut\u00f6vandet av \u00e5ngerr\u00e4tten med avseende p\u00e5 detta avtal j\u00e4mf\u00f6rt med den totala omfattningen av de tj\u00e4nster som f\u00f6reskrivs i avtalet. Ber\u00e4kningen av ers\u00e4ttningen ska g\u00f6ras med hj\u00e4lp av bankmetoden (varje m\u00e5nad ber\u00e4knas till 30 dagar, varje \u00e5r till 360 dagar) i proportion till priset f\u00f6r tj\u00e4nsten och den f\u00f6rflutna giltighetstiden.<\/p><p><em>\u00c5ngerr\u00e4tt f\u00f6r konsumenter<\/em><\/p><p><em>F\u00f6rtida upph\u00f6rande av \u00e5ngerr\u00e4tten<\/em><\/p><p>\u00c5ngerr\u00e4tten upph\u00f6r ocks\u00e5 vid ett avtal om tillhandah\u00e5llande av tj\u00e4nster om n\u00e4ringsidkaren har tillhandah\u00e5llit tj\u00e4nsten i sin helhet och har b\u00f6rjat utf\u00f6ra tj\u00e4nsten f\u00f6rst efter att du som konsument har gett ditt uttryckliga samtycke till detta och samtidigt har bekr\u00e4ftat att du k\u00e4nner till att du f\u00f6rlorar din \u00e5ngerr\u00e4tt n\u00e4r n\u00e4ringsidkaren har utf\u00f6rt avtalet i sin helhet. Enligt r\u00e4ttspraxis fr\u00e5n den regionala domstolen i Regensburg (diarienummer: \"1 HK O 1116\/22\" dom av den 28.03.2023) anses den tj\u00e4nst som beskrivs ovan ha utf\u00f6rts i sin helhet s\u00e5 snart registreringen av tj\u00e4nsteanv\u00e4ndarens registreringsnummer har utf\u00f6rts av tj\u00e4nsteleverant\u00f6ren och bekr\u00e4ftats f\u00f6r tj\u00e4nsteanv\u00e4ndaren. \u00c5ngerr\u00e4tten upph\u00f6r i f\u00f6rtid i detta fall.<\/p><p><em>- Slut p\u00e5 avbokningsreglerna -<\/em><\/p><p><em>Exempel p\u00e5 annulleringsformul\u00e4r<\/em><\/p><p>Om du vill h\u00e4va avtalet, v\u00e4nligen fyll i och returnera detta formul\u00e4r.<\/p><p>Till: Himmele Verwaltungs GmbH, Weststr. 30A, 8280 Kreuzlingen, CH<\/p><p>Jag\/vi (*) \u00e5terkallar h\u00e4rmed det avtal som ing\u00e5tts av mig\/oss (*) om tillhandah\u00e5llande av f\u00f6ljande tj\u00e4nst (best\u00e4llningsnummer*)<\/p><p>Best\u00e4lld den (*)\/ mottagen den (*)-.<\/p><p>Tj\u00e4nsteanv\u00e4ndarens namn<\/p><p>Adress till tj\u00e4nsteanv\u00e4ndaren<\/p><p>Tj\u00e4nsteanv\u00e4ndarens underskrift (endast f\u00f6r kommunikation p\u00e5 papper)<\/p><p>Datum<\/p><p>(*) Stryk det som inte \u00e4r till\u00e4mpligt<\/p><p>I h\u00e4ndelse av en obeh\u00f6rig \u00e5terbetalning av Tj\u00e4nsteanv\u00e4ndaren, till exempel genom att \u00f6ppna ett tvist\u00e4rende med Betalningsleverant\u00f6ren, kommer Tj\u00e4nsteanv\u00e4ndaren att f\u00e5 en p\u00e5minnelse som inneh\u00e5ller f\u00f6ljande avgifter fr\u00e5n de relevanta Betalningsleverant\u00f6rerna: Mollie (inkluderar betalningsleverant\u00f6rerna Giropay, Sofort\u00fcberweisung, iDEAL, EPS, \u00dcberweisung, Klarna) 5\u20ac, Stripe (kreditkort) 15\u20ac, Paypal 5\u20ac.<\/p>\t\t\t\t\t\t\t\t<\/div>\n\t\t\t\t<\/div>\n\t\t\t\t\t<\/div>\n\t\t<\/div>\n\t\t\t\t\t<\/div>\n\t\t<\/section>\n\t\t\t\t<\/div>","protected":false},"excerpt":{"rendered":"<p>Widerrufsrecht Widerrufsbelehrung Gem\u00e4\u00df \u00a713 BGB haben Personen im Sinne dieses Gesetzes bei Abschluss eines Fernabsatzgesch\u00e4ftes grunds\u00e4tzlich ein gesetzliches Widerrufsrecht, \u00fcber welches die Himmele Verwaltungs GmbH entsprechend der gesetzlichen Vorgabe folgend informiert: Widerrufsbelehrung Sie als Dienstleistungsnutzer haben das Recht, binnen vierzehn Tagen ohne Angabe von Gr\u00fcnden diesen Vertrag zu widerrufen. Die Widerrufsfrist betr\u00e4gt vierzehn Tage ab [&hellip;]<\/p>","protected":false},"author":1,"featured_media":0,"parent":0,"menu_order":0,"comment_status":"closed","ping_status":"closed","template":"elementor_header_footer","meta":{"footnotes":""},"class_list":["post-805","page","type-page","status-publish","hentry"],"yoast_head":"<!-- This site is optimized with the Yoast SEO plugin v24.9 - https:\/\/yoast.com\/wordpress\/plugins\/seo\/ -->\n<title>Widerruf - Digitale Vignette Schweiz<\/title>\n<meta name=\"robots\" content=\"noindex, nofollow\" \/>\n<meta property=\"og:locale\" content=\"sv_SE\" \/>\n<meta property=\"og:type\" content=\"article\" \/>\n<meta property=\"og:title\" content=\"Widerruf - Digitale Vignette Schweiz\" \/>\n<meta property=\"og:description\" content=\"Widerrufsrecht Widerrufsbelehrung Gem\u00e4\u00df \u00a713 BGB haben Personen im Sinne dieses Gesetzes bei Abschluss eines Fernabsatzgesch\u00e4ftes grunds\u00e4tzlich ein gesetzliches Widerrufsrecht, \u00fcber welches die Himmele Verwaltungs GmbH entsprechend der gesetzlichen Vorgabe folgend informiert: Widerrufsbelehrung Sie als Dienstleistungsnutzer haben das Recht, binnen vierzehn Tagen ohne Angabe von Gr\u00fcnden diesen Vertrag zu widerrufen. Die Widerrufsfrist betr\u00e4gt vierzehn Tage ab [&hellip;]\" \/>\n<meta property=\"og:url\" content=\"https:\/\/schweiz-vignette.ch\/sv\/aterkallelse\/\" \/>\n<meta property=\"og:site_name\" content=\"Digitale Vignette Schweiz\" \/>\n<meta property=\"article:modified_time\" content=\"2023-09-28T16:03:19+00:00\" \/>\n<meta name=\"twitter:card\" content=\"summary_large_image\" \/>\n<meta name=\"twitter:label1\" content=\"Ber\u00e4knad l\u00e4stid\" \/>\n\t<meta name=\"twitter:data1\" content=\"3 minuter\" \/>\n<script type=\"application\/ld+json\" class=\"yoast-schema-graph\">{\"@context\":\"https:\/\/schema.org\",\"@graph\":[{\"@type\":\"WebPage\",\"@id\":\"https:\/\/schweiz-vignette.ch\/widerruf\/\",\"url\":\"https:\/\/schweiz-vignette.ch\/widerruf\/\",\"name\":\"Widerruf - Digitale Vignette Schweiz\",\"isPartOf\":{\"@id\":\"https:\/\/schweiz-vignette.ch\/#website\"},\"datePublished\":\"2023-09-28T11:23:37+00:00\",\"dateModified\":\"2023-09-28T16:03:19+00:00\",\"breadcrumb\":{\"@id\":\"https:\/\/schweiz-vignette.ch\/widerruf\/#breadcrumb\"},\"inLanguage\":\"sv-SE\",\"potentialAction\":[{\"@type\":\"ReadAction\",\"target\":[\"https:\/\/schweiz-vignette.ch\/widerruf\/\"]}]},{\"@type\":\"BreadcrumbList\",\"@id\":\"https:\/\/schweiz-vignette.ch\/widerruf\/#breadcrumb\",\"itemListElement\":[{\"@type\":\"ListItem\",\"position\":1,\"name\":\"Home\",\"item\":\"https:\/\/schweiz-vignette.ch\/\"},{\"@type\":\"ListItem\",\"position\":2,\"name\":\"Widerruf\"}]},{\"@type\":\"WebSite\",\"@id\":\"https:\/\/schweiz-vignette.ch\/#website\",\"url\":\"https:\/\/schweiz-vignette.ch\/\",\"name\":\"Digitale Vignette Schweiz\",\"description\":\"\",\"potentialAction\":[{\"@type\":\"SearchAction\",\"target\":{\"@type\":\"EntryPoint\",\"urlTemplate\":\"https:\/\/schweiz-vignette.ch\/?s={search_term_string}\"},\"query-input\":{\"@type\":\"PropertyValueSpecification\",\"valueRequired\":true,\"valueName\":\"search_term_string\"}}],\"inLanguage\":\"sv-SE\"}]}<\/script>\n<!-- \/ Yoast SEO plugin. -->","yoast_head_json":{"title":"Widerruf - Digitale Vignette Schweiz","robots":{"index":"noindex","follow":"nofollow"},"og_locale":"sv_SE","og_type":"article","og_title":"Widerruf - Digitale Vignette Schweiz","og_description":"Widerrufsrecht Widerrufsbelehrung Gem\u00e4\u00df \u00a713 BGB haben Personen im Sinne dieses Gesetzes bei Abschluss eines Fernabsatzgesch\u00e4ftes grunds\u00e4tzlich ein gesetzliches Widerrufsrecht, \u00fcber welches die Himmele Verwaltungs GmbH entsprechend der gesetzlichen Vorgabe folgend informiert: Widerrufsbelehrung Sie als Dienstleistungsnutzer haben das Recht, binnen vierzehn Tagen ohne Angabe von Gr\u00fcnden diesen Vertrag zu widerrufen. Die Widerrufsfrist betr\u00e4gt vierzehn Tage ab [&hellip;]","og_url":"https:\/\/schweiz-vignette.ch\/sv\/aterkallelse\/","og_site_name":"Digitale Vignette Schweiz","article_modified_time":"2023-09-28T16:03:19+00:00","twitter_card":"summary_large_image","twitter_misc":{"Ber\u00e4knad l\u00e4stid":"3 minuter"},"schema":{"@context":"https:\/\/schema.org","@graph":[{"@type":"WebPage","@id":"https:\/\/schweiz-vignette.ch\/widerruf\/","url":"https:\/\/schweiz-vignette.ch\/widerruf\/","name":"Widerruf - Digitale Vignette Schweiz","isPartOf":{"@id":"https:\/\/schweiz-vignette.ch\/#website"},"datePublished":"2023-09-28T11:23:37+00:00","dateModified":"2023-09-28T16:03:19+00:00","breadcrumb":{"@id":"https:\/\/schweiz-vignette.ch\/widerruf\/#breadcrumb"},"inLanguage":"sv-SE","potentialAction":[{"@type":"ReadAction","target":["https:\/\/schweiz-vignette.ch\/widerruf\/"]}]},{"@type":"BreadcrumbList","@id":"https:\/\/schweiz-vignette.ch\/widerruf\/#breadcrumb","itemListElement":[{"@type":"ListItem","position":1,"name":"Home","item":"https:\/\/schweiz-vignette.ch\/"},{"@type":"ListItem","position":2,"name":"Widerruf"}]},{"@type":"WebSite","@id":"https:\/\/schweiz-vignette.ch\/#website","url":"https:\/\/schweiz-vignette.ch\/","name":"Digitale Vignette Schweiz","description":"","potentialAction":[{"@type":"SearchAction","target":{"@type":"EntryPoint","urlTemplate":"https:\/\/schweiz-vignette.ch\/?s={search_term_string}"},"query-input":{"@type":"PropertyValueSpecification","valueRequired":true,"valueName":"search_term_string"}}],"inLanguage":"sv-SE"}]}},"_links":{"self":[{"href":"https:\/\/schweiz-vignette.ch\/sv\/wp-json\/wp\/v2\/pages\/805","targetHints":{"allow":["GET"]}}],"collection":[{"href":"https:\/\/schweiz-vignette.ch\/sv\/wp-json\/wp\/v2\/pages"}],"about":[{"href":"https:\/\/schweiz-vignette.ch\/sv\/wp-json\/wp\/v2\/types\/page"}],"author":[{"embeddable":true,"href":"https:\/\/schweiz-vignette.ch\/sv\/wp-json\/wp\/v2\/users\/1"}],"replies":[{"embeddable":true,"href":"https:\/\/schweiz-vignette.ch\/sv\/wp-json\/wp\/v2\/comments?post=805"}],"version-history":[{"count":8,"href":"https:\/\/schweiz-vignette.ch\/sv\/wp-json\/wp\/v2\/pages\/805\/revisions"}],"predecessor-version":[{"id":863,"href":"https:\/\/schweiz-vignette.ch\/sv\/wp-json\/wp\/v2\/pages\/805\/revisions\/863"}],"wp:attachment":[{"href":"https:\/\/schweiz-vignette.ch\/sv\/wp-json\/wp\/v2\/media?parent=805"}],"curies":[{"name":"wp","href":"https:\/\/api.w.org\/{rel}","templated":true}]}}