{"id":825,"date":"2023-09-28T11:43:46","date_gmt":"2023-09-28T11:43:46","guid":{"rendered":"https:\/\/schweiz-vignette.ch\/?page_id=825"},"modified":"2023-09-28T16:03:07","modified_gmt":"2023-09-28T16:03:07","slug":"verbraucherinformation","status":"publish","type":"page","link":"https:\/\/schweiz-vignette.ch\/sv\/konsumentinformation\/","title":{"rendered":"Konsumentinformation"},"content":{"rendered":"<div data-elementor-type=\"wp-page\" data-elementor-id=\"825\" class=\"elementor elementor-825\" data-elementor-post-type=\"page\">\n\t\t\t\t\t\t<section class=\"elementor-section elementor-top-section elementor-element elementor-element-8008a3a elementor-section-boxed elementor-section-height-default elementor-section-height-default\" data-id=\"8008a3a\" data-element_type=\"section\" data-settings=\"{&quot;background_background&quot;:&quot;classic&quot;}\">\n\t\t\t\t\t\t\t<div class=\"elementor-background-overlay\"><\/div>\n\t\t\t\t\t\t\t<div class=\"elementor-container elementor-column-gap-default\">\n\t\t\t\t\t<div class=\"elementor-column elementor-col-100 elementor-top-column elementor-element elementor-element-836060b\" data-id=\"836060b\" data-element_type=\"column\">\n\t\t\t<div class=\"elementor-widget-wrap elementor-element-populated\">\n\t\t\t\t\t\t<div class=\"elementor-element elementor-element-7c3afaf elementor-widget elementor-widget-heading\" data-id=\"7c3afaf\" data-element_type=\"widget\" data-widget_type=\"heading.default\">\n\t\t\t\t<div class=\"elementor-widget-container\">\n\t\t\t\t\t<h1 class=\"elementor-heading-title elementor-size-default\">Konsumentinformation<\/h1>\t\t\t\t<\/div>\n\t\t\t\t<\/div>\n\t\t\t\t\t<\/div>\n\t\t<\/div>\n\t\t\t\t\t<\/div>\n\t\t<\/section>\n\t\t\t\t<section class=\"elementor-section elementor-top-section elementor-element elementor-element-b1040a3 elementor-section-boxed elementor-section-height-default elementor-section-height-default\" data-id=\"b1040a3\" data-element_type=\"section\">\n\t\t\t\t\t\t<div class=\"elementor-container elementor-column-gap-default\">\n\t\t\t\t\t<div class=\"elementor-column elementor-col-100 elementor-top-column elementor-element elementor-element-eb4d5f1\" data-id=\"eb4d5f1\" data-element_type=\"column\">\n\t\t\t<div class=\"elementor-widget-wrap elementor-element-populated\">\n\t\t\t\t\t\t<div class=\"elementor-element elementor-element-146e1c9 elementor-widget elementor-widget-text-editor\" data-id=\"146e1c9\" data-element_type=\"widget\" data-widget_type=\"text-editor.default\">\n\t\t\t\t<div class=\"elementor-widget-container\">\n\t\t\t\t\t\t\t\t\t<p>Registreringen av registreringsskyltarna sker omedelbart via de officiella v\u00e4gtullsbutikerna i respektive land p\u00e5 kundens beg\u00e4ran och utan v\u00e4ntetid, vilket kunden skulle beh\u00f6va iaktta vid k\u00f6p av tullprodukter i de officiella v\u00e4gtullsbutikerna online i vissa l\u00e4nder.<\/p><p>I v\u00e5rt erbjudande ing\u00e5r ocks\u00e5 en kundv\u00e4nlig best\u00e4llningsprocess och vi hj\u00e4lper dig g\u00e4rna med eventuella fr\u00e5gor via v\u00e5r kundsupport. F\u00f6r ovann\u00e4mnda tj\u00e4nster debiterar vi den behandlingsavgift som anges h\u00e4r, som l\u00e4ggs till priserna p\u00e5 tullprodukterna, som i sin tur best\u00e4ms av tulloperat\u00f6rerna i respektive land. Vid denna tidpunkt uppm\u00e4rksammar vi uttryckligen kunden p\u00e5 f\u00f6ljande omst\u00e4ndighet: F\u00f6r v\u00e4gtullsprodukter med en giltighetsstart efter 18 dagar g\u00e4ller inte merv\u00e4rdet f\u00f6r omedelbar anv\u00e4ndbarhet, eftersom den digitala v\u00e4gtullsprodukten i detta fall ocks\u00e5 kan best\u00e4llas direkt fr\u00e5n BAZG v\u00e4gtullsbutiken och blir giltig i tid. Om vi kan \u00f6vertyga dig med v\u00e5rt erbjudande \u00e4r vi naturligtvis glada om du \u00e4nd\u00e5 best\u00e4mmer dig f\u00f6r att registrera dig via oss.<\/p><p>F\u00f6r Schweiz fastst\u00e4lls priserna f\u00f6r digitala vinjetter och digitala v\u00e4gtullar av BAZG. Registrering av registreringsskyltar \u00e4r m\u00f6jlig f\u00f6r digitala vinjetter f\u00f6r 1 \u00e5r med en fast giltighetstid och digitala v\u00e4gavgifter f\u00f6r 1 resa, 2 resor eller \u00e5rsbiljetter med en giltighetstid p\u00e5 365 dagar fr\u00e5n registreringen.<\/p><p><strong>Priser<\/strong><\/p><p>Enhetliga priser g\u00e4ller f\u00f6r alla fordon och sl\u00e4pvagnar som omfattas av vinjetter - 49,90 euro f\u00f6r \u00e5rsvinjetter med registreringsavgifter p\u00e5 8,41 euro.<\/p>\t\t\t\t\t\t\t\t<\/div>\n\t\t\t\t<\/div>\n\t\t\t\t\t<\/div>\n\t\t<\/div>\n\t\t\t\t\t<\/div>\n\t\t<\/section>\n\t\t\t\t<\/div>","protected":false},"excerpt":{"rendered":"<p>Verbraucherinformation Die Registrierung der Kennzeichen erfolgt \u00fcber die offiziellen Mautshops der jeweiligen L\u00e4nder auf Wunsch des Kunden sofort und ohne Wartefrist, die der Kunde beim Erwerb der Mautprodukte in den offiziellen Online-Mautshops in einigen L\u00e4ndern einhalten m\u00fcsste. Unsere Angebot beinhaltet dar\u00fcber hinaus einen kundenfreundlichen Bestellprozess und wir helfen Ihnen \u00fcber unseren Kundensupport gerne bei Fragen. [&hellip;]<\/p>","protected":false},"author":1,"featured_media":0,"parent":0,"menu_order":0,"comment_status":"closed","ping_status":"closed","template":"elementor_header_footer","meta":{"footnotes":""},"class_list":["post-825","page","type-page","status-publish","hentry"],"yoast_head":"<!-- This site is optimized with the Yoast SEO plugin v24.9 - https:\/\/yoast.com\/wordpress\/plugins\/seo\/ -->\n<title>Verbraucherinformation - Digitale Vignette Schweiz<\/title>\n<meta name=\"robots\" content=\"noindex, nofollow\" \/>\n<meta property=\"og:locale\" content=\"sv_SE\" \/>\n<meta property=\"og:type\" content=\"article\" \/>\n<meta property=\"og:title\" content=\"Verbraucherinformation - Digitale Vignette Schweiz\" \/>\n<meta property=\"og:description\" content=\"Verbraucherinformation Die Registrierung der Kennzeichen erfolgt \u00fcber die offiziellen Mautshops der jeweiligen L\u00e4nder auf Wunsch des Kunden sofort und ohne Wartefrist, die der Kunde beim Erwerb der Mautprodukte in den offiziellen Online-Mautshops in einigen L\u00e4ndern einhalten m\u00fcsste. Unsere Angebot beinhaltet dar\u00fcber hinaus einen kundenfreundlichen Bestellprozess und wir helfen Ihnen \u00fcber unseren Kundensupport gerne bei Fragen. [&hellip;]\" \/>\n<meta property=\"og:url\" content=\"https:\/\/schweiz-vignette.ch\/sv\/konsumentinformation\/\" \/>\n<meta property=\"og:site_name\" content=\"Digitale Vignette Schweiz\" \/>\n<meta property=\"article:modified_time\" content=\"2023-09-28T16:03:07+00:00\" \/>\n<meta name=\"twitter:card\" content=\"summary_large_image\" \/>\n<meta name=\"twitter:label1\" content=\"Ber\u00e4knad l\u00e4stid\" \/>\n\t<meta name=\"twitter:data1\" content=\"2 minuter\" \/>\n<script type=\"application\/ld+json\" class=\"yoast-schema-graph\">{\"@context\":\"https:\/\/schema.org\",\"@graph\":[{\"@type\":\"WebPage\",\"@id\":\"https:\/\/schweiz-vignette.ch\/verbraucherinformation\/\",\"url\":\"https:\/\/schweiz-vignette.ch\/verbraucherinformation\/\",\"name\":\"Verbraucherinformation - Digitale Vignette Schweiz\",\"isPartOf\":{\"@id\":\"https:\/\/schweiz-vignette.ch\/#website\"},\"datePublished\":\"2023-09-28T11:43:46+00:00\",\"dateModified\":\"2023-09-28T16:03:07+00:00\",\"breadcrumb\":{\"@id\":\"https:\/\/schweiz-vignette.ch\/verbraucherinformation\/#breadcrumb\"},\"inLanguage\":\"sv-SE\",\"potentialAction\":[{\"@type\":\"ReadAction\",\"target\":[\"https:\/\/schweiz-vignette.ch\/verbraucherinformation\/\"]}]},{\"@type\":\"BreadcrumbList\",\"@id\":\"https:\/\/schweiz-vignette.ch\/verbraucherinformation\/#breadcrumb\",\"itemListElement\":[{\"@type\":\"ListItem\",\"position\":1,\"name\":\"Home\",\"item\":\"https:\/\/schweiz-vignette.ch\/\"},{\"@type\":\"ListItem\",\"position\":2,\"name\":\"Verbraucherinformation\"}]},{\"@type\":\"WebSite\",\"@id\":\"https:\/\/schweiz-vignette.ch\/#website\",\"url\":\"https:\/\/schweiz-vignette.ch\/\",\"name\":\"Digitale Vignette Schweiz\",\"description\":\"\",\"potentialAction\":[{\"@type\":\"SearchAction\",\"target\":{\"@type\":\"EntryPoint\",\"urlTemplate\":\"https:\/\/schweiz-vignette.ch\/?s={search_term_string}\"},\"query-input\":{\"@type\":\"PropertyValueSpecification\",\"valueRequired\":true,\"valueName\":\"search_term_string\"}}],\"inLanguage\":\"sv-SE\"}]}<\/script>\n<!-- \/ Yoast SEO plugin. -->","yoast_head_json":{"title":"Verbraucherinformation - Digitale Vignette Schweiz","robots":{"index":"noindex","follow":"nofollow"},"og_locale":"sv_SE","og_type":"article","og_title":"Verbraucherinformation - Digitale Vignette Schweiz","og_description":"Verbraucherinformation Die Registrierung der Kennzeichen erfolgt \u00fcber die offiziellen Mautshops der jeweiligen L\u00e4nder auf Wunsch des Kunden sofort und ohne Wartefrist, die der Kunde beim Erwerb der Mautprodukte in den offiziellen Online-Mautshops in einigen L\u00e4ndern einhalten m\u00fcsste. Unsere Angebot beinhaltet dar\u00fcber hinaus einen kundenfreundlichen Bestellprozess und wir helfen Ihnen \u00fcber unseren Kundensupport gerne bei Fragen. [&hellip;]","og_url":"https:\/\/schweiz-vignette.ch\/sv\/konsumentinformation\/","og_site_name":"Digitale Vignette Schweiz","article_modified_time":"2023-09-28T16:03:07+00:00","twitter_card":"summary_large_image","twitter_misc":{"Ber\u00e4knad l\u00e4stid":"2 minuter"},"schema":{"@context":"https:\/\/schema.org","@graph":[{"@type":"WebPage","@id":"https:\/\/schweiz-vignette.ch\/verbraucherinformation\/","url":"https:\/\/schweiz-vignette.ch\/verbraucherinformation\/","name":"Verbraucherinformation - Digitale Vignette Schweiz","isPartOf":{"@id":"https:\/\/schweiz-vignette.ch\/#website"},"datePublished":"2023-09-28T11:43:46+00:00","dateModified":"2023-09-28T16:03:07+00:00","breadcrumb":{"@id":"https:\/\/schweiz-vignette.ch\/verbraucherinformation\/#breadcrumb"},"inLanguage":"sv-SE","potentialAction":[{"@type":"ReadAction","target":["https:\/\/schweiz-vignette.ch\/verbraucherinformation\/"]}]},{"@type":"BreadcrumbList","@id":"https:\/\/schweiz-vignette.ch\/verbraucherinformation\/#breadcrumb","itemListElement":[{"@type":"ListItem","position":1,"name":"Home","item":"https:\/\/schweiz-vignette.ch\/"},{"@type":"ListItem","position":2,"name":"Verbraucherinformation"}]},{"@type":"WebSite","@id":"https:\/\/schweiz-vignette.ch\/#website","url":"https:\/\/schweiz-vignette.ch\/","name":"Digitale Vignette Schweiz","description":"","potentialAction":[{"@type":"SearchAction","target":{"@type":"EntryPoint","urlTemplate":"https:\/\/schweiz-vignette.ch\/?s={search_term_string}"},"query-input":{"@type":"PropertyValueSpecification","valueRequired":true,"valueName":"search_term_string"}}],"inLanguage":"sv-SE"}]}},"_links":{"self":[{"href":"https:\/\/schweiz-vignette.ch\/sv\/wp-json\/wp\/v2\/pages\/825","targetHints":{"allow":["GET"]}}],"collection":[{"href":"https:\/\/schweiz-vignette.ch\/sv\/wp-json\/wp\/v2\/pages"}],"about":[{"href":"https:\/\/schweiz-vignette.ch\/sv\/wp-json\/wp\/v2\/types\/page"}],"author":[{"embeddable":true,"href":"https:\/\/schweiz-vignette.ch\/sv\/wp-json\/wp\/v2\/users\/1"}],"replies":[{"embeddable":true,"href":"https:\/\/schweiz-vignette.ch\/sv\/wp-json\/wp\/v2\/comments?post=825"}],"version-history":[{"count":5,"href":"https:\/\/schweiz-vignette.ch\/sv\/wp-json\/wp\/v2\/pages\/825\/revisions"}],"predecessor-version":[{"id":862,"href":"https:\/\/schweiz-vignette.ch\/sv\/wp-json\/wp\/v2\/pages\/825\/revisions\/862"}],"wp:attachment":[{"href":"https:\/\/schweiz-vignette.ch\/sv\/wp-json\/wp\/v2\/media?parent=825"}],"curies":[{"name":"wp","href":"https:\/\/api.w.org\/{rel}","templated":true}]}}